{"id":10,"date":"2021-03-14T14:32:29","date_gmt":"2021-03-14T13:32:29","guid":{"rendered":"http:\/\/wordpress2167206.home.pl\/autoinstalator\/wordpressplugins3\/?page_id=10"},"modified":"2021-04-09T10:42:30","modified_gmt":"2021-04-09T08:42:30","slug":"o-nas-2","status":"publish","type":"page","link":"https:\/\/ancora.info.pl\/?page_id=10","title":{"rendered":"O nas"},"content":{"rendered":"\t\t<div data-elementor-type=\"wp-page\" data-elementor-id=\"10\" class=\"elementor elementor-10\">\n\t\t\t\t\t\t\t\t\t<section class=\"elementor-section elementor-top-section elementor-element elementor-element-37e49ab elementor-section-boxed elementor-section-height-default elementor-section-height-default\" data-id=\"37e49ab\" data-element_type=\"section\" data-settings=\"{&quot;_ha_eqh_enable&quot;:false}\">\n\t\t\t\t\t\t<div class=\"elementor-container elementor-column-gap-default\">\n\t\t\t\t\t<div class=\"elementor-column elementor-col-100 elementor-top-column elementor-element elementor-element-f25a0f6\" data-id=\"f25a0f6\" data-element_type=\"column\">\n\t\t\t<div class=\"elementor-widget-wrap elementor-element-populated\">\n\t\t\t\t\t\t\t\t<div class=\"elementor-element elementor-element-4de6023 elementor-widget elementor-widget-text-editor\" data-id=\"4de6023\" data-element_type=\"widget\" data-widget_type=\"text-editor.default\">\n\t\t\t\t<div class=\"elementor-widget-container\">\n\t\t\t\t\t\t\t<p>Witamy na stronie internetowej biura turystycznego &#8220;ANCORA&#8221;\u00a0<\/p>\t\t\t\t\t\t<\/div>\n\t\t\t\t<\/div>\n\t\t\t\t\t<\/div>\n\t\t<\/div>\n\t\t\t\t\t\t\t<\/div>\n\t\t<\/section>\n\t\t\t\t<section class=\"elementor-section elementor-top-section elementor-element elementor-element-0dfa2c8 elementor-section-boxed elementor-section-height-default elementor-section-height-default\" data-id=\"0dfa2c8\" data-element_type=\"section\" data-settings=\"{&quot;_ha_eqh_enable&quot;:false}\">\n\t\t\t\t\t\t<div class=\"elementor-container elementor-column-gap-default\">\n\t\t\t\t\t<div class=\"elementor-column elementor-col-100 elementor-top-column elementor-element elementor-element-d26768b\" data-id=\"d26768b\" data-element_type=\"column\">\n\t\t\t<div class=\"elementor-widget-wrap elementor-element-populated\">\n\t\t\t\t\t\t\t\t<div class=\"elementor-element elementor-element-2b8179e elementor-widget elementor-widget-text-editor\" data-id=\"2b8179e\" data-element_type=\"widget\" data-widget_type=\"text-editor.default\">\n\t\t\t\t<div class=\"elementor-widget-container\">\n\t\t\t\t\t\t\t<p>Jeste\u015bmy biurem podr\u00f3\u017cy dzia\u0142aj\u0105cym od 1995 roku, kt\u00f3re od pocz\u0105tku istnienia zaj\u0119\u0142o si\u0119 organizacj\u0105 wypoczynku zar\u00f3wno <br \/>w kraju jak i zagranic\u0105. Nasz\u0105 rekomendacj\u0105 s\u0105 zadowoleni klienci indywidualni, a tak\u017ce zak\u0142ady pracy oraz szko\u0142y <br \/>dla kt\u00f3rych organizujemy wypoczynek grupowy. Gwarantujemy profesjonaln\u0105, szybk\u0105 i rzeteln\u0105 realizacj\u0119 imprez <br \/>organizowanych przez nas. Wysokiej jako\u015bci tych us\u0142ug towarzyszy przyst\u0119pna cena. Imprezy maj\u0105 g\u0142\u00f3wnie charakter <br \/>sportowo-rekreacyjny, poniewa\u017c preferujemy aktywny wypoczynek. Prowadzimy tak\u017ce sprzeda\u017c agencyjn\u0105 dla wszystkich <br \/>klient\u00f3w. Wsp\u00f3\u0142pracujemy z najlepszymi biurami podr\u00f3\u017cy w Polsce.\u00a0<\/p>\t\t\t\t\t\t<\/div>\n\t\t\t\t<\/div>\n\t\t\t\t\t<\/div>\n\t\t<\/div>\n\t\t\t\t\t\t\t<\/div>\n\t\t<\/section>\n\t\t\t\t<section class=\"elementor-section elementor-top-section elementor-element elementor-element-d7ada78 elementor-section-boxed elementor-section-height-default elementor-section-height-default\" data-id=\"d7ada78\" data-element_type=\"section\" data-settings=\"{&quot;_ha_eqh_enable&quot;:false}\">\n\t\t\t\t\t\t<div class=\"elementor-container elementor-column-gap-default\">\n\t\t\t\t\t<div class=\"elementor-column elementor-col-100 elementor-top-column elementor-element elementor-element-9c85d81\" data-id=\"9c85d81\" data-element_type=\"column\">\n\t\t\t<div class=\"elementor-widget-wrap elementor-element-populated\">\n\t\t\t\t\t\t\t\t<div class=\"elementor-element elementor-element-7d0ef06 elementor-widget elementor-widget-text-editor\" data-id=\"7d0ef06\" data-element_type=\"widget\" data-widget_type=\"text-editor.default\">\n\t\t\t\t<div class=\"elementor-widget-container\">\n\t\t\t\t\t\t\t<p><strong>ZAPRASZAMY DO KONTAKTU I WSP\u00d3\u0141PRACY!<\/strong><\/p>\t\t\t\t\t\t<\/div>\n\t\t\t\t<\/div>\n\t\t\t\t\t<\/div>\n\t\t<\/div>\n\t\t\t\t\t\t\t<\/div>\n\t\t<\/section>\n\t\t\t\t<section class=\"elementor-section elementor-top-section elementor-element elementor-element-11cc00d elementor-section-boxed elementor-section-height-default elementor-section-height-default\" data-id=\"11cc00d\" data-element_type=\"section\" data-settings=\"{&quot;_ha_eqh_enable&quot;:false}\">\n\t\t\t\t\t\t<div class=\"elementor-container elementor-column-gap-default\">\n\t\t\t\t\t<div class=\"elementor-column elementor-col-100 elementor-top-column elementor-element elementor-element-179773b\" data-id=\"179773b\" data-element_type=\"column\">\n\t\t\t<div class=\"elementor-widget-wrap elementor-element-populated\">\n\t\t\t\t\t\t\t\t<div class=\"elementor-element elementor-element-dcda7b7 elementor-widget-divider--view-line elementor-widget elementor-widget-divider\" data-id=\"dcda7b7\" data-element_type=\"widget\" data-widget_type=\"divider.default\">\n\t\t\t\t<div class=\"elementor-widget-container\">\n\t\t\t\t\t<div class=\"elementor-divider\">\n\t\t\t<span class=\"elementor-divider-separator\">\n\t\t\t\t\t\t<\/span>\n\t\t<\/div>\n\t\t\t\t<\/div>\n\t\t\t\t<\/div>\n\t\t\t\t\t<\/div>\n\t\t<\/div>\n\t\t\t\t\t\t\t<\/div>\n\t\t<\/section>\n\t\t\t\t<section class=\"elementor-section elementor-top-section elementor-element elementor-element-3789baf elementor-section-boxed elementor-section-height-default elementor-section-height-default\" data-id=\"3789baf\" data-element_type=\"section\" data-settings=\"{&quot;_ha_eqh_enable&quot;:false}\">\n\t\t\t\t\t\t<div class=\"elementor-container elementor-column-gap-default\">\n\t\t\t\t\t<div class=\"elementor-column elementor-col-100 elementor-top-column elementor-element elementor-element-1a33b53 elementor-invisible\" data-id=\"1a33b53\" data-element_type=\"column\" data-settings=\"{&quot;animation&quot;:&quot;fadeInRight&quot;}\">\n\t\t\t<div class=\"elementor-widget-wrap elementor-element-populated\">\n\t\t\t\t\t\t\t\t<div class=\"elementor-element elementor-element-09c5464 elementor-widget elementor-widget-text-editor\" data-id=\"09c5464\" data-element_type=\"widget\" data-widget_type=\"text-editor.default\">\n\t\t\t\t<div class=\"elementor-widget-container\">\n\t\t\t\t\t\t\t<p><b>Realizujemy wszystkie kierunki,<br \/><\/b><b>zar\u00f3wno w Polsce jak i za granic\u0105!<\/b><\/p>\t\t\t\t\t\t<\/div>\n\t\t\t\t<\/div>\n\t\t\t\t\t<\/div>\n\t\t<\/div>\n\t\t\t\t\t\t\t<\/div>\n\t\t<\/section>\n\t\t\t\t\t\t\t<\/div>\n\t\t","protected":false},"excerpt":{"rendered":"<p>Witamy na stronie internetowej biura turystycznego &#8220;ANCORA&#8221;\u00a0 Jeste\u015bmy biurem podr\u00f3\u017cy dzia\u0142aj\u0105cym od 1995 roku, kt\u00f3re od pocz\u0105tku istnienia zaj\u0119\u0142o si\u0119 organizacj\u0105 wypoczynku zar\u00f3wno w kraju jak i zagranic\u0105. Nasz\u0105 rekomendacj\u0105 s\u0105 zadowoleni klienci indywidualni, a tak\u017ce zak\u0142ady pracy oraz szko\u0142y dla kt\u00f3rych organizujemy wypoczynek grupowy. Gwarantujemy profesjonaln\u0105, szybk\u0105 i rzeteln\u0105 realizacj\u0119 imprez organizowanych przez nas. &hellip;<\/p>\n<p class=\"read-more\"> <a class=\"\" href=\"https:\/\/ancora.info.pl\/?page_id=10\"> <span class=\"screen-reader-text\">O nas<\/span> Read More &raquo;<\/a><\/p>\n","protected":false},"author":1,"featured_media":0,"parent":0,"menu_order":0,"comment_status":"closed","ping_status":"closed","template":"","meta":[],"_links":{"self":[{"href":"https:\/\/ancora.info.pl\/index.php?rest_route=\/wp\/v2\/pages\/10"}],"collection":[{"href":"https:\/\/ancora.info.pl\/index.php?rest_route=\/wp\/v2\/pages"}],"about":[{"href":"https:\/\/ancora.info.pl\/index.php?rest_route=\/wp\/v2\/types\/page"}],"author":[{"embeddable":true,"href":"https:\/\/ancora.info.pl\/index.php?rest_route=\/wp\/v2\/users\/1"}],"replies":[{"embeddable":true,"href":"https:\/\/ancora.info.pl\/index.php?rest_route=%2Fwp%2Fv2%2Fcomments&post=10"}],"version-history":[{"count":25,"href":"https:\/\/ancora.info.pl\/index.php?rest_route=\/wp\/v2\/pages\/10\/revisions"}],"predecessor-version":[{"id":1091,"href":"https:\/\/ancora.info.pl\/index.php?rest_route=\/wp\/v2\/pages\/10\/revisions\/1091"}],"wp:attachment":[{"href":"https:\/\/ancora.info.pl\/index.php?rest_route=%2Fwp%2Fv2%2Fmedia&parent=10"}],"curies":[{"name":"wp","href":"https:\/\/api.w.org\/{rel}","templated":true}]}}