{"id":1043,"date":"2021-04-02T12:24:05","date_gmt":"2021-04-02T10:24:05","guid":{"rendered":"http:\/\/wordpress2167206.home.pl\/autoinstalator\/wordpressplugins3\/?page_id=1043"},"modified":"2021-04-02T12:43:32","modified_gmt":"2021-04-02T10:43:32","slug":"wlochy","status":"publish","type":"page","link":"https:\/\/ancora.info.pl\/?page_id=1043","title":{"rendered":"W\u0142ochy"},"content":{"rendered":"\t\t<div data-elementor-type=\"wp-page\" data-elementor-id=\"1043\" class=\"elementor elementor-1043\">\n\t\t\t\t\t\t\t\t\t<section class=\"elementor-section elementor-top-section elementor-element elementor-element-1b6d831 elementor-section-boxed elementor-section-height-default elementor-section-height-default\" data-id=\"1b6d831\" data-element_type=\"section\" data-settings=\"{&quot;_ha_eqh_enable&quot;:false}\">\n\t\t\t\t\t\t<div class=\"elementor-container elementor-column-gap-default\">\n\t\t\t\t\t<div class=\"elementor-column elementor-col-100 elementor-top-column elementor-element elementor-element-170effd\" data-id=\"170effd\" data-element_type=\"column\">\n\t\t\t<div class=\"elementor-widget-wrap elementor-element-populated\">\n\t\t\t\t\t\t\t\t<div class=\"elementor-element elementor-element-f39f5de elementor-widget elementor-widget-heading\" data-id=\"f39f5de\" data-element_type=\"widget\" data-widget_type=\"heading.default\">\n\t\t\t\t<div class=\"elementor-widget-container\">\n\t\t\t<h2 class=\"elementor-heading-title elementor-size-default\">W\u0141OCHY<\/h2>\t\t<\/div>\n\t\t\t\t<\/div>\n\t\t\t\t<div class=\"elementor-element elementor-element-3ed25ac elementor-widget elementor-widget-heading\" data-id=\"3ed25ac\" data-element_type=\"widget\" data-widget_type=\"heading.default\">\n\t\t\t\t<div class=\"elementor-widget-container\">\n\t\t\t<h2 class=\"elementor-heading-title elementor-size-default\">SIRMIONE - SAN MARINO - RZYM - WATYKAN - WENECJA<\/h2>\t\t<\/div>\n\t\t\t\t<\/div>\n\t\t\t\t\t<\/div>\n\t\t<\/div>\n\t\t\t\t\t\t\t<\/div>\n\t\t<\/section>\n\t\t\t\t<section class=\"elementor-section elementor-top-section elementor-element elementor-element-0d40539 elementor-section-boxed elementor-section-height-default elementor-section-height-default\" data-id=\"0d40539\" data-element_type=\"section\" data-settings=\"{&quot;_ha_eqh_enable&quot;:false}\">\n\t\t\t\t\t\t<div class=\"elementor-container elementor-column-gap-default\">\n\t\t\t\t\t<div class=\"elementor-column elementor-col-100 elementor-top-column elementor-element elementor-element-6c2c98a\" data-id=\"6c2c98a\" data-element_type=\"column\">\n\t\t\t<div class=\"elementor-widget-wrap elementor-element-populated\">\n\t\t\t\t\t\t\t\t<div class=\"elementor-element elementor-element-deb5dd1 elementor-widget-divider--view-line elementor-widget elementor-widget-divider\" data-id=\"deb5dd1\" data-element_type=\"widget\" data-widget_type=\"divider.default\">\n\t\t\t\t<div class=\"elementor-widget-container\">\n\t\t\t\t\t<div class=\"elementor-divider\">\n\t\t\t<span class=\"elementor-divider-separator\">\n\t\t\t\t\t\t<\/span>\n\t\t<\/div>\n\t\t\t\t<\/div>\n\t\t\t\t<\/div>\n\t\t\t\t\t<\/div>\n\t\t<\/div>\n\t\t\t\t\t\t\t<\/div>\n\t\t<\/section>\n\t\t\t\t<section class=\"elementor-section elementor-top-section elementor-element elementor-element-86cdede elementor-section-boxed elementor-section-height-default elementor-section-height-default\" data-id=\"86cdede\" data-element_type=\"section\" data-settings=\"{&quot;_ha_eqh_enable&quot;:false}\">\n\t\t\t\t\t\t<div class=\"elementor-container elementor-column-gap-default\">\n\t\t\t\t\t<div class=\"elementor-column elementor-col-33 elementor-top-column elementor-element elementor-element-bbc3153\" data-id=\"bbc3153\" data-element_type=\"column\">\n\t\t\t<div class=\"elementor-widget-wrap elementor-element-populated\">\n\t\t\t\t\t\t\t\t<div class=\"elementor-element elementor-element-c1464e1 elementor-widget elementor-widget-image\" data-id=\"c1464e1\" data-element_type=\"widget\" data-widget_type=\"image.default\">\n\t\t\t\t<div class=\"elementor-widget-container\">\n\t\t\t\t\t\t\t\t\t\t\t\t\t\t\t<img width=\"600\" height=\"400\" src=\"https:\/\/ancora.info.pl\/wp-content\/uploads\/2021\/04\/ancora-rzym-zielona-szkola-wlochy-600x400-1.jpg\" class=\"attachment-large size-large\" alt=\"\" loading=\"lazy\" srcset=\"https:\/\/ancora.info.pl\/wp-content\/uploads\/2021\/04\/ancora-rzym-zielona-szkola-wlochy-600x400-1.jpg 600w, https:\/\/ancora.info.pl\/wp-content\/uploads\/2021\/04\/ancora-rzym-zielona-szkola-wlochy-600x400-1-300x200.jpg 300w\" sizes=\"(max-width: 600px) 100vw, 600px\" \/>\t\t\t\t\t\t\t\t\t\t\t\t\t\t\t<\/div>\n\t\t\t\t<\/div>\n\t\t\t\t\t<\/div>\n\t\t<\/div>\n\t\t\t\t<div class=\"elementor-column elementor-col-33 elementor-top-column elementor-element elementor-element-71ff9b6\" data-id=\"71ff9b6\" data-element_type=\"column\">\n\t\t\t<div class=\"elementor-widget-wrap elementor-element-populated\">\n\t\t\t\t\t\t\t\t<div class=\"elementor-element elementor-element-b88e721 elementor-widget elementor-widget-image\" data-id=\"b88e721\" data-element_type=\"widget\" data-widget_type=\"image.default\">\n\t\t\t\t<div class=\"elementor-widget-container\">\n\t\t\t\t\t\t\t\t\t\t\t\t\t\t\t<img width=\"600\" height=\"400\" src=\"https:\/\/ancora.info.pl\/wp-content\/uploads\/2021\/04\/ancora-san-marino-zielona-szkola-wlochy-600x400-1.jpg\" class=\"attachment-large size-large\" alt=\"\" loading=\"lazy\" srcset=\"https:\/\/ancora.info.pl\/wp-content\/uploads\/2021\/04\/ancora-san-marino-zielona-szkola-wlochy-600x400-1.jpg 600w, https:\/\/ancora.info.pl\/wp-content\/uploads\/2021\/04\/ancora-san-marino-zielona-szkola-wlochy-600x400-1-300x200.jpg 300w\" sizes=\"(max-width: 600px) 100vw, 600px\" \/>\t\t\t\t\t\t\t\t\t\t\t\t\t\t\t<\/div>\n\t\t\t\t<\/div>\n\t\t\t\t\t<\/div>\n\t\t<\/div>\n\t\t\t\t<div class=\"elementor-column elementor-col-33 elementor-top-column elementor-element elementor-element-41d560f\" data-id=\"41d560f\" data-element_type=\"column\">\n\t\t\t<div class=\"elementor-widget-wrap elementor-element-populated\">\n\t\t\t\t\t\t\t\t<div class=\"elementor-element elementor-element-45dee0a elementor-widget elementor-widget-image\" data-id=\"45dee0a\" data-element_type=\"widget\" data-widget_type=\"image.default\">\n\t\t\t\t<div class=\"elementor-widget-container\">\n\t\t\t\t\t\t\t\t\t\t\t\t\t\t\t<img width=\"600\" height=\"400\" src=\"https:\/\/ancora.info.pl\/wp-content\/uploads\/2021\/04\/ancora-watykan-zielona-szkola-wlochy-600x400-1.jpg\" class=\"attachment-large size-large\" alt=\"\" loading=\"lazy\" srcset=\"https:\/\/ancora.info.pl\/wp-content\/uploads\/2021\/04\/ancora-watykan-zielona-szkola-wlochy-600x400-1.jpg 600w, https:\/\/ancora.info.pl\/wp-content\/uploads\/2021\/04\/ancora-watykan-zielona-szkola-wlochy-600x400-1-300x200.jpg 300w\" sizes=\"(max-width: 600px) 100vw, 600px\" \/>\t\t\t\t\t\t\t\t\t\t\t\t\t\t\t<\/div>\n\t\t\t\t<\/div>\n\t\t\t\t\t<\/div>\n\t\t<\/div>\n\t\t\t\t\t\t\t<\/div>\n\t\t<\/section>\n\t\t\t\t<section class=\"elementor-section elementor-top-section elementor-element elementor-element-3db88c7 elementor-section-boxed elementor-section-height-default elementor-section-height-default\" data-id=\"3db88c7\" data-element_type=\"section\" data-settings=\"{&quot;_ha_eqh_enable&quot;:false}\">\n\t\t\t\t\t\t<div class=\"elementor-container elementor-column-gap-default\">\n\t\t\t\t\t<div class=\"elementor-column elementor-col-33 elementor-top-column elementor-element elementor-element-bb8bf50\" data-id=\"bb8bf50\" data-element_type=\"column\">\n\t\t\t<div class=\"elementor-widget-wrap elementor-element-populated\">\n\t\t\t\t\t\t\t\t<div class=\"elementor-element elementor-element-25dcdf4 elementor-widget elementor-widget-image\" data-id=\"25dcdf4\" data-element_type=\"widget\" data-widget_type=\"image.default\">\n\t\t\t\t<div class=\"elementor-widget-container\">\n\t\t\t\t\t\t\t\t\t\t\t\t\t\t\t<img width=\"600\" height=\"400\" src=\"https:\/\/ancora.info.pl\/wp-content\/uploads\/2021\/04\/ancora-wenecja-zielona-szkola-wlochy-600x400-1.jpg\" class=\"attachment-large size-large\" alt=\"\" loading=\"lazy\" srcset=\"https:\/\/ancora.info.pl\/wp-content\/uploads\/2021\/04\/ancora-wenecja-zielona-szkola-wlochy-600x400-1.jpg 600w, https:\/\/ancora.info.pl\/wp-content\/uploads\/2021\/04\/ancora-wenecja-zielona-szkola-wlochy-600x400-1-300x200.jpg 300w\" sizes=\"(max-width: 600px) 100vw, 600px\" \/>\t\t\t\t\t\t\t\t\t\t\t\t\t\t\t<\/div>\n\t\t\t\t<\/div>\n\t\t\t\t\t<\/div>\n\t\t<\/div>\n\t\t\t\t<div class=\"elementor-column elementor-col-33 elementor-top-column elementor-element elementor-element-ba842a4\" data-id=\"ba842a4\" data-element_type=\"column\">\n\t\t\t<div class=\"elementor-widget-wrap elementor-element-populated\">\n\t\t\t\t\t\t\t\t<div class=\"elementor-element elementor-element-fe9e76c elementor-widget elementor-widget-image\" data-id=\"fe9e76c\" data-element_type=\"widget\" data-widget_type=\"image.default\">\n\t\t\t\t<div class=\"elementor-widget-container\">\n\t\t\t\t\t\t\t\t\t\t\t\t\t\t\t<img width=\"600\" height=\"400\" src=\"https:\/\/ancora.info.pl\/wp-content\/uploads\/2021\/04\/ancora-wlochy-zielona-szkola-600x400-1.jpg\" class=\"attachment-large size-large\" alt=\"\" loading=\"lazy\" srcset=\"https:\/\/ancora.info.pl\/wp-content\/uploads\/2021\/04\/ancora-wlochy-zielona-szkola-600x400-1.jpg 600w, https:\/\/ancora.info.pl\/wp-content\/uploads\/2021\/04\/ancora-wlochy-zielona-szkola-600x400-1-300x200.jpg 300w\" sizes=\"(max-width: 600px) 100vw, 600px\" \/>\t\t\t\t\t\t\t\t\t\t\t\t\t\t\t<\/div>\n\t\t\t\t<\/div>\n\t\t\t\t\t<\/div>\n\t\t<\/div>\n\t\t\t\t<div class=\"elementor-column elementor-col-33 elementor-top-column elementor-element elementor-element-d75c5d2\" data-id=\"d75c5d2\" data-element_type=\"column\">\n\t\t\t<div class=\"elementor-widget-wrap elementor-element-populated\">\n\t\t\t\t\t\t\t\t<div class=\"elementor-element elementor-element-b2ffd73 elementor-widget elementor-widget-image\" data-id=\"b2ffd73\" data-element_type=\"widget\" data-widget_type=\"image.default\">\n\t\t\t\t<div class=\"elementor-widget-container\">\n\t\t\t\t\t\t\t\t\t\t\t\t\t\t\t<img width=\"600\" height=\"400\" src=\"https:\/\/ancora.info.pl\/wp-content\/uploads\/2021\/04\/ancora-zielona-szkola-wlochy-600x400-1.jpg\" class=\"attachment-large size-large\" alt=\"\" loading=\"lazy\" srcset=\"https:\/\/ancora.info.pl\/wp-content\/uploads\/2021\/04\/ancora-zielona-szkola-wlochy-600x400-1.jpg 600w, https:\/\/ancora.info.pl\/wp-content\/uploads\/2021\/04\/ancora-zielona-szkola-wlochy-600x400-1-300x200.jpg 300w\" sizes=\"(max-width: 600px) 100vw, 600px\" \/>\t\t\t\t\t\t\t\t\t\t\t\t\t\t\t<\/div>\n\t\t\t\t<\/div>\n\t\t\t\t\t<\/div>\n\t\t<\/div>\n\t\t\t\t\t\t\t<\/div>\n\t\t<\/section>\n\t\t\t\t<section class=\"elementor-section elementor-top-section elementor-element elementor-element-71815d5 elementor-section-boxed elementor-section-height-default elementor-section-height-default\" data-id=\"71815d5\" data-element_type=\"section\" data-settings=\"{&quot;_ha_eqh_enable&quot;:false}\">\n\t\t\t\t\t\t<div class=\"elementor-container elementor-column-gap-default\">\n\t\t\t\t\t<div class=\"elementor-column elementor-col-100 elementor-top-column elementor-element elementor-element-6235412\" data-id=\"6235412\" data-element_type=\"column\">\n\t\t\t<div class=\"elementor-widget-wrap elementor-element-populated\">\n\t\t\t\t\t\t\t\t<div class=\"elementor-element elementor-element-25f01ac elementor-widget-divider--view-line elementor-widget elementor-widget-divider\" data-id=\"25f01ac\" data-element_type=\"widget\" data-widget_type=\"divider.default\">\n\t\t\t\t<div class=\"elementor-widget-container\">\n\t\t\t\t\t<div class=\"elementor-divider\">\n\t\t\t<span class=\"elementor-divider-separator\">\n\t\t\t\t\t\t<\/span>\n\t\t<\/div>\n\t\t\t\t<\/div>\n\t\t\t\t<\/div>\n\t\t\t\t\t<\/div>\n\t\t<\/div>\n\t\t\t\t\t\t\t<\/div>\n\t\t<\/section>\n\t\t\t\t<section class=\"elementor-section elementor-top-section elementor-element elementor-element-d244a49 elementor-section-boxed elementor-section-height-default elementor-section-height-default\" data-id=\"d244a49\" data-element_type=\"section\" data-settings=\"{&quot;_ha_eqh_enable&quot;:false}\">\n\t\t\t\t\t\t<div class=\"elementor-container elementor-column-gap-default\">\n\t\t\t\t\t<div class=\"elementor-column elementor-col-100 elementor-top-column elementor-element elementor-element-e8eb9a0\" data-id=\"e8eb9a0\" data-element_type=\"column\">\n\t\t\t<div class=\"elementor-widget-wrap elementor-element-populated\">\n\t\t\t\t\t\t\t\t<div class=\"elementor-element elementor-element-ad9c532 elementor-widget elementor-widget-heading\" data-id=\"ad9c532\" data-element_type=\"widget\" data-widget_type=\"heading.default\">\n\t\t\t\t<div class=\"elementor-widget-container\">\n\t\t\t<h2 class=\"elementor-heading-title elementor-size-default\">PROGRAM*<\/h2>\t\t<\/div>\n\t\t\t\t<\/div>\n\t\t\t\t\t<\/div>\n\t\t<\/div>\n\t\t\t\t\t\t\t<\/div>\n\t\t<\/section>\n\t\t\t\t<section class=\"elementor-section elementor-top-section elementor-element elementor-element-6859a7e elementor-section-boxed elementor-section-height-default elementor-section-height-default\" data-id=\"6859a7e\" data-element_type=\"section\" data-settings=\"{&quot;_ha_eqh_enable&quot;:false}\">\n\t\t\t\t\t\t<div class=\"elementor-container elementor-column-gap-default\">\n\t\t\t\t\t<div class=\"elementor-column elementor-col-100 elementor-top-column elementor-element elementor-element-488ceb0\" data-id=\"488ceb0\" data-element_type=\"column\">\n\t\t\t<div class=\"elementor-widget-wrap elementor-element-populated\">\n\t\t\t\t\t\t\t\t<div class=\"elementor-element elementor-element-4d471ad elementor-widget elementor-widget-text-editor\" data-id=\"4d471ad\" data-element_type=\"widget\" data-widget_type=\"text-editor.default\">\n\t\t\t\t<div class=\"elementor-widget-container\">\n\t\t\t\t\t\t\t<p><strong>DZIE\u0143 I<\/strong><br \/>Wyjazd z Cz\u0119stochowy. Przejazd przez Czechy i Austri\u0119, przejazd do W\u0142och.<\/p><p><strong>DZIE\u0143 II<\/strong><br \/>Przejazd nad Jezioro Lago di Garda &#8211; jezioro w p\u00f3\u0142nocnych W\u0142oszech, najwi\u0119ksze i najczystsze jezioro tego kraju. Po\u0142o\u017cone w po\u0142owie drogi mi\u0119dzy Wenecj\u0105 a Mediolanem, zwiedzanie miasteczka Sirmione &#8211; centrum miasta le\u017cy na p\u00f3\u0142wyspie na Jeziorze Garda. W mie\u015bcie znajduj\u0105 si\u0119 pozosta\u0142o\u015bci rzymskich i \u015bredniowiecznych budowli. Nast\u0119pnie przejazd do miejscowo\u015bci San Mauro Mare, zakwaterowanie w hotelu Villa Celeste***, obiadokolacja, spacer po okolicy, nocleg.<\/p><p><strong>DZIE\u0143 III<\/strong> <br \/>\u015aniadanie, spacer do miejscowo\u015bci Bellaria, lunch, wycieczka do San Marino. Pocz\u0105tki San Marino si\u0119gaj\u0105 301 roku, gdy chrze\u015bcija\u0144ski budowniczy zwany \u015awi\u0119tym Marinusem uciekaj\u0105c przed prze\u015bladowaniami cesarza Dioklecjana schroni\u0142 si\u0119 na szczycie Monte Titano (756 m n.p.m.) i za\u0142o\u017cy\u0142 tam ma\u0142\u0105 chrze\u015bcija\u0144sk\u0105 wsp\u00f3lnot\u0119. Powr\u00f3t do hotelu na kolacj\u0119, nocleg.<\/p><p><strong>DZIE\u0143 IV<\/strong><br \/>\u015aniadanie, przejazd do parku Mirabilandia &#8211; najwi\u0119kszy w\u0142oski park rozrywki. Park znajduje si\u0119 w Savio gmina Cervia w Emilia-Romania, niedaleko Rawenny. Park zajmuje obszar 30 ha, a dodatkowe 10 ha powierzchni przypada na obszar wodny. Weso\u0142e miasteczko podzielone jest na siedem stref:<br \/>&#8211; Bimboboli \u2013 gdzie znajduj\u0105 si\u0119 atrakcje dladzieci, <br \/>&#8211; Adventureland \u2013 z atrakcjami przygodowymi,<br \/>&#8211; La citta di Sian Ka&#8217;an \u2013 atrakcje z Krainy Maj\u00f3w,<br \/>&#8211; La vecchia Europa \u2013 tradycyjne weso\u0142e miasteczko,<br \/>&#8211; Motorworld \u2013 atrakcje zwi\u0105zane z pojazdami wodnymi, drogowymi i szynowymi,<br \/>&#8211; Dolcevita Studios,<br \/>&#8211; Mirabilandia Beach \u2013 pla\u017ca z basenami i zje\u017cd\u017calniami.<br \/>Ca\u0142odzienny pobyt, obiadokolacja, nocleg.<\/p><p><strong>DZIE\u0143 V<\/strong> <br \/>\u015aniadanie. Przejazd do Rzymu. Zwiedzanie: plac Wenecki, Kapitol. Indywidualne wej\u015bcie do Muze\u00f3w Kapitoli\u0144skich. Nast\u0119pnie wej\u015bcie do Forum Romanum i Koloseum. Wizyta w Bazylice \u015bw. Jana na Laterranie, jednej z pierwszych siedzib papieskich ; \u015awi\u0119te Schody. Spacer po najpi\u0119kniejszych placach Wiecznego Miasta. Przej\u015bcie Piazza di Trevi \u2013 plac z monumentaln\u0105 fontann\u0105 di Trevi, a nast\u0119pnie do s\u0142ynnych Schod\u00f3w Hiszpa\u0144skich. . Przejazd do miejscowo\u015bci Fiuggi. Zakwaterowanie w hotelu \u201eAmbrosi\u201d. Obiadokolacja. Nocleg.<\/p><p><strong>DZIE\u0143 VI<\/strong><br \/>\u015aniadanie, Przejazd do Watykanu. Zwiedzanie placu i wn\u0119trza Bazyliki \u015bw. Piotra. Wizyta w miejscu spoczynku Jana Paw\u0142a II. Wej\u015bcie do Muze\u00f3w Watyka\u0144skich z Kaplic\u0105 Syksty\u0144sk\u0105. Przejazd do hotelu w San Mauro Mare \u2013 Villa Celeste. Obiadokolacja, nocleg.<\/p><p><strong>DZIE\u0143 VII<\/strong><br \/>\u015aniadanie. Przyjazd do miejscowo\u015bci Chioggia &#8211; rejs statkiem do Wenecji zwiedzanie z przewodnikiem, m.in: Campanilla, Plac \u015bw. Marka, Pa\u0142ac Do\u017c\u00f3w, Most Westchnie\u0144, Bazylika \u015bw. Marka , Ponte Rialto Wyjazd w drog\u0119 powrotn\u0105.<\/p><p><strong>DZIE\u0143 VIII<\/strong> <br \/>Powr\u00f3t do Cz\u0119stochowy.<\/p><p><strong>*Program jest ramowy i mo\u017ce ulec zmianie w zale\u017cno\u015bci od potrzeb grupy.<\/strong><\/p>\t\t\t\t\t\t<\/div>\n\t\t\t\t<\/div>\n\t\t\t\t\t<\/div>\n\t\t<\/div>\n\t\t\t\t\t\t\t<\/div>\n\t\t<\/section>\n\t\t\t\t<section class=\"elementor-section elementor-top-section elementor-element elementor-element-a1e90d7 elementor-section-boxed elementor-section-height-default elementor-section-height-default\" data-id=\"a1e90d7\" data-element_type=\"section\" data-settings=\"{&quot;_ha_eqh_enable&quot;:false}\">\n\t\t\t\t\t\t<div class=\"elementor-container elementor-column-gap-default\">\n\t\t\t\t\t<div class=\"elementor-column elementor-col-100 elementor-top-column elementor-element elementor-element-cdf064d\" data-id=\"cdf064d\" data-element_type=\"column\">\n\t\t\t<div class=\"elementor-widget-wrap elementor-element-populated\">\n\t\t\t\t\t\t\t\t<div class=\"elementor-element elementor-element-a589df9 elementor-widget-divider--view-line elementor-widget elementor-widget-divider\" data-id=\"a589df9\" data-element_type=\"widget\" data-widget_type=\"divider.default\">\n\t\t\t\t<div class=\"elementor-widget-container\">\n\t\t\t\t\t<div class=\"elementor-divider\">\n\t\t\t<span class=\"elementor-divider-separator\">\n\t\t\t\t\t\t<\/span>\n\t\t<\/div>\n\t\t\t\t<\/div>\n\t\t\t\t<\/div>\n\t\t\t\t\t<\/div>\n\t\t<\/div>\n\t\t\t\t\t\t\t<\/div>\n\t\t<\/section>\n\t\t\t\t<section class=\"elementor-section elementor-top-section elementor-element elementor-element-0e167e3 elementor-section-boxed elementor-section-height-default elementor-section-height-default\" data-id=\"0e167e3\" data-element_type=\"section\" data-settings=\"{&quot;_ha_eqh_enable&quot;:false}\">\n\t\t\t\t\t\t<div class=\"elementor-container elementor-column-gap-default\">\n\t\t\t\t\t<div class=\"elementor-column elementor-col-100 elementor-top-column elementor-element elementor-element-4da0ffd\" data-id=\"4da0ffd\" data-element_type=\"column\">\n\t\t\t<div class=\"elementor-widget-wrap elementor-element-populated\">\n\t\t\t\t\t\t\t\t<div class=\"elementor-element elementor-element-ae719dd elementor-widget elementor-widget-text-editor\" data-id=\"ae719dd\" data-element_type=\"widget\" data-widget_type=\"text-editor.default\">\n\t\t\t\t<div class=\"elementor-widget-container\">\n\t\t\t\t\t\t\t<p><strong>CENA ZAWIERA:<br \/><\/strong>&#8211; przejazd autokarem klasy turystycznej,<br \/>&#8211; 5 nocleg\u00f3w,<br \/>&#8211; wy\u017cywienie \u2013 3 x dziennie \/\u015bniadanie, lunch, kolacja\/, <br \/>&#8211; ubezpieczenie NNW, KL,<br \/>&#8211; opieka pilota \u2013przewodnika,<br \/>&#8211; lokalnych przewodnik\u00f3w.<\/p>\t\t\t\t\t\t<\/div>\n\t\t\t\t<\/div>\n\t\t\t\t\t<\/div>\n\t\t<\/div>\n\t\t\t\t\t\t\t<\/div>\n\t\t<\/section>\n\t\t\t\t<section class=\"elementor-section elementor-top-section elementor-element elementor-element-71a684f elementor-section-boxed elementor-section-height-default elementor-section-height-default\" data-id=\"71a684f\" data-element_type=\"section\" data-settings=\"{&quot;_ha_eqh_enable&quot;:false}\">\n\t\t\t\t\t\t<div class=\"elementor-container elementor-column-gap-default\">\n\t\t\t\t\t<div class=\"elementor-column elementor-col-100 elementor-top-column elementor-element elementor-element-481d067\" data-id=\"481d067\" data-element_type=\"column\">\n\t\t\t<div class=\"elementor-widget-wrap elementor-element-populated\">\n\t\t\t\t\t\t\t\t<div class=\"elementor-element elementor-element-2804e82 elementor-widget elementor-widget-text-editor\" data-id=\"2804e82\" data-element_type=\"widget\" data-widget_type=\"text-editor.default\">\n\t\t\t\t<div class=\"elementor-widget-container\">\n\t\t\t\t\t\t\t<p><strong>CENA NIE ZAWIERA:<br \/><\/strong>&#8211; bilet\u00f3w wst\u0119pu do zwiedzanych obiekt\u00f3w.<\/p>\t\t\t\t\t\t<\/div>\n\t\t\t\t<\/div>\n\t\t\t\t\t<\/div>\n\t\t<\/div>\n\t\t\t\t\t\t\t<\/div>\n\t\t<\/section>\n\t\t\t\t<section class=\"elementor-section elementor-top-section elementor-element elementor-element-cad50cf elementor-section-boxed elementor-section-height-default elementor-section-height-default\" data-id=\"cad50cf\" data-element_type=\"section\" data-settings=\"{&quot;_ha_eqh_enable&quot;:false}\">\n\t\t\t\t\t\t<div class=\"elementor-container elementor-column-gap-default\">\n\t\t\t\t\t<div class=\"elementor-column elementor-col-100 elementor-top-column elementor-element elementor-element-2a027cf\" data-id=\"2a027cf\" data-element_type=\"column\">\n\t\t\t<div class=\"elementor-widget-wrap elementor-element-populated\">\n\t\t\t\t\t\t\t\t<div class=\"elementor-element elementor-element-47a0cf4 elementor-widget-divider--view-line elementor-widget elementor-widget-divider\" data-id=\"47a0cf4\" data-element_type=\"widget\" data-widget_type=\"divider.default\">\n\t\t\t\t<div class=\"elementor-widget-container\">\n\t\t\t\t\t<div class=\"elementor-divider\">\n\t\t\t<span class=\"elementor-divider-separator\">\n\t\t\t\t\t\t<\/span>\n\t\t<\/div>\n\t\t\t\t<\/div>\n\t\t\t\t<\/div>\n\t\t\t\t\t<\/div>\n\t\t<\/div>\n\t\t\t\t\t\t\t<\/div>\n\t\t<\/section>\n\t\t\t\t\t\t\t<\/div>\n\t\t","protected":false},"excerpt":{"rendered":"<p>W\u0141OCHY SIRMIONE &#8211; SAN MARINO &#8211; RZYM &#8211; WATYKAN &#8211; WENECJA PROGRAM* DZIE\u0143 IWyjazd z Cz\u0119stochowy. Przejazd przez Czechy i Austri\u0119, przejazd do W\u0142och. DZIE\u0143 IIPrzejazd nad Jezioro Lago di Garda &#8211; jezioro w p\u00f3\u0142nocnych W\u0142oszech, najwi\u0119ksze i najczystsze jezioro tego kraju. Po\u0142o\u017cone w po\u0142owie drogi mi\u0119dzy Wenecj\u0105 a Mediolanem, zwiedzanie miasteczka Sirmione &#8211; centrum &hellip;<\/p>\n<p class=\"read-more\"> <a class=\"\" href=\"https:\/\/ancora.info.pl\/?page_id=1043\"> <span class=\"screen-reader-text\">W\u0142ochy<\/span> Read More &raquo;<\/a><\/p>\n","protected":false},"author":1,"featured_media":0,"parent":0,"menu_order":0,"comment_status":"closed","ping_status":"closed","template":"","meta":[],"_links":{"self":[{"href":"https:\/\/ancora.info.pl\/index.php?rest_route=\/wp\/v2\/pages\/1043"}],"collection":[{"href":"https:\/\/ancora.info.pl\/index.php?rest_route=\/wp\/v2\/pages"}],"about":[{"href":"https:\/\/ancora.info.pl\/index.php?rest_route=\/wp\/v2\/types\/page"}],"author":[{"embeddable":true,"href":"https:\/\/ancora.info.pl\/index.php?rest_route=\/wp\/v2\/users\/1"}],"replies":[{"embeddable":true,"href":"https:\/\/ancora.info.pl\/index.php?rest_route=%2Fwp%2Fv2%2Fcomments&post=1043"}],"version-history":[{"count":7,"href":"https:\/\/ancora.info.pl\/index.php?rest_route=\/wp\/v2\/pages\/1043\/revisions"}],"predecessor-version":[{"id":1059,"href":"https:\/\/ancora.info.pl\/index.php?rest_route=\/wp\/v2\/pages\/1043\/revisions\/1059"}],"wp:attachment":[{"href":"https:\/\/ancora.info.pl\/index.php?rest_route=%2Fwp%2Fv2%2Fmedia&parent=1043"}],"curies":[{"name":"wp","href":"https:\/\/api.w.org\/{rel}","templated":true}]}}