{"id":1398,"date":"2022-01-21T13:32:11","date_gmt":"2022-01-21T12:32:11","guid":{"rendered":"https:\/\/ancora.info.pl\/?page_id=1398"},"modified":"2023-03-08T12:27:48","modified_gmt":"2023-03-08T11:27:48","slug":"kolonie","status":"publish","type":"page","link":"https:\/\/ancora.info.pl\/?page_id=1398","title":{"rendered":"Kolonie"},"content":{"rendered":"\t\t<div data-elementor-type=\"wp-page\" data-elementor-id=\"1398\" class=\"elementor elementor-1398\">\n\t\t\t\t\t\t\t\t\t<section class=\"elementor-section elementor-top-section elementor-element elementor-element-ad92adb elementor-section-boxed elementor-section-height-default elementor-section-height-default\" data-id=\"ad92adb\" data-element_type=\"section\" data-settings=\"{&quot;_ha_eqh_enable&quot;:false}\">\n\t\t\t\t\t\t<div class=\"elementor-container elementor-column-gap-default\">\n\t\t\t\t\t<div class=\"elementor-column elementor-col-100 elementor-top-column elementor-element elementor-element-c7334e3\" data-id=\"c7334e3\" data-element_type=\"column\">\n\t\t\t<div class=\"elementor-widget-wrap elementor-element-populated\">\n\t\t\t\t\t\t\t\t<div class=\"elementor-element elementor-element-11bfd00 elementor-widget elementor-widget-text-editor\" data-id=\"11bfd00\" data-element_type=\"widget\" data-widget_type=\"text-editor.default\">\n\t\t\t\t<div class=\"elementor-widget-container\">\n\t\t\t\t\t\t\t<p>Kolonie<br \/><span style=\"font-style: inherit; font-weight: inherit;\">OFERTA 2023 r.<\/span><\/p>\t\t\t\t\t\t<\/div>\n\t\t\t\t<\/div>\n\t\t\t\t\t<\/div>\n\t\t<\/div>\n\t\t\t\t\t\t\t<\/div>\n\t\t<\/section>\n\t\t\t\t<section class=\"elementor-section elementor-top-section elementor-element elementor-element-ff9d801 elementor-section-boxed elementor-section-height-default elementor-section-height-default\" data-id=\"ff9d801\" data-element_type=\"section\" data-settings=\"{&quot;_ha_eqh_enable&quot;:false}\">\n\t\t\t\t\t\t<div class=\"elementor-container elementor-column-gap-default\">\n\t\t\t\t\t<div class=\"elementor-column elementor-col-50 elementor-top-column elementor-element elementor-element-9c8095d\" data-id=\"9c8095d\" data-element_type=\"column\">\n\t\t\t<div class=\"elementor-widget-wrap elementor-element-populated\">\n\t\t\t\t\t\t\t\t<div class=\"elementor-element elementor-element-372a364 elementor-widget elementor-widget-heading\" data-id=\"372a364\" data-element_type=\"widget\" data-widget_type=\"heading.default\">\n\t\t\t\t<div class=\"elementor-widget-container\">\n\t\t\t<h2 class=\"elementor-heading-title elementor-size-default\">Wigry<\/h2>\t\t<\/div>\n\t\t\t\t<\/div>\n\t\t\t\t<div class=\"elementor-element elementor-element-14757b2 elementor-widget elementor-widget-image\" data-id=\"14757b2\" data-element_type=\"widget\" data-widget_type=\"image.default\">\n\t\t\t\t<div class=\"elementor-widget-container\">\n\t\t\t\t\t\t\t\t\t\t\t\t\t\t\t\t<a href=\"https:\/\/ancora.info.pl\/?page_id=789\">\n\t\t\t\t\t\t\t<img width=\"1024\" height=\"683\" src=\"https:\/\/ancora.info.pl\/wp-content\/uploads\/2021\/03\/ancora-wigry-1024x683.jpg\" class=\"attachment-large size-large\" alt=\"\" loading=\"lazy\" srcset=\"https:\/\/ancora.info.pl\/wp-content\/uploads\/2021\/03\/ancora-wigry-1024x683.jpg 1024w, https:\/\/ancora.info.pl\/wp-content\/uploads\/2021\/03\/ancora-wigry-300x200.jpg 300w, https:\/\/ancora.info.pl\/wp-content\/uploads\/2021\/03\/ancora-wigry-768x512.jpg 768w, https:\/\/ancora.info.pl\/wp-content\/uploads\/2021\/03\/ancora-wigry-1536x1024.jpg 1536w, https:\/\/ancora.info.pl\/wp-content\/uploads\/2021\/03\/ancora-wigry.jpg 1920w\" sizes=\"(max-width: 1024px) 100vw, 1024px\" \/>\t\t\t\t\t\t\t\t<\/a>\n\t\t\t\t\t\t\t\t\t\t\t\t\t\t\t<\/div>\n\t\t\t\t<\/div>\n\t\t\t\t\t<\/div>\n\t\t<\/div>\n\t\t\t\t<div class=\"elementor-column elementor-col-50 elementor-top-column elementor-element elementor-element-ca53e91\" data-id=\"ca53e91\" data-element_type=\"column\">\n\t\t\t<div class=\"elementor-widget-wrap elementor-element-populated\">\n\t\t\t\t\t\t\t\t<div class=\"elementor-element elementor-element-cc6cb65 elementor-widget elementor-widget-heading\" data-id=\"cc6cb65\" data-element_type=\"widget\" data-widget_type=\"heading.default\">\n\t\t\t\t<div class=\"elementor-widget-container\">\n\t\t\t<h2 class=\"elementor-heading-title elementor-size-default\">Dar\u0142\u00f3wko<\/h2>\t\t<\/div>\n\t\t\t\t<\/div>\n\t\t\t\t<div class=\"elementor-element elementor-element-7e30c2f elementor-widget elementor-widget-image\" data-id=\"7e30c2f\" data-element_type=\"widget\" data-widget_type=\"image.default\">\n\t\t\t\t<div class=\"elementor-widget-container\">\n\t\t\t\t\t\t\t\t\t\t\t\t\t\t\t\t<a href=\"https:\/\/ancora.info.pl\/?page_id=337\">\n\t\t\t\t\t\t\t<img width=\"600\" height=\"400\" src=\"https:\/\/ancora.info.pl\/wp-content\/uploads\/2021\/03\/sea-2693742_640.jpg\" class=\"attachment-large size-large\" alt=\"\" loading=\"lazy\" srcset=\"https:\/\/ancora.info.pl\/wp-content\/uploads\/2021\/03\/sea-2693742_640.jpg 600w, https:\/\/ancora.info.pl\/wp-content\/uploads\/2021\/03\/sea-2693742_640-300x200.jpg 300w\" sizes=\"(max-width: 600px) 100vw, 600px\" \/>\t\t\t\t\t\t\t\t<\/a>\n\t\t\t\t\t\t\t\t\t\t\t\t\t\t\t<\/div>\n\t\t\t\t<\/div>\n\t\t\t\t\t<\/div>\n\t\t<\/div>\n\t\t\t\t\t\t\t<\/div>\n\t\t<\/section>\n\t\t\t\t<section class=\"elementor-section elementor-top-section elementor-element elementor-element-087dc70 elementor-section-boxed elementor-section-height-default elementor-section-height-default\" data-id=\"087dc70\" data-element_type=\"section\" data-settings=\"{&quot;_ha_eqh_enable&quot;:false}\">\n\t\t\t\t\t\t<div class=\"elementor-container elementor-column-gap-default\">\n\t\t\t\t\t<div class=\"elementor-column elementor-col-50 elementor-top-column elementor-element elementor-element-29fc3a6\" data-id=\"29fc3a6\" data-element_type=\"column\">\n\t\t\t<div class=\"elementor-widget-wrap elementor-element-populated\">\n\t\t\t\t\t\t\t\t<div class=\"elementor-element elementor-element-f39680b elementor-widget elementor-widget-heading\" data-id=\"f39680b\" data-element_type=\"widget\" data-widget_type=\"heading.default\">\n\t\t\t\t<div class=\"elementor-widget-container\">\n\t\t\t<h2 class=\"elementor-heading-title elementor-size-default\">Kro\u015bcienko nad Dunjacem<\/h2>\t\t<\/div>\n\t\t\t\t<\/div>\n\t\t\t\t<div class=\"elementor-element elementor-element-a92a386 elementor-widget elementor-widget-image\" data-id=\"a92a386\" data-element_type=\"widget\" data-widget_type=\"image.default\">\n\t\t\t\t<div class=\"elementor-widget-container\">\n\t\t\t\t\t\t\t\t\t\t\t\t\t\t\t\t<a href=\"https:\/\/ancora.info.pl\/?page_id=478\">\n\t\t\t\t\t\t\t<img width=\"600\" height=\"400\" src=\"https:\/\/ancora.info.pl\/wp-content\/uploads\/2021\/03\/ancora-mielno-kolonie-2021.jpg\" class=\"attachment-large size-large\" alt=\"\" loading=\"lazy\" srcset=\"https:\/\/ancora.info.pl\/wp-content\/uploads\/2021\/03\/ancora-mielno-kolonie-2021.jpg 600w, https:\/\/ancora.info.pl\/wp-content\/uploads\/2021\/03\/ancora-mielno-kolonie-2021-300x200.jpg 300w\" sizes=\"(max-width: 600px) 100vw, 600px\" \/>\t\t\t\t\t\t\t\t<\/a>\n\t\t\t\t\t\t\t\t\t\t\t\t\t\t\t<\/div>\n\t\t\t\t<\/div>\n\t\t\t\t\t<\/div>\n\t\t<\/div>\n\t\t\t\t<div class=\"elementor-column elementor-col-50 elementor-top-column elementor-element elementor-element-26b5d80\" data-id=\"26b5d80\" data-element_type=\"column\">\n\t\t\t<div class=\"elementor-widget-wrap elementor-element-populated\">\n\t\t\t\t\t\t\t\t<div class=\"elementor-element elementor-element-09aa5df elementor-widget elementor-widget-heading\" data-id=\"09aa5df\" data-element_type=\"widget\" data-widget_type=\"heading.default\">\n\t\t\t\t<div class=\"elementor-widget-container\">\n\t\t\t<h2 class=\"elementor-heading-title elementor-size-default\">Jantar<\/h2>\t\t<\/div>\n\t\t\t\t<\/div>\n\t\t\t\t<div class=\"elementor-element elementor-element-e9b3c41 elementor-widget elementor-widget-image\" data-id=\"e9b3c41\" data-element_type=\"widget\" data-widget_type=\"image.default\">\n\t\t\t\t<div class=\"elementor-widget-container\">\n\t\t\t\t\t\t\t\t\t\t\t\t\t\t\t\t<a href=\"https:\/\/ancora.info.pl\/?page_id=355\">\n\t\t\t\t\t\t\t<img width=\"600\" height=\"400\" src=\"https:\/\/ancora.info.pl\/wp-content\/uploads\/2021\/03\/ancora-jantar-kolonie-20212-1.jpg\" class=\"attachment-large size-large\" alt=\"\" loading=\"lazy\" srcset=\"https:\/\/ancora.info.pl\/wp-content\/uploads\/2021\/03\/ancora-jantar-kolonie-20212-1.jpg 600w, https:\/\/ancora.info.pl\/wp-content\/uploads\/2021\/03\/ancora-jantar-kolonie-20212-1-300x200.jpg 300w\" sizes=\"(max-width: 600px) 100vw, 600px\" \/>\t\t\t\t\t\t\t\t<\/a>\n\t\t\t\t\t\t\t\t\t\t\t\t\t\t\t<\/div>\n\t\t\t\t<\/div>\n\t\t\t\t\t<\/div>\n\t\t<\/div>\n\t\t\t\t\t\t\t<\/div>\n\t\t<\/section>\n\t\t\t\t\t\t\t<\/div>\n\t\t","protected":false},"excerpt":{"rendered":"<p>KolonieOFERTA 2023 r. Wigry Dar\u0142\u00f3wko Kro\u015bcienko nad Dunjacem Jantar<\/p>\n","protected":false},"author":1,"featured_media":0,"parent":0,"menu_order":0,"comment_status":"closed","ping_status":"closed","template":"","meta":[],"_links":{"self":[{"href":"https:\/\/ancora.info.pl\/index.php?rest_route=\/wp\/v2\/pages\/1398"}],"collection":[{"href":"https:\/\/ancora.info.pl\/index.php?rest_route=\/wp\/v2\/pages"}],"about":[{"href":"https:\/\/ancora.info.pl\/index.php?rest_route=\/wp\/v2\/types\/page"}],"author":[{"embeddable":true,"href":"https:\/\/ancora.info.pl\/index.php?rest_route=\/wp\/v2\/users\/1"}],"replies":[{"embeddable":true,"href":"https:\/\/ancora.info.pl\/index.php?rest_route=%2Fwp%2Fv2%2Fcomments&post=1398"}],"version-history":[{"count":3,"href":"https:\/\/ancora.info.pl\/index.php?rest_route=\/wp\/v2\/pages\/1398\/revisions"}],"predecessor-version":[{"id":1450,"href":"https:\/\/ancora.info.pl\/index.php?rest_route=\/wp\/v2\/pages\/1398\/revisions\/1450"}],"wp:attachment":[{"href":"https:\/\/ancora.info.pl\/index.php?rest_route=%2Fwp%2Fv2%2Fmedia&parent=1398"}],"curies":[{"name":"wp","href":"https:\/\/api.w.org\/{rel}","templated":true}]}}