{"id":226,"date":"2021-03-14T17:52:24","date_gmt":"2021-03-14T16:52:24","guid":{"rendered":"http:\/\/wordpress2167206.home.pl\/autoinstalator\/wordpressplugins3\/?page_id=226"},"modified":"2025-02-09T22:25:54","modified_gmt":"2025-02-09T21:25:54","slug":"wynajem-autokaru","status":"publish","type":"page","link":"https:\/\/ancora.info.pl\/?page_id=226","title":{"rendered":"Wynajem autokaru"},"content":{"rendered":"\t\t<div data-elementor-type=\"wp-page\" data-elementor-id=\"226\" class=\"elementor elementor-226\">\n\t\t\t\t\t\t\t\t\t<section class=\"elementor-section elementor-top-section elementor-element elementor-element-7a7f382 elementor-section-boxed elementor-section-height-default elementor-section-height-default\" data-id=\"7a7f382\" data-element_type=\"section\" data-settings=\"{&quot;_ha_eqh_enable&quot;:false}\">\n\t\t\t\t\t\t<div class=\"elementor-container elementor-column-gap-default\">\n\t\t\t\t\t<div class=\"elementor-column elementor-col-100 elementor-top-column elementor-element elementor-element-92e8186\" data-id=\"92e8186\" data-element_type=\"column\">\n\t\t\t<div class=\"elementor-widget-wrap elementor-element-populated\">\n\t\t\t\t\t\t\t\t<div class=\"elementor-element elementor-element-f6b953e elementor-widget elementor-widget-heading\" data-id=\"f6b953e\" data-element_type=\"widget\" data-widget_type=\"heading.default\">\n\t\t\t\t<div class=\"elementor-widget-container\">\n\t\t\t<h2 class=\"elementor-heading-title elementor-size-default\">WYNAJEM AUTOKARU<\/h2>\t\t<\/div>\n\t\t\t\t<\/div>\n\t\t\t\t\t<\/div>\n\t\t<\/div>\n\t\t\t\t\t\t\t<\/div>\n\t\t<\/section>\n\t\t\t\t<section class=\"elementor-section elementor-top-section elementor-element elementor-element-2cf6895 elementor-section-boxed elementor-section-height-default elementor-section-height-default\" data-id=\"2cf6895\" data-element_type=\"section\" data-settings=\"{&quot;_ha_eqh_enable&quot;:false}\">\n\t\t\t\t\t\t<div class=\"elementor-container elementor-column-gap-default\">\n\t\t\t\t\t<div class=\"elementor-column elementor-col-100 elementor-top-column elementor-element elementor-element-b27177a\" data-id=\"b27177a\" data-element_type=\"column\">\n\t\t\t<div class=\"elementor-widget-wrap elementor-element-populated\">\n\t\t\t\t\t\t\t\t<div class=\"elementor-element elementor-element-57f37ed elementor-widget elementor-widget-text-editor\" data-id=\"57f37ed\" data-element_type=\"widget\" data-widget_type=\"text-editor.default\">\n\t\t\t\t<div class=\"elementor-widget-container\">\n\t\t\t\t\t\t\t<p>Biuro Turystyczne ANCORA oferuje r\u00f3wnie\u017c wynajem autokaru wraz z kierowc\u0105. Do dyspozycji mamy 4 autokary marki Mercedes (2x 57+1+1, 1x\u00a0<span style=\"font-style: inherit; font-weight: inherit;\">53+1+1, 1x\u00a0<\/span><span style=\"font-style: inherit; font-weight: inherit;\">49+1+1), oraz 1 Mercedes Sprinter (<\/span>22+1+1).\u00a0<span style=\"font-style: inherit; font-weight: inherit;\">Zrealizujemy ka\u017cde zlecenie w Polsce i w Europie.\u00a0<\/span><span style=\"font-style: inherit; font-weight: inherit;\">W celu uzyskania dodatkowych informacji prosimy o kontakt telefoniczny lub mailowy.<\/span><\/p>\t\t\t\t\t\t<\/div>\n\t\t\t\t<\/div>\n\t\t\t\t\t<\/div>\n\t\t<\/div>\n\t\t\t\t\t\t\t<\/div>\n\t\t<\/section>\n\t\t\t\t<section class=\"elementor-section elementor-top-section elementor-element elementor-element-23d8251 elementor-section-boxed elementor-section-height-default elementor-section-height-default\" data-id=\"23d8251\" data-element_type=\"section\" data-settings=\"{&quot;_ha_eqh_enable&quot;:false}\">\n\t\t\t\t\t\t<div class=\"elementor-container elementor-column-gap-default\">\n\t\t\t\t\t<div class=\"elementor-column elementor-col-100 elementor-top-column elementor-element elementor-element-0495f85\" data-id=\"0495f85\" data-element_type=\"column\">\n\t\t\t<div class=\"elementor-widget-wrap elementor-element-populated\">\n\t\t\t\t\t\t\t\t<div class=\"elementor-element elementor-element-50203f6 elementor-widget-divider--view-line elementor-widget elementor-widget-divider\" data-id=\"50203f6\" data-element_type=\"widget\" data-widget_type=\"divider.default\">\n\t\t\t\t<div class=\"elementor-widget-container\">\n\t\t\t\t\t<div class=\"elementor-divider\">\n\t\t\t<span class=\"elementor-divider-separator\">\n\t\t\t\t\t\t<\/span>\n\t\t<\/div>\n\t\t\t\t<\/div>\n\t\t\t\t<\/div>\n\t\t\t\t\t<\/div>\n\t\t<\/div>\n\t\t\t\t\t\t\t<\/div>\n\t\t<\/section>\n\t\t\t\t<section class=\"elementor-section elementor-top-section elementor-element elementor-element-954ac7e elementor-section-boxed elementor-section-height-default elementor-section-height-default\" data-id=\"954ac7e\" data-element_type=\"section\" data-settings=\"{&quot;_ha_eqh_enable&quot;:false}\">\n\t\t\t\t\t\t<div class=\"elementor-container elementor-column-gap-default\">\n\t\t\t\t\t<div class=\"elementor-column elementor-col-25 elementor-top-column elementor-element elementor-element-0b27f70\" data-id=\"0b27f70\" data-element_type=\"column\">\n\t\t\t<div class=\"elementor-widget-wrap elementor-element-populated\">\n\t\t\t\t\t\t\t\t<div class=\"elementor-element elementor-element-d0cb1d4 elementor-widget elementor-widget-image\" data-id=\"d0cb1d4\" data-element_type=\"widget\" data-widget_type=\"image.default\">\n\t\t\t\t<div class=\"elementor-widget-container\">\n\t\t\t\t\t\t\t\t\t\t\t\t\t\t\t<img width=\"1024\" height=\"768\" src=\"https:\/\/ancora.info.pl\/wp-content\/uploads\/2025\/02\/373b379d-93d0-4b5e-8acc-8e979e8b5834-1024x768.jpeg\" class=\"attachment-large size-large\" alt=\"\" loading=\"lazy\" srcset=\"https:\/\/ancora.info.pl\/wp-content\/uploads\/2025\/02\/373b379d-93d0-4b5e-8acc-8e979e8b5834-1024x768.jpeg 1024w, https:\/\/ancora.info.pl\/wp-content\/uploads\/2025\/02\/373b379d-93d0-4b5e-8acc-8e979e8b5834-300x225.jpeg 300w, https:\/\/ancora.info.pl\/wp-content\/uploads\/2025\/02\/373b379d-93d0-4b5e-8acc-8e979e8b5834-768x576.jpeg 768w, https:\/\/ancora.info.pl\/wp-content\/uploads\/2025\/02\/373b379d-93d0-4b5e-8acc-8e979e8b5834-1536x1152.jpeg 1536w, https:\/\/ancora.info.pl\/wp-content\/uploads\/2025\/02\/373b379d-93d0-4b5e-8acc-8e979e8b5834.jpeg 1600w\" sizes=\"(max-width: 1024px) 100vw, 1024px\" \/>\t\t\t\t\t\t\t\t\t\t\t\t\t\t\t<\/div>\n\t\t\t\t<\/div>\n\t\t\t\t\t<\/div>\n\t\t<\/div>\n\t\t\t\t<div class=\"elementor-column elementor-col-25 elementor-top-column elementor-element elementor-element-9e38b40\" data-id=\"9e38b40\" data-element_type=\"column\">\n\t\t\t<div class=\"elementor-widget-wrap elementor-element-populated\">\n\t\t\t\t\t\t\t\t<div class=\"elementor-element elementor-element-8ebf96f elementor-widget elementor-widget-image\" data-id=\"8ebf96f\" data-element_type=\"widget\" data-widget_type=\"image.default\">\n\t\t\t\t<div class=\"elementor-widget-container\">\n\t\t\t\t\t\t\t\t\t\t\t\t\t\t\t<img width=\"1024\" height=\"768\" src=\"https:\/\/ancora.info.pl\/wp-content\/uploads\/2025\/02\/6961b812-e51c-4f54-bb9f-e36c3d25c947-1024x768.jpeg\" class=\"attachment-large size-large\" alt=\"\" loading=\"lazy\" srcset=\"https:\/\/ancora.info.pl\/wp-content\/uploads\/2025\/02\/6961b812-e51c-4f54-bb9f-e36c3d25c947-1024x768.jpeg 1024w, https:\/\/ancora.info.pl\/wp-content\/uploads\/2025\/02\/6961b812-e51c-4f54-bb9f-e36c3d25c947-300x225.jpeg 300w, https:\/\/ancora.info.pl\/wp-content\/uploads\/2025\/02\/6961b812-e51c-4f54-bb9f-e36c3d25c947-768x576.jpeg 768w, https:\/\/ancora.info.pl\/wp-content\/uploads\/2025\/02\/6961b812-e51c-4f54-bb9f-e36c3d25c947-1536x1152.jpeg 1536w, https:\/\/ancora.info.pl\/wp-content\/uploads\/2025\/02\/6961b812-e51c-4f54-bb9f-e36c3d25c947.jpeg 1600w\" sizes=\"(max-width: 1024px) 100vw, 1024px\" \/>\t\t\t\t\t\t\t\t\t\t\t\t\t\t\t<\/div>\n\t\t\t\t<\/div>\n\t\t\t\t\t<\/div>\n\t\t<\/div>\n\t\t\t\t<div class=\"elementor-column elementor-col-25 elementor-top-column elementor-element elementor-element-2ee2fd7\" data-id=\"2ee2fd7\" data-element_type=\"column\">\n\t\t\t<div class=\"elementor-widget-wrap elementor-element-populated\">\n\t\t\t\t\t\t\t\t<div class=\"elementor-element elementor-element-26fd082 elementor-widget elementor-widget-image\" data-id=\"26fd082\" data-element_type=\"widget\" data-widget_type=\"image.default\">\n\t\t\t\t<div class=\"elementor-widget-container\">\n\t\t\t\t\t\t\t\t\t\t\t\t\t\t\t<img width=\"1024\" height=\"768\" src=\"https:\/\/ancora.info.pl\/wp-content\/uploads\/2025\/02\/bb2aa86a-0519-46b2-95bf-6148f1ed0d16-1024x768.jpeg\" class=\"attachment-large size-large\" alt=\"\" loading=\"lazy\" srcset=\"https:\/\/ancora.info.pl\/wp-content\/uploads\/2025\/02\/bb2aa86a-0519-46b2-95bf-6148f1ed0d16-1024x768.jpeg 1024w, https:\/\/ancora.info.pl\/wp-content\/uploads\/2025\/02\/bb2aa86a-0519-46b2-95bf-6148f1ed0d16-300x225.jpeg 300w, https:\/\/ancora.info.pl\/wp-content\/uploads\/2025\/02\/bb2aa86a-0519-46b2-95bf-6148f1ed0d16-768x576.jpeg 768w, https:\/\/ancora.info.pl\/wp-content\/uploads\/2025\/02\/bb2aa86a-0519-46b2-95bf-6148f1ed0d16-1536x1152.jpeg 1536w, https:\/\/ancora.info.pl\/wp-content\/uploads\/2025\/02\/bb2aa86a-0519-46b2-95bf-6148f1ed0d16.jpeg 1600w\" sizes=\"(max-width: 1024px) 100vw, 1024px\" \/>\t\t\t\t\t\t\t\t\t\t\t\t\t\t\t<\/div>\n\t\t\t\t<\/div>\n\t\t\t\t\t<\/div>\n\t\t<\/div>\n\t\t\t\t<div class=\"elementor-column elementor-col-25 elementor-top-column elementor-element elementor-element-54caf5c\" data-id=\"54caf5c\" data-element_type=\"column\">\n\t\t\t<div class=\"elementor-widget-wrap elementor-element-populated\">\n\t\t\t\t\t\t\t\t<div class=\"elementor-element elementor-element-e79abbb elementor-widget elementor-widget-image\" data-id=\"e79abbb\" data-element_type=\"widget\" data-widget_type=\"image.default\">\n\t\t\t\t<div class=\"elementor-widget-container\">\n\t\t\t\t\t\t\t\t\t\t\t\t\t\t\t<img width=\"1024\" height=\"768\" src=\"https:\/\/ancora.info.pl\/wp-content\/uploads\/2025\/02\/0f8a564d-075f-4902-ad5a-ac3b48c2b0a0-1024x768.jpeg\" class=\"attachment-large size-large\" alt=\"\" loading=\"lazy\" srcset=\"https:\/\/ancora.info.pl\/wp-content\/uploads\/2025\/02\/0f8a564d-075f-4902-ad5a-ac3b48c2b0a0-1024x768.jpeg 1024w, https:\/\/ancora.info.pl\/wp-content\/uploads\/2025\/02\/0f8a564d-075f-4902-ad5a-ac3b48c2b0a0-300x225.jpeg 300w, https:\/\/ancora.info.pl\/wp-content\/uploads\/2025\/02\/0f8a564d-075f-4902-ad5a-ac3b48c2b0a0-768x576.jpeg 768w, https:\/\/ancora.info.pl\/wp-content\/uploads\/2025\/02\/0f8a564d-075f-4902-ad5a-ac3b48c2b0a0-1536x1152.jpeg 1536w, https:\/\/ancora.info.pl\/wp-content\/uploads\/2025\/02\/0f8a564d-075f-4902-ad5a-ac3b48c2b0a0.jpeg 1600w\" sizes=\"(max-width: 1024px) 100vw, 1024px\" \/>\t\t\t\t\t\t\t\t\t\t\t\t\t\t\t<\/div>\n\t\t\t\t<\/div>\n\t\t\t\t\t<\/div>\n\t\t<\/div>\n\t\t\t\t\t\t\t<\/div>\n\t\t<\/section>\n\t\t\t\t<section class=\"elementor-section elementor-top-section elementor-element elementor-element-145d995 elementor-section-boxed elementor-section-height-default elementor-section-height-default\" data-id=\"145d995\" data-element_type=\"section\" data-settings=\"{&quot;_ha_eqh_enable&quot;:false}\">\n\t\t\t\t\t\t<div class=\"elementor-container elementor-column-gap-default\">\n\t\t\t\t\t<div class=\"elementor-column elementor-col-25 elementor-top-column elementor-element elementor-element-46737fa\" data-id=\"46737fa\" data-element_type=\"column\">\n\t\t\t<div class=\"elementor-widget-wrap elementor-element-populated\">\n\t\t\t\t\t\t\t\t<div class=\"elementor-element elementor-element-4c7f7c3 elementor-widget elementor-widget-image\" data-id=\"4c7f7c3\" data-element_type=\"widget\" data-widget_type=\"image.default\">\n\t\t\t\t<div class=\"elementor-widget-container\">\n\t\t\t\t\t\t\t\t\t\t\t\t\t\t\t<img width=\"768\" height=\"1024\" src=\"https:\/\/ancora.info.pl\/wp-content\/uploads\/2025\/02\/229c55fc-a235-4dd7-9788-c87f6070e26a-768x1024.jpeg\" class=\"attachment-large size-large\" alt=\"\" loading=\"lazy\" srcset=\"https:\/\/ancora.info.pl\/wp-content\/uploads\/2025\/02\/229c55fc-a235-4dd7-9788-c87f6070e26a-768x1024.jpeg 768w, https:\/\/ancora.info.pl\/wp-content\/uploads\/2025\/02\/229c55fc-a235-4dd7-9788-c87f6070e26a-225x300.jpeg 225w, https:\/\/ancora.info.pl\/wp-content\/uploads\/2025\/02\/229c55fc-a235-4dd7-9788-c87f6070e26a-1152x1536.jpeg 1152w, https:\/\/ancora.info.pl\/wp-content\/uploads\/2025\/02\/229c55fc-a235-4dd7-9788-c87f6070e26a.jpeg 1500w\" sizes=\"(max-width: 768px) 100vw, 768px\" \/>\t\t\t\t\t\t\t\t\t\t\t\t\t\t\t<\/div>\n\t\t\t\t<\/div>\n\t\t\t\t\t<\/div>\n\t\t<\/div>\n\t\t\t\t<div class=\"elementor-column elementor-col-25 elementor-top-column elementor-element elementor-element-55f5eeb\" data-id=\"55f5eeb\" data-element_type=\"column\">\n\t\t\t<div class=\"elementor-widget-wrap elementor-element-populated\">\n\t\t\t\t\t\t\t\t<div class=\"elementor-element elementor-element-4a646ca elementor-widget elementor-widget-image\" data-id=\"4a646ca\" data-element_type=\"widget\" data-widget_type=\"image.default\">\n\t\t\t\t<div class=\"elementor-widget-container\">\n\t\t\t\t\t\t\t\t\t\t\t\t\t\t\t<img width=\"768\" height=\"1024\" src=\"https:\/\/ancora.info.pl\/wp-content\/uploads\/2025\/02\/6125a40f-82eb-4627-b500-56d841d4cdec-768x1024.jpeg\" class=\"attachment-large size-large\" alt=\"\" loading=\"lazy\" srcset=\"https:\/\/ancora.info.pl\/wp-content\/uploads\/2025\/02\/6125a40f-82eb-4627-b500-56d841d4cdec-768x1024.jpeg 768w, https:\/\/ancora.info.pl\/wp-content\/uploads\/2025\/02\/6125a40f-82eb-4627-b500-56d841d4cdec-225x300.jpeg 225w, https:\/\/ancora.info.pl\/wp-content\/uploads\/2025\/02\/6125a40f-82eb-4627-b500-56d841d4cdec-1152x1536.jpeg 1152w, https:\/\/ancora.info.pl\/wp-content\/uploads\/2025\/02\/6125a40f-82eb-4627-b500-56d841d4cdec.jpeg 1500w\" sizes=\"(max-width: 768px) 100vw, 768px\" \/>\t\t\t\t\t\t\t\t\t\t\t\t\t\t\t<\/div>\n\t\t\t\t<\/div>\n\t\t\t\t\t<\/div>\n\t\t<\/div>\n\t\t\t\t<div class=\"elementor-column elementor-col-25 elementor-top-column elementor-element elementor-element-1c466a0\" data-id=\"1c466a0\" data-element_type=\"column\">\n\t\t\t<div class=\"elementor-widget-wrap elementor-element-populated\">\n\t\t\t\t\t\t\t\t<div class=\"elementor-element elementor-element-7b7f985 elementor-widget elementor-widget-image\" data-id=\"7b7f985\" data-element_type=\"widget\" data-widget_type=\"image.default\">\n\t\t\t\t<div class=\"elementor-widget-container\">\n\t\t\t\t\t\t\t\t\t\t\t\t\t\t\t<img width=\"768\" height=\"1024\" src=\"https:\/\/ancora.info.pl\/wp-content\/uploads\/2025\/02\/a6983021-fca5-4829-9614-e82313cb272f-768x1024.jpeg\" class=\"attachment-large size-large\" alt=\"\" loading=\"lazy\" srcset=\"https:\/\/ancora.info.pl\/wp-content\/uploads\/2025\/02\/a6983021-fca5-4829-9614-e82313cb272f-768x1024.jpeg 768w, https:\/\/ancora.info.pl\/wp-content\/uploads\/2025\/02\/a6983021-fca5-4829-9614-e82313cb272f-225x300.jpeg 225w, https:\/\/ancora.info.pl\/wp-content\/uploads\/2025\/02\/a6983021-fca5-4829-9614-e82313cb272f-1152x1536.jpeg 1152w, https:\/\/ancora.info.pl\/wp-content\/uploads\/2025\/02\/a6983021-fca5-4829-9614-e82313cb272f.jpeg 1500w\" sizes=\"(max-width: 768px) 100vw, 768px\" \/>\t\t\t\t\t\t\t\t\t\t\t\t\t\t\t<\/div>\n\t\t\t\t<\/div>\n\t\t\t\t\t<\/div>\n\t\t<\/div>\n\t\t\t\t<div class=\"elementor-column elementor-col-25 elementor-top-column elementor-element elementor-element-fcfa173\" data-id=\"fcfa173\" data-element_type=\"column\">\n\t\t\t<div class=\"elementor-widget-wrap elementor-element-populated\">\n\t\t\t\t\t\t\t\t<div class=\"elementor-element elementor-element-223fc94 elementor-widget elementor-widget-image\" data-id=\"223fc94\" data-element_type=\"widget\" data-widget_type=\"image.default\">\n\t\t\t\t<div class=\"elementor-widget-container\">\n\t\t\t\t\t\t\t\t\t\t\t\t\t\t\t<img width=\"768\" height=\"1024\" src=\"https:\/\/ancora.info.pl\/wp-content\/uploads\/2025\/02\/b2cc24f5-58ee-42cb-8147-f35c71169b43-768x1024.jpeg\" class=\"attachment-large size-large\" alt=\"\" loading=\"lazy\" srcset=\"https:\/\/ancora.info.pl\/wp-content\/uploads\/2025\/02\/b2cc24f5-58ee-42cb-8147-f35c71169b43-768x1024.jpeg 768w, https:\/\/ancora.info.pl\/wp-content\/uploads\/2025\/02\/b2cc24f5-58ee-42cb-8147-f35c71169b43-225x300.jpeg 225w, https:\/\/ancora.info.pl\/wp-content\/uploads\/2025\/02\/b2cc24f5-58ee-42cb-8147-f35c71169b43-1152x1536.jpeg 1152w, https:\/\/ancora.info.pl\/wp-content\/uploads\/2025\/02\/b2cc24f5-58ee-42cb-8147-f35c71169b43.jpeg 1500w\" sizes=\"(max-width: 768px) 100vw, 768px\" \/>\t\t\t\t\t\t\t\t\t\t\t\t\t\t\t<\/div>\n\t\t\t\t<\/div>\n\t\t\t\t\t<\/div>\n\t\t<\/div>\n\t\t\t\t\t\t\t<\/div>\n\t\t<\/section>\n\t\t\t\t<section class=\"elementor-section elementor-top-section elementor-element elementor-element-1cdbd66 elementor-section-boxed elementor-section-height-default elementor-section-height-default\" data-id=\"1cdbd66\" data-element_type=\"section\" data-settings=\"{&quot;_ha_eqh_enable&quot;:false}\">\n\t\t\t\t\t\t<div class=\"elementor-container elementor-column-gap-default\">\n\t\t\t\t\t<div class=\"elementor-column elementor-col-25 elementor-top-column elementor-element elementor-element-6a1eece\" data-id=\"6a1eece\" data-element_type=\"column\">\n\t\t\t<div class=\"elementor-widget-wrap elementor-element-populated\">\n\t\t\t\t\t\t\t\t<div class=\"elementor-element elementor-element-f818211 elementor-widget elementor-widget-image\" data-id=\"f818211\" data-element_type=\"widget\" data-widget_type=\"image.default\">\n\t\t\t\t<div class=\"elementor-widget-container\">\n\t\t\t\t\t\t\t\t\t\t\t\t\t\t\t<img width=\"768\" height=\"1024\" src=\"https:\/\/ancora.info.pl\/wp-content\/uploads\/2025\/02\/3e4f6346-a94a-4c4b-9d8f-d2fe5d529378-768x1024.jpeg\" class=\"attachment-large size-large\" alt=\"\" loading=\"lazy\" srcset=\"https:\/\/ancora.info.pl\/wp-content\/uploads\/2025\/02\/3e4f6346-a94a-4c4b-9d8f-d2fe5d529378-768x1024.jpeg 768w, https:\/\/ancora.info.pl\/wp-content\/uploads\/2025\/02\/3e4f6346-a94a-4c4b-9d8f-d2fe5d529378-225x300.jpeg 225w, https:\/\/ancora.info.pl\/wp-content\/uploads\/2025\/02\/3e4f6346-a94a-4c4b-9d8f-d2fe5d529378-1152x1536.jpeg 1152w, https:\/\/ancora.info.pl\/wp-content\/uploads\/2025\/02\/3e4f6346-a94a-4c4b-9d8f-d2fe5d529378.jpeg 1500w\" sizes=\"(max-width: 768px) 100vw, 768px\" \/>\t\t\t\t\t\t\t\t\t\t\t\t\t\t\t<\/div>\n\t\t\t\t<\/div>\n\t\t\t\t\t<\/div>\n\t\t<\/div>\n\t\t\t\t<div class=\"elementor-column elementor-col-25 elementor-top-column elementor-element elementor-element-8046e02\" data-id=\"8046e02\" data-element_type=\"column\">\n\t\t\t<div class=\"elementor-widget-wrap elementor-element-populated\">\n\t\t\t\t\t\t\t\t<div class=\"elementor-element elementor-element-d249a7d elementor-widget elementor-widget-image\" data-id=\"d249a7d\" data-element_type=\"widget\" data-widget_type=\"image.default\">\n\t\t\t\t<div class=\"elementor-widget-container\">\n\t\t\t\t\t\t\t\t\t\t\t\t\t\t\t<img width=\"768\" height=\"1024\" src=\"https:\/\/ancora.info.pl\/wp-content\/uploads\/2025\/02\/188d8e6c-15e7-4ab5-a80d-6960b98ebd00-768x1024.jpeg\" class=\"attachment-large size-large\" alt=\"\" loading=\"lazy\" srcset=\"https:\/\/ancora.info.pl\/wp-content\/uploads\/2025\/02\/188d8e6c-15e7-4ab5-a80d-6960b98ebd00-768x1024.jpeg 768w, https:\/\/ancora.info.pl\/wp-content\/uploads\/2025\/02\/188d8e6c-15e7-4ab5-a80d-6960b98ebd00-225x300.jpeg 225w, https:\/\/ancora.info.pl\/wp-content\/uploads\/2025\/02\/188d8e6c-15e7-4ab5-a80d-6960b98ebd00-1152x1536.jpeg 1152w, https:\/\/ancora.info.pl\/wp-content\/uploads\/2025\/02\/188d8e6c-15e7-4ab5-a80d-6960b98ebd00.jpeg 1200w\" sizes=\"(max-width: 768px) 100vw, 768px\" \/>\t\t\t\t\t\t\t\t\t\t\t\t\t\t\t<\/div>\n\t\t\t\t<\/div>\n\t\t\t\t\t<\/div>\n\t\t<\/div>\n\t\t\t\t<div class=\"elementor-column elementor-col-25 elementor-top-column elementor-element elementor-element-113b357\" data-id=\"113b357\" data-element_type=\"column\">\n\t\t\t<div class=\"elementor-widget-wrap elementor-element-populated\">\n\t\t\t\t\t\t\t\t<div class=\"elementor-element elementor-element-6d0e5bb elementor-widget elementor-widget-image\" data-id=\"6d0e5bb\" data-element_type=\"widget\" data-widget_type=\"image.default\">\n\t\t\t\t<div class=\"elementor-widget-container\">\n\t\t\t\t\t\t\t\t\t\t\t\t\t\t\t<img width=\"768\" height=\"1024\" src=\"https:\/\/ancora.info.pl\/wp-content\/uploads\/2025\/02\/a4015029-1024-4f55-bd67-35f7e3730fba-768x1024.jpeg\" class=\"attachment-large size-large\" alt=\"\" loading=\"lazy\" srcset=\"https:\/\/ancora.info.pl\/wp-content\/uploads\/2025\/02\/a4015029-1024-4f55-bd67-35f7e3730fba-768x1024.jpeg 768w, https:\/\/ancora.info.pl\/wp-content\/uploads\/2025\/02\/a4015029-1024-4f55-bd67-35f7e3730fba-225x300.jpeg 225w, https:\/\/ancora.info.pl\/wp-content\/uploads\/2025\/02\/a4015029-1024-4f55-bd67-35f7e3730fba-1152x1536.jpeg 1152w, https:\/\/ancora.info.pl\/wp-content\/uploads\/2025\/02\/a4015029-1024-4f55-bd67-35f7e3730fba.jpeg 1500w\" sizes=\"(max-width: 768px) 100vw, 768px\" \/>\t\t\t\t\t\t\t\t\t\t\t\t\t\t\t<\/div>\n\t\t\t\t<\/div>\n\t\t\t\t\t<\/div>\n\t\t<\/div>\n\t\t\t\t<div class=\"elementor-column elementor-col-25 elementor-top-column elementor-element elementor-element-b25c02e\" data-id=\"b25c02e\" data-element_type=\"column\">\n\t\t\t<div class=\"elementor-widget-wrap elementor-element-populated\">\n\t\t\t\t\t\t\t\t<div class=\"elementor-element elementor-element-308406a elementor-widget elementor-widget-image\" data-id=\"308406a\" data-element_type=\"widget\" data-widget_type=\"image.default\">\n\t\t\t\t<div class=\"elementor-widget-container\">\n\t\t\t\t\t\t\t\t\t\t\t\t\t\t\t<img width=\"768\" height=\"1024\" src=\"https:\/\/ancora.info.pl\/wp-content\/uploads\/2025\/02\/a104bfdb-ef54-4f07-a168-98125794136f-768x1024.jpeg\" class=\"attachment-large size-large\" alt=\"\" loading=\"lazy\" srcset=\"https:\/\/ancora.info.pl\/wp-content\/uploads\/2025\/02\/a104bfdb-ef54-4f07-a168-98125794136f-768x1024.jpeg 768w, https:\/\/ancora.info.pl\/wp-content\/uploads\/2025\/02\/a104bfdb-ef54-4f07-a168-98125794136f-225x300.jpeg 225w, https:\/\/ancora.info.pl\/wp-content\/uploads\/2025\/02\/a104bfdb-ef54-4f07-a168-98125794136f-1152x1536.jpeg 1152w, https:\/\/ancora.info.pl\/wp-content\/uploads\/2025\/02\/a104bfdb-ef54-4f07-a168-98125794136f.jpeg 1500w\" sizes=\"(max-width: 768px) 100vw, 768px\" \/>\t\t\t\t\t\t\t\t\t\t\t\t\t\t\t<\/div>\n\t\t\t\t<\/div>\n\t\t\t\t\t<\/div>\n\t\t<\/div>\n\t\t\t\t\t\t\t<\/div>\n\t\t<\/section>\n\t\t\t\t<section class=\"elementor-section elementor-top-section elementor-element elementor-element-944db60 elementor-section-boxed elementor-section-height-default elementor-section-height-default\" data-id=\"944db60\" data-element_type=\"section\" data-settings=\"{&quot;_ha_eqh_enable&quot;:false}\">\n\t\t\t\t\t\t<div class=\"elementor-container elementor-column-gap-default\">\n\t\t\t\t\t<div class=\"elementor-column elementor-col-100 elementor-top-column elementor-element elementor-element-a574f20\" data-id=\"a574f20\" data-element_type=\"column\">\n\t\t\t<div class=\"elementor-widget-wrap elementor-element-populated\">\n\t\t\t\t\t\t\t\t<div class=\"elementor-element elementor-element-49786ef elementor-widget-divider--view-line elementor-widget elementor-widget-divider\" data-id=\"49786ef\" data-element_type=\"widget\" data-widget_type=\"divider.default\">\n\t\t\t\t<div class=\"elementor-widget-container\">\n\t\t\t\t\t<div class=\"elementor-divider\">\n\t\t\t<span class=\"elementor-divider-separator\">\n\t\t\t\t\t\t<\/span>\n\t\t<\/div>\n\t\t\t\t<\/div>\n\t\t\t\t<\/div>\n\t\t\t\t\t<\/div>\n\t\t<\/div>\n\t\t\t\t\t\t\t<\/div>\n\t\t<\/section>\n\t\t\t\t<section class=\"elementor-section elementor-top-section elementor-element elementor-element-17bf221 elementor-section-boxed elementor-section-height-default elementor-section-height-default\" data-id=\"17bf221\" data-element_type=\"section\" data-settings=\"{&quot;_ha_eqh_enable&quot;:false}\">\n\t\t\t\t\t\t<div class=\"elementor-container elementor-column-gap-default\">\n\t\t\t\t\t<div class=\"elementor-column elementor-col-100 elementor-top-column elementor-element elementor-element-a5eeebc\" data-id=\"a5eeebc\" data-element_type=\"column\">\n\t\t\t<div class=\"elementor-widget-wrap elementor-element-populated\">\n\t\t\t\t\t\t\t\t<div class=\"elementor-element elementor-element-8d14f99 elementor-invisible elementor-widget elementor-widget-text-editor\" data-id=\"8d14f99\" data-element_type=\"widget\" data-settings=\"{&quot;_animation&quot;:&quot;slideInRight&quot;}\" data-widget_type=\"text-editor.default\">\n\t\t\t\t<div class=\"elementor-widget-container\">\n\t\t\t\t\t\t\t<p>Realizujemy wszystkie kierunki, <br \/>zar\u00f3wno w Polsce jak i za granic\u0105!<\/p>\t\t\t\t\t\t<\/div>\n\t\t\t\t<\/div>\n\t\t\t\t\t<\/div>\n\t\t<\/div>\n\t\t\t\t\t\t\t<\/div>\n\t\t<\/section>\n\t\t\t\t\t\t\t<\/div>\n\t\t","protected":false},"excerpt":{"rendered":"<p>WYNAJEM AUTOKARU Biuro Turystyczne ANCORA oferuje r\u00f3wnie\u017c wynajem autokaru wraz z kierowc\u0105. Do dyspozycji mamy 4 autokary marki Mercedes (2x 57+1+1, 1x\u00a053+1+1, 1x\u00a049+1+1), oraz 1 Mercedes Sprinter (22+1+1).\u00a0Zrealizujemy ka\u017cde zlecenie w Polsce i w Europie.\u00a0W celu uzyskania dodatkowych informacji prosimy o kontakt telefoniczny lub mailowy. Realizujemy wszystkie kierunki, zar\u00f3wno w Polsce jak i za granic\u0105!<\/p>\n","protected":false},"author":1,"featured_media":0,"parent":0,"menu_order":0,"comment_status":"closed","ping_status":"closed","template":"","meta":[],"_links":{"self":[{"href":"https:\/\/ancora.info.pl\/index.php?rest_route=\/wp\/v2\/pages\/226"}],"collection":[{"href":"https:\/\/ancora.info.pl\/index.php?rest_route=\/wp\/v2\/pages"}],"about":[{"href":"https:\/\/ancora.info.pl\/index.php?rest_route=\/wp\/v2\/types\/page"}],"author":[{"embeddable":true,"href":"https:\/\/ancora.info.pl\/index.php?rest_route=\/wp\/v2\/users\/1"}],"replies":[{"embeddable":true,"href":"https:\/\/ancora.info.pl\/index.php?rest_route=%2Fwp%2Fv2%2Fcomments&post=226"}],"version-history":[{"count":16,"href":"https:\/\/ancora.info.pl\/index.php?rest_route=\/wp\/v2\/pages\/226\/revisions"}],"predecessor-version":[{"id":1511,"href":"https:\/\/ancora.info.pl\/index.php?rest_route=\/wp\/v2\/pages\/226\/revisions\/1511"}],"wp:attachment":[{"href":"https:\/\/ancora.info.pl\/index.php?rest_route=%2Fwp%2Fv2%2Fmedia&parent=226"}],"curies":[{"name":"wp","href":"https:\/\/api.w.org\/{rel}","templated":true}]}}