{"id":337,"date":"2021-03-14T21:37:55","date_gmt":"2021-03-14T20:37:55","guid":{"rendered":"http:\/\/wordpress2167206.home.pl\/autoinstalator\/wordpressplugins3\/?page_id=337"},"modified":"2025-02-26T13:57:06","modified_gmt":"2025-02-26T12:57:06","slug":"darlowko","status":"publish","type":"page","link":"https:\/\/ancora.info.pl\/?page_id=337","title":{"rendered":"Dar\u0142\u00f3wko"},"content":{"rendered":"\t\t<div data-elementor-type=\"wp-page\" data-elementor-id=\"337\" class=\"elementor elementor-337\">\n\t\t\t\t\t\t\t\t\t<section class=\"elementor-section elementor-top-section elementor-element elementor-element-1b6d831 elementor-section-boxed elementor-section-height-default elementor-section-height-default\" data-id=\"1b6d831\" data-element_type=\"section\" data-settings=\"{&quot;_ha_eqh_enable&quot;:false}\">\n\t\t\t\t\t\t<div class=\"elementor-container elementor-column-gap-default\">\n\t\t\t\t\t<div class=\"elementor-column elementor-col-100 elementor-top-column elementor-element elementor-element-170effd\" data-id=\"170effd\" data-element_type=\"column\">\n\t\t\t<div class=\"elementor-widget-wrap elementor-element-populated\">\n\t\t\t\t\t\t\t\t<div class=\"elementor-element elementor-element-f39f5de elementor-widget elementor-widget-heading\" data-id=\"f39f5de\" data-element_type=\"widget\" data-widget_type=\"heading.default\">\n\t\t\t\t<div class=\"elementor-widget-container\">\n\t\t\t<h2 class=\"elementor-heading-title elementor-size-default\">DAR\u0141\u00d3WKO<\/h2>\t\t<\/div>\n\t\t\t\t<\/div>\n\t\t\t\t\t<\/div>\n\t\t<\/div>\n\t\t\t\t\t\t\t<\/div>\n\t\t<\/section>\n\t\t\t\t<section class=\"elementor-section elementor-top-section elementor-element elementor-element-df0ab89 elementor-section-boxed elementor-section-height-default elementor-section-height-default\" data-id=\"df0ab89\" data-element_type=\"section\" data-settings=\"{&quot;_ha_eqh_enable&quot;:false}\">\n\t\t\t\t\t\t<div class=\"elementor-container elementor-column-gap-default\">\n\t\t\t\t\t<div class=\"elementor-column elementor-col-100 elementor-top-column elementor-element elementor-element-c6239c1\" data-id=\"c6239c1\" data-element_type=\"column\">\n\t\t\t<div class=\"elementor-widget-wrap elementor-element-populated\">\n\t\t\t\t\t\t\t\t<div class=\"elementor-element elementor-element-a329aed elementor-widget-divider--view-line elementor-widget elementor-widget-divider\" data-id=\"a329aed\" data-element_type=\"widget\" data-widget_type=\"divider.default\">\n\t\t\t\t<div class=\"elementor-widget-container\">\n\t\t\t\t\t<div class=\"elementor-divider\">\n\t\t\t<span class=\"elementor-divider-separator\">\n\t\t\t\t\t\t<\/span>\n\t\t<\/div>\n\t\t\t\t<\/div>\n\t\t\t\t<\/div>\n\t\t\t\t\t<\/div>\n\t\t<\/div>\n\t\t\t\t\t\t\t<\/div>\n\t\t<\/section>\n\t\t\t\t<section class=\"elementor-section elementor-top-section elementor-element elementor-element-9dde13c elementor-section-boxed elementor-section-height-default elementor-section-height-default\" data-id=\"9dde13c\" data-element_type=\"section\" data-settings=\"{&quot;_ha_eqh_enable&quot;:false}\">\n\t\t\t\t\t\t<div class=\"elementor-container elementor-column-gap-default\">\n\t\t\t\t\t<div class=\"elementor-column elementor-col-100 elementor-top-column elementor-element elementor-element-b6b6ec6\" data-id=\"b6b6ec6\" data-element_type=\"column\">\n\t\t\t<div class=\"elementor-widget-wrap elementor-element-populated\">\n\t\t\t\t\t\t\t\t<div class=\"elementor-element elementor-element-d1f198e elementor-widget elementor-widget-text-editor\" data-id=\"d1f198e\" data-element_type=\"widget\" data-widget_type=\"text-editor.default\">\n\t\t\t\t<div class=\"elementor-widget-container\">\n\t\t\t\t\t\t\t<p>Dar\u0142\u00f3wko to nadmorska dzielnica Dar\u0142owa, jedno z najcz\u0119\u015bciej odwiedzanych miejsc turystycznych polskiego wybrze\u017ca. Urok tej miejscowo\u015bci przyci\u0105ga co roku tysi\u0105ce turyst\u00f3w. Wspania\u0142y mikroklimat, pi\u0119kne widoki, czysta pla\u017ca i wiele atrakcji starego, \u015bredniowiecznego miasta. Oczywi\u015bcie najwa\u017cniejsza jest w Dar\u0142\u00f3wku pla\u017ca, piaszczysta i zadbana przez lokalne w\u0142adze. W Dar\u0142\u00f3wku warto zobaczy\u0107 widok z Latarni Morskiej, przej\u015b\u0107 si\u0119 nabrze\u017cem portowym, przeprawi\u0107 si\u0119 unikalnym rozsuwanym mostem. W centrum Dar\u0142owa warto przej\u015b\u0107 si\u0119 po starym mie\u015bcie, zajrze\u0107 do Zamku Ksi\u0105\u017c\u0105t Pomorskich.<\/p>\t\t\t\t\t\t<\/div>\n\t\t\t\t<\/div>\n\t\t\t\t\t<\/div>\n\t\t<\/div>\n\t\t\t\t\t\t\t<\/div>\n\t\t<\/section>\n\t\t\t\t<section class=\"elementor-section elementor-top-section elementor-element elementor-element-0d40539 elementor-section-boxed elementor-section-height-default elementor-section-height-default\" data-id=\"0d40539\" data-element_type=\"section\" data-settings=\"{&quot;_ha_eqh_enable&quot;:false}\">\n\t\t\t\t\t\t<div class=\"elementor-container elementor-column-gap-default\">\n\t\t\t\t\t<div class=\"elementor-column elementor-col-100 elementor-top-column elementor-element elementor-element-6c2c98a\" data-id=\"6c2c98a\" data-element_type=\"column\">\n\t\t\t<div class=\"elementor-widget-wrap elementor-element-populated\">\n\t\t\t\t\t\t\t\t<div class=\"elementor-element elementor-element-deb5dd1 elementor-widget-divider--view-line elementor-widget elementor-widget-divider\" data-id=\"deb5dd1\" data-element_type=\"widget\" data-widget_type=\"divider.default\">\n\t\t\t\t<div class=\"elementor-widget-container\">\n\t\t\t\t\t<div class=\"elementor-divider\">\n\t\t\t<span class=\"elementor-divider-separator\">\n\t\t\t\t\t\t<\/span>\n\t\t<\/div>\n\t\t\t\t<\/div>\n\t\t\t\t<\/div>\n\t\t\t\t<div class=\"elementor-element elementor-element-4a118d9 elementor-widget elementor-widget-heading\" data-id=\"4a118d9\" data-element_type=\"widget\" data-widget_type=\"heading.default\">\n\t\t\t\t<div class=\"elementor-widget-container\">\n\t\t\t<h2 class=\"elementor-heading-title elementor-size-default\">ZAKWATEROWANIE<\/h2>\t\t<\/div>\n\t\t\t\t<\/div>\n\t\t\t\t\t<\/div>\n\t\t<\/div>\n\t\t\t\t\t\t\t<\/div>\n\t\t<\/section>\n\t\t\t\t<section class=\"elementor-section elementor-top-section elementor-element elementor-element-d9251e0 elementor-section-boxed elementor-section-height-default elementor-section-height-default\" data-id=\"d9251e0\" data-element_type=\"section\" data-settings=\"{&quot;_ha_eqh_enable&quot;:false}\">\n\t\t\t\t\t\t<div class=\"elementor-container elementor-column-gap-default\">\n\t\t\t\t\t<div class=\"elementor-column elementor-col-100 elementor-top-column elementor-element elementor-element-224d6bf\" data-id=\"224d6bf\" data-element_type=\"column\">\n\t\t\t<div class=\"elementor-widget-wrap elementor-element-populated\">\n\t\t\t\t\t\t\t\t<div class=\"elementor-element elementor-element-71f7df1 elementor-widget elementor-widget-text-editor\" data-id=\"71f7df1\" data-element_type=\"widget\" data-widget_type=\"text-editor.default\">\n\t\t\t\t<div class=\"elementor-widget-container\">\n\t\t\t\t\t\t\t<p>Zakwaterowanie w nowych pokojach 4 &#8211; osobowych. W ka\u017cdym pokoju znajduje si\u0119 \u0142azienka. O\u015brodek oddalony jest ok. 300 m od pla\u017cy. Na terenie o\u015brodka znajduj\u0105 si\u0119 boiska do siatk\u00f3wki i koszyk\u00f3wki.\u00a0<\/p>\t\t\t\t\t\t<\/div>\n\t\t\t\t<\/div>\n\t\t\t\t\t<\/div>\n\t\t<\/div>\n\t\t\t\t\t\t\t<\/div>\n\t\t<\/section>\n\t\t\t\t<section class=\"elementor-section elementor-top-section elementor-element elementor-element-9200761 elementor-section-boxed elementor-section-height-default elementor-section-height-default\" data-id=\"9200761\" data-element_type=\"section\" data-settings=\"{&quot;_ha_eqh_enable&quot;:false}\">\n\t\t\t\t\t\t<div class=\"elementor-container elementor-column-gap-default\">\n\t\t\t\t\t<div class=\"elementor-column elementor-col-100 elementor-top-column elementor-element elementor-element-f738cb6\" data-id=\"f738cb6\" data-element_type=\"column\">\n\t\t\t<div class=\"elementor-widget-wrap elementor-element-populated\">\n\t\t\t\t\t\t\t\t<div class=\"elementor-element elementor-element-aeedd5a elementor-widget-divider--view-line elementor-widget elementor-widget-divider\" data-id=\"aeedd5a\" data-element_type=\"widget\" data-widget_type=\"divider.default\">\n\t\t\t\t<div class=\"elementor-widget-container\">\n\t\t\t\t\t<div class=\"elementor-divider\">\n\t\t\t<span class=\"elementor-divider-separator\">\n\t\t\t\t\t\t<\/span>\n\t\t<\/div>\n\t\t\t\t<\/div>\n\t\t\t\t<\/div>\n\t\t\t\t\t<\/div>\n\t\t<\/div>\n\t\t\t\t\t\t\t<\/div>\n\t\t<\/section>\n\t\t\t\t<section class=\"elementor-section elementor-top-section elementor-element elementor-element-55ffd39 elementor-section-boxed elementor-section-height-default elementor-section-height-default\" data-id=\"55ffd39\" data-element_type=\"section\" data-settings=\"{&quot;_ha_eqh_enable&quot;:false}\">\n\t\t\t\t\t\t<div class=\"elementor-container elementor-column-gap-default\">\n\t\t\t\t\t<div class=\"elementor-column elementor-col-100 elementor-top-column elementor-element elementor-element-907793b\" data-id=\"907793b\" data-element_type=\"column\">\n\t\t\t<div class=\"elementor-widget-wrap elementor-element-populated\">\n\t\t\t\t\t\t\t\t<div class=\"elementor-element elementor-element-b7788e6 elementor-widget elementor-widget-heading\" data-id=\"b7788e6\" data-element_type=\"widget\" data-widget_type=\"heading.default\">\n\t\t\t\t<div class=\"elementor-widget-container\">\n\t\t\t<h2 class=\"elementor-heading-title elementor-size-default\">WY\u017bYWIENIE<\/h2>\t\t<\/div>\n\t\t\t\t<\/div>\n\t\t\t\t\t<\/div>\n\t\t<\/div>\n\t\t\t\t\t\t\t<\/div>\n\t\t<\/section>\n\t\t\t\t<section class=\"elementor-section elementor-top-section elementor-element elementor-element-b9d3b39 elementor-section-boxed elementor-section-height-default elementor-section-height-default\" data-id=\"b9d3b39\" data-element_type=\"section\" data-settings=\"{&quot;_ha_eqh_enable&quot;:false}\">\n\t\t\t\t\t\t<div class=\"elementor-container elementor-column-gap-default\">\n\t\t\t\t\t<div class=\"elementor-column elementor-col-100 elementor-top-column elementor-element elementor-element-fd56fe0\" data-id=\"fd56fe0\" data-element_type=\"column\">\n\t\t\t<div class=\"elementor-widget-wrap elementor-element-populated\">\n\t\t\t\t\t\t\t\t<div class=\"elementor-element elementor-element-8341398 elementor-widget elementor-widget-text-editor\" data-id=\"8341398\" data-element_type=\"widget\" data-widget_type=\"text-editor.default\">\n\t\t\t\t<div class=\"elementor-widget-container\">\n\t\t\t\t\t\t\t<p>\u00a04 posi\u0142ki ( \u015bniadanie, obiad, podwieczorek, kolacja).<\/p>\t\t\t\t\t\t<\/div>\n\t\t\t\t<\/div>\n\t\t\t\t\t<\/div>\n\t\t<\/div>\n\t\t\t\t\t\t\t<\/div>\n\t\t<\/section>\n\t\t\t\t<section class=\"elementor-section elementor-top-section elementor-element elementor-element-71815d5 elementor-section-boxed elementor-section-height-default elementor-section-height-default\" data-id=\"71815d5\" data-element_type=\"section\" data-settings=\"{&quot;_ha_eqh_enable&quot;:false}\">\n\t\t\t\t\t\t<div class=\"elementor-container elementor-column-gap-default\">\n\t\t\t\t\t<div class=\"elementor-column elementor-col-100 elementor-top-column elementor-element elementor-element-6235412\" data-id=\"6235412\" data-element_type=\"column\">\n\t\t\t<div class=\"elementor-widget-wrap elementor-element-populated\">\n\t\t\t\t\t\t\t\t<div class=\"elementor-element elementor-element-25f01ac elementor-widget-divider--view-line elementor-widget elementor-widget-divider\" data-id=\"25f01ac\" data-element_type=\"widget\" data-widget_type=\"divider.default\">\n\t\t\t\t<div class=\"elementor-widget-container\">\n\t\t\t\t\t<div class=\"elementor-divider\">\n\t\t\t<span class=\"elementor-divider-separator\">\n\t\t\t\t\t\t<\/span>\n\t\t<\/div>\n\t\t\t\t<\/div>\n\t\t\t\t<\/div>\n\t\t\t\t\t<\/div>\n\t\t<\/div>\n\t\t\t\t\t\t\t<\/div>\n\t\t<\/section>\n\t\t\t\t<section class=\"elementor-section elementor-top-section elementor-element elementor-element-d244a49 elementor-section-boxed elementor-section-height-default elementor-section-height-default\" data-id=\"d244a49\" data-element_type=\"section\" data-settings=\"{&quot;_ha_eqh_enable&quot;:false}\">\n\t\t\t\t\t\t<div class=\"elementor-container elementor-column-gap-default\">\n\t\t\t\t\t<div class=\"elementor-column elementor-col-100 elementor-top-column elementor-element elementor-element-e8eb9a0\" data-id=\"e8eb9a0\" data-element_type=\"column\">\n\t\t\t<div class=\"elementor-widget-wrap elementor-element-populated\">\n\t\t\t\t\t\t\t\t<div class=\"elementor-element elementor-element-ad9c532 elementor-widget elementor-widget-heading\" data-id=\"ad9c532\" data-element_type=\"widget\" data-widget_type=\"heading.default\">\n\t\t\t\t<div class=\"elementor-widget-container\">\n\t\t\t<h2 class=\"elementor-heading-title elementor-size-default\">PROGRAM KOLONII*<\/h2>\t\t<\/div>\n\t\t\t\t<\/div>\n\t\t\t\t\t<\/div>\n\t\t<\/div>\n\t\t\t\t\t\t\t<\/div>\n\t\t<\/section>\n\t\t\t\t<section class=\"elementor-section elementor-top-section elementor-element elementor-element-6859a7e elementor-section-boxed elementor-section-height-default elementor-section-height-default\" data-id=\"6859a7e\" data-element_type=\"section\" data-settings=\"{&quot;_ha_eqh_enable&quot;:false}\">\n\t\t\t\t\t\t<div class=\"elementor-container elementor-column-gap-default\">\n\t\t\t\t\t<div class=\"elementor-column elementor-col-100 elementor-top-column elementor-element elementor-element-488ceb0\" data-id=\"488ceb0\" data-element_type=\"column\">\n\t\t\t<div class=\"elementor-widget-wrap elementor-element-populated\">\n\t\t\t\t\t\t\t\t<div class=\"elementor-element elementor-element-4d471ad elementor-widget elementor-widget-text-editor\" data-id=\"4d471ad\" data-element_type=\"widget\" data-widget_type=\"text-editor.default\">\n\t\t\t\t<div class=\"elementor-widget-container\">\n\t\t\t\t\t\t\t<p><strong><u>DZIE\u0143 I \u00a0<br \/><\/u><\/strong>Wyjazd z Cz\u0119stochowy o godz.7:15, zbi\u00f3rka godz. 7:00. Przejazd do Dar\u0142\u00f3wka. Zakwaterowanie w o\u015brodku \u201eKAMA\u201d. Zebranie organizacyjne, zapoznanie si\u0119 z regulaminem kolonii . Obiadokolacja. Zapoznanie si\u0119 z najbli\u017csz\u0105 okolic\u0105. Nocleg.<\/p><p><strong><u>DZIE\u0143 II <br \/><\/u><\/strong>\u015aniadanie. Pobyt w parku linowym \u201e Nad Ba\u0142tykiem\u201d w Dar\u0142\u00f3wku. Obiad. Zaj\u0119cia sportowe \u2013 turnieje na pla\u017cy. Kolacja. Zaj\u0119cia rekreacyjne oraz gry terenowe. Nocleg.<\/p><p><strong><u>DZIE\u0143 III <br \/><\/u><\/strong>\u015aniadanie. Wycieczka piesza do Dar\u0142owa, powr\u00f3t do Dar\u0142\u00f3wka tramwajem wodnym &#8220;Zofia&#8221;. Powr\u00f3t do o\u015brodka na obiad. Zaj\u0119cia na pla\u017cy, wycieczki rowerowe. Powr\u00f3t na kolacj\u0119. Dyskoteka. Nocleg.<\/p><p><strong><u>DZIE\u0143 IV <br \/><\/u><\/strong>\u015aniadanie. Przejazd do Koszalina. Pobyt na terenie parku trampolin. Powr\u00f3t na obiad. Pla\u017cowanie, k\u0105piele. Turniej ringo. Kolacja. Spacer po okolicy. Dyskoteka. Nocleg.<\/p><p><strong><u>DZIE\u0143 V <br \/><\/u><\/strong>\u015aniadanie. Rejs motor\u00f3wkami. Powr\u00f3t na obiad. Pla\u017cowanie, k\u0105piele. Wycieczka rowerowa. Kolacja. Pla\u017ca z k\u0105pielami przy zachodzie s\u0142o\u0144ca. Nocleg.<\/p><p><strong><u>DZIE\u0143 VI<br \/><\/u><\/strong>\u015aniadanie. Po \u015bniadaniu wyjazd do Trzebiatowa \u2013 pobyt w parku rozrywki \u201ePoligon\u201d \u2013 paintball \u2013 gra zespo\u0142owa. Powr\u00f3t na kolacj\u0119 do o\u015brodka. Nocleg.<\/p><p><strong><u>DZIE\u0143 VII <br \/><\/u><\/strong>\u015aniadanie. Pla\u017cowanie. Obiad. Przygotowanie do chrztu kolonisty, tworzenie stroj\u00f3w Neptuna i Prozerpiny. Kolacja. Uroczysto\u015b\u0107 chrztu kolonisty na pla\u017cy. Nocleg.<\/p><p><strong><u>DZIE\u0143 VIII <br \/><\/u><\/strong>\u015aniadanie. Przejazd do Koszalina \u2013 pobyt w Aquaparku. Obiad. Zaj\u0119cia na pla\u017cy. Kolacja. Podsumowanie kolonii, wr\u0119czenie dyplom\u00f3w i nagr\u00f3d za udzia\u0142 w turniejach i zawodach sportowych przy ognisku. Nocleg.<\/p><p><strong><u>DZIE\u0143 \u2013 IX <br \/><\/u><\/strong>\u015aniadanie. Wyjazd w drog\u0119 powrotn\u0105. Obiad. Powr\u00f3t do miejsca zbi\u00f3rki.<\/p>\t\t\t\t\t\t<\/div>\n\t\t\t\t<\/div>\n\t\t\t\t\t<\/div>\n\t\t<\/div>\n\t\t\t\t\t\t\t<\/div>\n\t\t<\/section>\n\t\t\t\t<section class=\"elementor-section elementor-top-section elementor-element elementor-element-a1e90d7 elementor-section-boxed elementor-section-height-default elementor-section-height-default\" data-id=\"a1e90d7\" data-element_type=\"section\" data-settings=\"{&quot;_ha_eqh_enable&quot;:false}\">\n\t\t\t\t\t\t<div class=\"elementor-container elementor-column-gap-default\">\n\t\t\t\t\t<div class=\"elementor-column elementor-col-100 elementor-top-column elementor-element elementor-element-cdf064d\" data-id=\"cdf064d\" data-element_type=\"column\">\n\t\t\t<div class=\"elementor-widget-wrap elementor-element-populated\">\n\t\t\t\t\t\t\t\t<div class=\"elementor-element elementor-element-a589df9 elementor-widget-divider--view-line elementor-widget elementor-widget-divider\" data-id=\"a589df9\" data-element_type=\"widget\" data-widget_type=\"divider.default\">\n\t\t\t\t<div class=\"elementor-widget-container\">\n\t\t\t\t\t<div class=\"elementor-divider\">\n\t\t\t<span class=\"elementor-divider-separator\">\n\t\t\t\t\t\t<\/span>\n\t\t<\/div>\n\t\t\t\t<\/div>\n\t\t\t\t<\/div>\n\t\t\t\t\t<\/div>\n\t\t<\/div>\n\t\t\t\t\t\t\t<\/div>\n\t\t<\/section>\n\t\t\t\t<section class=\"elementor-section elementor-top-section elementor-element elementor-element-0e167e3 elementor-section-boxed elementor-section-height-default elementor-section-height-default\" data-id=\"0e167e3\" data-element_type=\"section\" data-settings=\"{&quot;_ha_eqh_enable&quot;:false}\">\n\t\t\t\t\t\t<div class=\"elementor-container elementor-column-gap-default\">\n\t\t\t\t\t<div class=\"elementor-column elementor-col-100 elementor-top-column elementor-element elementor-element-4da0ffd\" data-id=\"4da0ffd\" data-element_type=\"column\">\n\t\t\t<div class=\"elementor-widget-wrap elementor-element-populated\">\n\t\t\t\t\t\t\t\t<div class=\"elementor-element elementor-element-ae719dd elementor-widget elementor-widget-text-editor\" data-id=\"ae719dd\" data-element_type=\"widget\" data-widget_type=\"text-editor.default\">\n\t\t\t\t<div class=\"elementor-widget-container\">\n\t\t\t\t\t\t\t<p><strong>CENA ZAWIERA:<br \/><\/strong><\/p><ul><li><strong>zakwaterowanie w pokojach 4- osobowych z \u0142azienkami,<\/strong><\/li><li><strong>8 nocleg\u00f3w,<\/strong><\/li><li><strong>transport w obydwie strony,<\/strong><\/li><li><strong>ubezpieczenie,<\/strong><\/li><li><strong>ca\u0142odzienne wy\u017cywienie: \u015bniadanie, obiad, podwieczorek, kolacja, <\/strong><\/li><li><strong>wycieczki fakultatywne,<\/strong><\/li><li><strong>rowery do dyspozycji uczestnik\u00f3w,<\/strong><\/li><li><strong>opiek\u0119 wykwalifikowanej kadry,<\/strong><\/li><li><strong>lokalnych przewodnik\u00f3w,<\/strong><\/li><li><strong>wszystkie bilety wst\u0119pu ,<\/strong><\/li><li><strong>obiad w drodze powrotnej,<\/strong><\/li><li><strong>dyskoteki<\/strong><\/li><\/ul>\t\t\t\t\t\t<\/div>\n\t\t\t\t<\/div>\n\t\t\t\t\t<\/div>\n\t\t<\/div>\n\t\t\t\t\t\t\t<\/div>\n\t\t<\/section>\n\t\t\t\t<section class=\"elementor-section elementor-top-section elementor-element elementor-element-e356987 elementor-section-boxed elementor-section-height-default elementor-section-height-default\" data-id=\"e356987\" data-element_type=\"section\" data-settings=\"{&quot;_ha_eqh_enable&quot;:false}\">\n\t\t\t\t\t\t<div class=\"elementor-container elementor-column-gap-default\">\n\t\t\t\t\t<div class=\"elementor-column elementor-col-100 elementor-top-column elementor-element elementor-element-bc994e2\" data-id=\"bc994e2\" data-element_type=\"column\">\n\t\t\t<div class=\"elementor-widget-wrap elementor-element-populated\">\n\t\t\t\t\t\t\t\t<div class=\"elementor-element elementor-element-73a6374 elementor-widget-divider--view-line elementor-widget elementor-widget-divider\" data-id=\"73a6374\" data-element_type=\"widget\" data-widget_type=\"divider.default\">\n\t\t\t\t<div class=\"elementor-widget-container\">\n\t\t\t\t\t<div class=\"elementor-divider\">\n\t\t\t<span class=\"elementor-divider-separator\">\n\t\t\t\t\t\t<\/span>\n\t\t<\/div>\n\t\t\t\t<\/div>\n\t\t\t\t<\/div>\n\t\t\t\t\t<\/div>\n\t\t<\/div>\n\t\t\t\t\t\t\t<\/div>\n\t\t<\/section>\n\t\t\t\t<section class=\"elementor-section elementor-top-section elementor-element elementor-element-fc20f65 elementor-section-boxed elementor-section-height-default elementor-section-height-default\" data-id=\"fc20f65\" data-element_type=\"section\" data-settings=\"{&quot;_ha_eqh_enable&quot;:false}\">\n\t\t\t\t\t\t<div class=\"elementor-container elementor-column-gap-default\">\n\t\t\t\t\t<div class=\"elementor-column elementor-col-100 elementor-top-column elementor-element elementor-element-800c29c\" data-id=\"800c29c\" data-element_type=\"column\">\n\t\t\t<div class=\"elementor-widget-wrap elementor-element-populated\">\n\t\t\t\t\t\t\t\t<div class=\"elementor-element elementor-element-3c17ec8 elementor-widget elementor-widget-text-editor\" data-id=\"3c17ec8\" data-element_type=\"widget\" data-widget_type=\"text-editor.default\">\n\t\t\t\t<div class=\"elementor-widget-container\">\n\t\t\t\t\t\t\t<p><strong>CENA &#8211; 2650z\u0142<\/strong><\/p>\t\t\t\t\t\t<\/div>\n\t\t\t\t<\/div>\n\t\t\t\t\t<\/div>\n\t\t<\/div>\n\t\t\t\t\t\t\t<\/div>\n\t\t<\/section>\n\t\t\t\t<section class=\"elementor-section elementor-top-section elementor-element elementor-element-cad50cf elementor-section-boxed elementor-section-height-default elementor-section-height-default\" data-id=\"cad50cf\" data-element_type=\"section\" data-settings=\"{&quot;_ha_eqh_enable&quot;:false}\">\n\t\t\t\t\t\t<div class=\"elementor-container elementor-column-gap-default\">\n\t\t\t\t\t<div class=\"elementor-column elementor-col-100 elementor-top-column elementor-element elementor-element-2a027cf\" data-id=\"2a027cf\" data-element_type=\"column\">\n\t\t\t<div class=\"elementor-widget-wrap elementor-element-populated\">\n\t\t\t\t\t\t\t\t<div class=\"elementor-element elementor-element-47a0cf4 elementor-widget-divider--view-line elementor-widget elementor-widget-divider\" data-id=\"47a0cf4\" data-element_type=\"widget\" data-widget_type=\"divider.default\">\n\t\t\t\t<div class=\"elementor-widget-container\">\n\t\t\t\t\t<div class=\"elementor-divider\">\n\t\t\t<span class=\"elementor-divider-separator\">\n\t\t\t\t\t\t<\/span>\n\t\t<\/div>\n\t\t\t\t<\/div>\n\t\t\t\t<\/div>\n\t\t\t\t\t<\/div>\n\t\t<\/div>\n\t\t\t\t\t\t\t<\/div>\n\t\t<\/section>\n\t\t\t\t<section class=\"elementor-section elementor-top-section elementor-element elementor-element-5ef97ba elementor-section-boxed elementor-section-height-default elementor-section-height-default\" data-id=\"5ef97ba\" data-element_type=\"section\" data-settings=\"{&quot;_ha_eqh_enable&quot;:false}\">\n\t\t\t\t\t\t<div class=\"elementor-container elementor-column-gap-default\">\n\t\t\t\t\t<div class=\"elementor-column elementor-col-50 elementor-top-column elementor-element elementor-element-6500ab3\" data-id=\"6500ab3\" data-element_type=\"column\">\n\t\t\t<div class=\"elementor-widget-wrap elementor-element-populated\">\n\t\t\t\t\t\t\t\t<div class=\"elementor-element elementor-element-41ad687 elementor-widget elementor-widget-heading\" data-id=\"41ad687\" data-element_type=\"widget\" data-widget_type=\"heading.default\">\n\t\t\t\t<div class=\"elementor-widget-container\">\n\t\t\t<h2 class=\"elementor-heading-title elementor-size-default\">TERMIN<\/h2>\t\t<\/div>\n\t\t\t\t<\/div>\n\t\t\t\t\t<\/div>\n\t\t<\/div>\n\t\t\t\t<div class=\"elementor-column elementor-col-50 elementor-top-column elementor-element elementor-element-84846b7\" data-id=\"84846b7\" data-element_type=\"column\">\n\t\t\t<div class=\"elementor-widget-wrap elementor-element-populated\">\n\t\t\t\t\t\t\t\t<div class=\"elementor-element elementor-element-a2d5dd8 elementor-widget elementor-widget-heading\" data-id=\"a2d5dd8\" data-element_type=\"widget\" data-widget_type=\"heading.default\">\n\t\t\t\t<div class=\"elementor-widget-container\">\n\t\t\t<h2 class=\"elementor-heading-title elementor-size-default\">DOKUMENTY DO POBRANIA<\/h2>\t\t<\/div>\n\t\t\t\t<\/div>\n\t\t\t\t\t<\/div>\n\t\t<\/div>\n\t\t\t\t\t\t\t<\/div>\n\t\t<\/section>\n\t\t\t\t<section class=\"elementor-section elementor-top-section elementor-element elementor-element-1d1f4b3 elementor-section-boxed elementor-section-height-default elementor-section-height-default\" data-id=\"1d1f4b3\" data-element_type=\"section\" data-settings=\"{&quot;_ha_eqh_enable&quot;:false}\">\n\t\t\t\t\t\t<div class=\"elementor-container elementor-column-gap-default\">\n\t\t\t\t\t<div class=\"elementor-column elementor-col-50 elementor-top-column elementor-element elementor-element-a078e43\" data-id=\"a078e43\" data-element_type=\"column\">\n\t\t\t<div class=\"elementor-widget-wrap elementor-element-populated\">\n\t\t\t\t\t\t\t\t<div class=\"elementor-element elementor-element-3b8eb79 elementor-widget elementor-widget-text-editor\" data-id=\"3b8eb79\" data-element_type=\"widget\" data-widget_type=\"text-editor.default\">\n\t\t\t\t<div class=\"elementor-widget-container\">\n\t\t\t\t\t\t\t<p><strong>24.07.2025 &#8211; 01.08.2025<\/strong><\/p>\t\t\t\t\t\t<\/div>\n\t\t\t\t<\/div>\n\t\t\t\t\t<\/div>\n\t\t<\/div>\n\t\t\t\t<div class=\"elementor-column elementor-col-50 elementor-top-column elementor-element elementor-element-463d91f\" data-id=\"463d91f\" data-element_type=\"column\">\n\t\t\t<div class=\"elementor-widget-wrap\">\n\t\t\t\t\t\t\t\t\t<\/div>\n\t\t<\/div>\n\t\t\t\t\t\t\t<\/div>\n\t\t<\/section>\n\t\t\t\t\t\t\t<\/div>\n\t\t","protected":false},"excerpt":{"rendered":"<p>DAR\u0141\u00d3WKO Dar\u0142\u00f3wko to nadmorska dzielnica Dar\u0142owa, jedno z najcz\u0119\u015bciej odwiedzanych miejsc turystycznych polskiego wybrze\u017ca. Urok tej miejscowo\u015bci przyci\u0105ga co roku tysi\u0105ce turyst\u00f3w. Wspania\u0142y mikroklimat, pi\u0119kne widoki, czysta pla\u017ca i wiele atrakcji starego, \u015bredniowiecznego miasta. Oczywi\u015bcie najwa\u017cniejsza jest w Dar\u0142\u00f3wku pla\u017ca, piaszczysta i zadbana przez lokalne w\u0142adze. W Dar\u0142\u00f3wku warto zobaczy\u0107 widok z Latarni Morskiej, przej\u015b\u0107 &hellip;<\/p>\n<p class=\"read-more\"> <a class=\"\" href=\"https:\/\/ancora.info.pl\/?page_id=337\"> <span class=\"screen-reader-text\">Dar\u0142\u00f3wko<\/span> Read More &raquo;<\/a><\/p>\n","protected":false},"author":1,"featured_media":0,"parent":0,"menu_order":0,"comment_status":"closed","ping_status":"closed","template":"","meta":[],"_links":{"self":[{"href":"https:\/\/ancora.info.pl\/index.php?rest_route=\/wp\/v2\/pages\/337"}],"collection":[{"href":"https:\/\/ancora.info.pl\/index.php?rest_route=\/wp\/v2\/pages"}],"about":[{"href":"https:\/\/ancora.info.pl\/index.php?rest_route=\/wp\/v2\/types\/page"}],"author":[{"embeddable":true,"href":"https:\/\/ancora.info.pl\/index.php?rest_route=\/wp\/v2\/users\/1"}],"replies":[{"embeddable":true,"href":"https:\/\/ancora.info.pl\/index.php?rest_route=%2Fwp%2Fv2%2Fcomments&post=337"}],"version-history":[{"count":40,"href":"https:\/\/ancora.info.pl\/index.php?rest_route=\/wp\/v2\/pages\/337\/revisions"}],"predecessor-version":[{"id":1595,"href":"https:\/\/ancora.info.pl\/index.php?rest_route=\/wp\/v2\/pages\/337\/revisions\/1595"}],"wp:attachment":[{"href":"https:\/\/ancora.info.pl\/index.php?rest_route=%2Fwp%2Fv2%2Fmedia&parent=337"}],"curies":[{"name":"wp","href":"https:\/\/api.w.org\/{rel}","templated":true}]}}