{"id":355,"date":"2021-03-14T23:36:53","date_gmt":"2021-03-14T22:36:53","guid":{"rendered":"http:\/\/wordpress2167206.home.pl\/autoinstalator\/wordpressplugins3\/?page_id=355"},"modified":"2025-02-18T13:22:27","modified_gmt":"2025-02-18T12:22:27","slug":"jantar-2","status":"publish","type":"page","link":"https:\/\/ancora.info.pl\/?page_id=355","title":{"rendered":"Jantar"},"content":{"rendered":"\t\t<div data-elementor-type=\"wp-page\" data-elementor-id=\"355\" class=\"elementor elementor-355\">\n\t\t\t\t\t\t\t\t\t<section class=\"elementor-section elementor-top-section elementor-element elementor-element-1b6d831 elementor-section-boxed elementor-section-height-default elementor-section-height-default\" data-id=\"1b6d831\" data-element_type=\"section\" data-settings=\"{&quot;_ha_eqh_enable&quot;:false}\">\n\t\t\t\t\t\t<div class=\"elementor-container elementor-column-gap-default\">\n\t\t\t\t\t<div class=\"elementor-column elementor-col-100 elementor-top-column elementor-element elementor-element-170effd\" data-id=\"170effd\" data-element_type=\"column\">\n\t\t\t<div class=\"elementor-widget-wrap elementor-element-populated\">\n\t\t\t\t\t\t\t\t<div class=\"elementor-element elementor-element-f39f5de elementor-widget elementor-widget-heading\" data-id=\"f39f5de\" data-element_type=\"widget\" data-widget_type=\"heading.default\">\n\t\t\t\t<div class=\"elementor-widget-container\">\n\t\t\t<h2 class=\"elementor-heading-title elementor-size-default\">JANTAR<\/h2>\t\t<\/div>\n\t\t\t\t<\/div>\n\t\t\t\t\t<\/div>\n\t\t<\/div>\n\t\t\t\t\t\t\t<\/div>\n\t\t<\/section>\n\t\t\t\t<section class=\"elementor-section elementor-top-section elementor-element elementor-element-df0ab89 elementor-section-boxed elementor-section-height-default elementor-section-height-default\" data-id=\"df0ab89\" data-element_type=\"section\" data-settings=\"{&quot;_ha_eqh_enable&quot;:false}\">\n\t\t\t\t\t\t<div class=\"elementor-container elementor-column-gap-default\">\n\t\t\t\t\t<div class=\"elementor-column elementor-col-100 elementor-top-column elementor-element elementor-element-c6239c1\" data-id=\"c6239c1\" data-element_type=\"column\">\n\t\t\t<div class=\"elementor-widget-wrap elementor-element-populated\">\n\t\t\t\t\t\t\t\t<div class=\"elementor-element elementor-element-a329aed elementor-widget-divider--view-line elementor-widget elementor-widget-divider\" data-id=\"a329aed\" data-element_type=\"widget\" data-widget_type=\"divider.default\">\n\t\t\t\t<div class=\"elementor-widget-container\">\n\t\t\t\t\t<div class=\"elementor-divider\">\n\t\t\t<span class=\"elementor-divider-separator\">\n\t\t\t\t\t\t<\/span>\n\t\t<\/div>\n\t\t\t\t<\/div>\n\t\t\t\t<\/div>\n\t\t\t\t\t<\/div>\n\t\t<\/div>\n\t\t\t\t\t\t\t<\/div>\n\t\t<\/section>\n\t\t\t\t<section class=\"elementor-section elementor-top-section elementor-element elementor-element-9dde13c elementor-section-boxed elementor-section-height-default elementor-section-height-default\" data-id=\"9dde13c\" data-element_type=\"section\" data-settings=\"{&quot;_ha_eqh_enable&quot;:false}\">\n\t\t\t\t\t\t<div class=\"elementor-container elementor-column-gap-default\">\n\t\t\t\t\t<div class=\"elementor-column elementor-col-100 elementor-top-column elementor-element elementor-element-b6b6ec6\" data-id=\"b6b6ec6\" data-element_type=\"column\">\n\t\t\t<div class=\"elementor-widget-wrap elementor-element-populated\">\n\t\t\t\t\t\t\t\t<div class=\"elementor-element elementor-element-d1f198e elementor-widget elementor-widget-text-editor\" data-id=\"d1f198e\" data-element_type=\"widget\" data-widget_type=\"text-editor.default\">\n\t\t\t\t<div class=\"elementor-widget-container\">\n\t\t\t\t\t\t\t<p>Jantar to\u00a0znana osada turystyczno &#8211; rybacka po\u0142o\u017cona na prastarym bursztynowym szlaku. W sezonie letnim miejscowo\u015b\u0107 staje si\u0119 gwarnym letniskiem przyci\u0105gaj\u0105cym turyst\u00f3w swoim leczniczym klimatem, przyrod\u0105, pi\u0119kn\u0105 szerok\u0105 pla\u017c\u0105. To druga pod wzgl\u0119dem wielko\u015bci miejscowo\u015b\u0107 w Gminie Stegna, le\u017c\u0105ca na Mierzei Wi\u015blanej.<\/p>\t\t\t\t\t\t<\/div>\n\t\t\t\t<\/div>\n\t\t\t\t\t<\/div>\n\t\t<\/div>\n\t\t\t\t\t\t\t<\/div>\n\t\t<\/section>\n\t\t\t\t<section class=\"elementor-section elementor-top-section elementor-element elementor-element-0d40539 elementor-section-boxed elementor-section-height-default elementor-section-height-default\" data-id=\"0d40539\" data-element_type=\"section\" data-settings=\"{&quot;_ha_eqh_enable&quot;:false}\">\n\t\t\t\t\t\t<div class=\"elementor-container elementor-column-gap-default\">\n\t\t\t\t\t<div class=\"elementor-column elementor-col-100 elementor-top-column elementor-element elementor-element-6c2c98a\" data-id=\"6c2c98a\" data-element_type=\"column\">\n\t\t\t<div class=\"elementor-widget-wrap elementor-element-populated\">\n\t\t\t\t\t\t\t\t<div class=\"elementor-element elementor-element-deb5dd1 elementor-widget-divider--view-line elementor-widget elementor-widget-divider\" data-id=\"deb5dd1\" data-element_type=\"widget\" data-widget_type=\"divider.default\">\n\t\t\t\t<div class=\"elementor-widget-container\">\n\t\t\t\t\t<div class=\"elementor-divider\">\n\t\t\t<span class=\"elementor-divider-separator\">\n\t\t\t\t\t\t<\/span>\n\t\t<\/div>\n\t\t\t\t<\/div>\n\t\t\t\t<\/div>\n\t\t\t\t<div class=\"elementor-element elementor-element-4a118d9 elementor-widget elementor-widget-heading\" data-id=\"4a118d9\" data-element_type=\"widget\" data-widget_type=\"heading.default\">\n\t\t\t\t<div class=\"elementor-widget-container\">\n\t\t\t<h2 class=\"elementor-heading-title elementor-size-default\">ZAKWATEROWANIE<\/h2>\t\t<\/div>\n\t\t\t\t<\/div>\n\t\t\t\t\t<\/div>\n\t\t<\/div>\n\t\t\t\t\t\t\t<\/div>\n\t\t<\/section>\n\t\t\t\t<section class=\"elementor-section elementor-top-section elementor-element elementor-element-d9251e0 elementor-section-boxed elementor-section-height-default elementor-section-height-default\" data-id=\"d9251e0\" data-element_type=\"section\" data-settings=\"{&quot;_ha_eqh_enable&quot;:false}\">\n\t\t\t\t\t\t<div class=\"elementor-container elementor-column-gap-default\">\n\t\t\t\t\t<div class=\"elementor-column elementor-col-100 elementor-top-column elementor-element elementor-element-224d6bf\" data-id=\"224d6bf\" data-element_type=\"column\">\n\t\t\t<div class=\"elementor-widget-wrap elementor-element-populated\">\n\t\t\t\t\t\t\t\t<div class=\"elementor-element elementor-element-71f7df1 elementor-widget elementor-widget-text-editor\" data-id=\"71f7df1\" data-element_type=\"widget\" data-widget_type=\"text-editor.default\">\n\t\t\t\t<div class=\"elementor-widget-container\">\n\t\t\t\t\t\t\t<p>O\u015brodek Wczasowy &#8220;Wiking&#8221; znajduje si\u0119 na g\u0119sto zalesionym terenie. Po\u0142o\u017cony jest w pobli\u017cu morza co znakomicie sprzyja korzystaniu z k\u0105pieli morskich i s\u0142onecznych. Na terenie o\u015brodka znajduje si\u0119: 5 boisk, kort do tenisa ziemnego, basen z podgrzewan\u0105 wod\u0105, 2 \u015bwietlice taneczne.<\/p>\t\t\t\t\t\t<\/div>\n\t\t\t\t<\/div>\n\t\t\t\t\t<\/div>\n\t\t<\/div>\n\t\t\t\t\t\t\t<\/div>\n\t\t<\/section>\n\t\t\t\t<section class=\"elementor-section elementor-top-section elementor-element elementor-element-71815d5 elementor-section-boxed elementor-section-height-default elementor-section-height-default\" data-id=\"71815d5\" data-element_type=\"section\" data-settings=\"{&quot;_ha_eqh_enable&quot;:false}\">\n\t\t\t\t\t\t<div class=\"elementor-container elementor-column-gap-default\">\n\t\t\t\t\t<div class=\"elementor-column elementor-col-100 elementor-top-column elementor-element elementor-element-6235412\" data-id=\"6235412\" data-element_type=\"column\">\n\t\t\t<div class=\"elementor-widget-wrap elementor-element-populated\">\n\t\t\t\t\t\t\t\t<div class=\"elementor-element elementor-element-25f01ac elementor-widget-divider--view-line elementor-widget elementor-widget-divider\" data-id=\"25f01ac\" data-element_type=\"widget\" data-widget_type=\"divider.default\">\n\t\t\t\t<div class=\"elementor-widget-container\">\n\t\t\t\t\t<div class=\"elementor-divider\">\n\t\t\t<span class=\"elementor-divider-separator\">\n\t\t\t\t\t\t<\/span>\n\t\t<\/div>\n\t\t\t\t<\/div>\n\t\t\t\t<\/div>\n\t\t\t\t\t<\/div>\n\t\t<\/div>\n\t\t\t\t\t\t\t<\/div>\n\t\t<\/section>\n\t\t\t\t<section class=\"elementor-section elementor-top-section elementor-element elementor-element-d244a49 elementor-section-boxed elementor-section-height-default elementor-section-height-default\" data-id=\"d244a49\" data-element_type=\"section\" data-settings=\"{&quot;_ha_eqh_enable&quot;:false}\">\n\t\t\t\t\t\t<div class=\"elementor-container elementor-column-gap-default\">\n\t\t\t\t\t<div class=\"elementor-column elementor-col-100 elementor-top-column elementor-element elementor-element-e8eb9a0\" data-id=\"e8eb9a0\" data-element_type=\"column\">\n\t\t\t<div class=\"elementor-widget-wrap elementor-element-populated\">\n\t\t\t\t\t\t\t\t<div class=\"elementor-element elementor-element-ad9c532 elementor-widget elementor-widget-heading\" data-id=\"ad9c532\" data-element_type=\"widget\" data-widget_type=\"heading.default\">\n\t\t\t\t<div class=\"elementor-widget-container\">\n\t\t\t<h2 class=\"elementor-heading-title elementor-size-default\">PROGRAM KOLONII*<\/h2>\t\t<\/div>\n\t\t\t\t<\/div>\n\t\t\t\t\t<\/div>\n\t\t<\/div>\n\t\t\t\t\t\t\t<\/div>\n\t\t<\/section>\n\t\t\t\t<section class=\"elementor-section elementor-top-section elementor-element elementor-element-6859a7e elementor-section-boxed elementor-section-height-default elementor-section-height-default\" data-id=\"6859a7e\" data-element_type=\"section\" data-settings=\"{&quot;_ha_eqh_enable&quot;:false}\">\n\t\t\t\t\t\t<div class=\"elementor-container elementor-column-gap-default\">\n\t\t\t\t\t<div class=\"elementor-column elementor-col-100 elementor-top-column elementor-element elementor-element-488ceb0\" data-id=\"488ceb0\" data-element_type=\"column\">\n\t\t\t<div class=\"elementor-widget-wrap elementor-element-populated\">\n\t\t\t\t\t\t\t\t<div class=\"elementor-element elementor-element-4d471ad elementor-widget elementor-widget-text-editor\" data-id=\"4d471ad\" data-element_type=\"widget\" data-widget_type=\"text-editor.default\">\n\t\t\t\t<div class=\"elementor-widget-container\">\n\t\t\t\t\t\t\t<p><strong>PROGRAM WYJAZDU:<\/strong><\/p><p><strong><u>DZIE\u0143 I <\/u><\/strong><\/p><p>Wyjazd z miejsca zbiorki o godz. 7.00. Przyjazd do miejscowo\u015bci Jantar . Zakwaterowanie, obiadokolacja. Zebranie organizacje, zapoznanie si\u0119 z regulaminem kolonii. Zapoznanie si\u0119 z okolic\u0105, nocleg.<\/p><p><strong><u>DZIE\u0143 II <\/u><\/strong><\/p><p>\u015aniadanie. Pla\u017cowanie. Powr\u00f3t do o\u015brodka na obiad. Gry sportowe, zaj\u0119cia na basenie. Kolacja. Nocleg.<\/p><p><strong><u>DZIE\u0143 III <\/u><\/strong><\/p><p>\u015aniadanie. Przejazd do Gdyni \u2013 zwiedzanie portu, nast\u0119pnie przejazd do Sopotu \u2013 molo, spacer po mie\u015bcie m.in. Krzywy Dom, ul. Bohater\u00f3w Mone Cassino, Opera Le\u015bna. Powr\u00f3t do o\u015brodka na obiadokolacj\u0119. Oko\u0142o godz. 22:00 \u2013 nocne zbieranie bursztynu &#8211; program realizowany po zmroku z zastosowaniem lamp UV na terenie pla\u017cy nad morzem \u2013 grupa zostaje\u00a0 podzielona na pary, ka\u017cda para otrzymuj\u0119 latark\u0119 UV i woreczek na bursztyny. Czas zaj\u0119\u0107 ok. 1-1,15 godziny. Powr\u00f3t do o\u015brodka. Nocleg.<\/p><p><strong><u>DZIE\u0143 IV <\/u><\/strong><\/p><p>\u015aniadanie. Przejazd do Stegny \u2013 zwiedzanie Muzeum Bursztynu \u00a0. Pobyt w parku linowym w Stegnie. Obiad. Pla\u017cowanie. Powr\u00f3t do o\u015brodka na kolacj\u0119, dyskoteka, konkurs fryzur. Nocleg.<\/p><p><strong><u>DZIE\u0143 V<\/u><\/strong><\/p><p>\u015aniadanie. Dzie\u0144 sportu na pla\u017cy \u2013 Mini Olimpiada na weso\u0142o . Obiad. Spacer po okolicy. Zaj\u0119cia rekreacyjne na terenie o\u015brodka. Rejs motor\u00f3wk\u0105 . Kolacja. \u00a0Gra terenowa. Nocleg.<\/p><p><strong><u>DZIE\u0143 VI<\/u><\/strong><\/p><p>\u015aniadanie. Wycieczka do Gda\u0144ska, zwiedzanie: Brama Z\u0142ota, D\u0142ugi Targ, Ratusz,\u00a0 Neptun, Ko\u015bci\u00f3\u0142 Mariacki, Ulica Mariacka, Brama Zielona, \u017buraw Gda\u0144ski, nast\u0119pnie pobyt w parku trampolin <br \/>\u201eMovement Arena\u201d Powr\u00f3t do o\u015brodka. Obiadokolacja. Nocleg.<\/p><p><strong><u>DZIE\u0143 VII <\/u><\/strong><\/p><p>\u015aniadanie. Przejazd do miejscowo\u015bci Przemys\u0142aw \u2013 pobyt w parku rozrywki \u2013 paintball , zawody <br \/>w strzelaniu do celu, lekcja kamufla\u017cu. Powr\u00f3t do o\u015brodka. Pla\u017cowanie. Kolacja. Nocleg.<\/p><p><strong><u>DZIE\u0143 VIII<\/u><\/strong><\/p><p>\u015aniadanie. Dzie\u0144 sportu na pla\u017cy \u2013 Mini Olimpiada na weso\u0142o- cz\u0119\u015b\u0107 II. Powr\u00f3t do o\u015brodka na obiad. Pla\u017cowanie. Kolacja. Chrzest kolonisty \u2013 \u201eNeptunalia\u201d . Podsumowanie pobytu &#8211; wr\u0119czenie nagr\u00f3d i dyplom\u00f3w. Po\u017cegnanie z morzem. Pakowanie baga\u017cy. Nocleg.<\/p><p><strong><u>DZIE\u0143 IX <\/u><\/strong><\/p><p>\u015aniadanie. Pobranie prowiantu na drog\u0119. Wyjazd w drog\u0119 powrotn\u0105. Obiad (dwudaniowy). Powr\u00f3t do miejsca zbi\u00f3rki.<\/p>\t\t\t\t\t\t<\/div>\n\t\t\t\t<\/div>\n\t\t\t\t\t<\/div>\n\t\t<\/div>\n\t\t\t\t\t\t\t<\/div>\n\t\t<\/section>\n\t\t\t\t<section class=\"elementor-section elementor-top-section elementor-element elementor-element-a1e90d7 elementor-section-boxed elementor-section-height-default elementor-section-height-default\" data-id=\"a1e90d7\" data-element_type=\"section\" data-settings=\"{&quot;_ha_eqh_enable&quot;:false}\">\n\t\t\t\t\t\t<div class=\"elementor-container elementor-column-gap-default\">\n\t\t\t\t\t<div class=\"elementor-column elementor-col-100 elementor-top-column elementor-element elementor-element-cdf064d\" data-id=\"cdf064d\" data-element_type=\"column\">\n\t\t\t<div class=\"elementor-widget-wrap elementor-element-populated\">\n\t\t\t\t\t\t\t\t<div class=\"elementor-element elementor-element-a589df9 elementor-widget-divider--view-line elementor-widget elementor-widget-divider\" data-id=\"a589df9\" data-element_type=\"widget\" data-widget_type=\"divider.default\">\n\t\t\t\t<div class=\"elementor-widget-container\">\n\t\t\t\t\t<div class=\"elementor-divider\">\n\t\t\t<span class=\"elementor-divider-separator\">\n\t\t\t\t\t\t<\/span>\n\t\t<\/div>\n\t\t\t\t<\/div>\n\t\t\t\t<\/div>\n\t\t\t\t\t<\/div>\n\t\t<\/div>\n\t\t\t\t\t\t\t<\/div>\n\t\t<\/section>\n\t\t\t\t<section class=\"elementor-section elementor-top-section elementor-element elementor-element-0e167e3 elementor-section-boxed elementor-section-height-default elementor-section-height-default\" data-id=\"0e167e3\" data-element_type=\"section\" data-settings=\"{&quot;_ha_eqh_enable&quot;:false}\">\n\t\t\t\t\t\t<div class=\"elementor-container elementor-column-gap-default\">\n\t\t\t\t\t<div class=\"elementor-column elementor-col-100 elementor-top-column elementor-element elementor-element-4da0ffd\" data-id=\"4da0ffd\" data-element_type=\"column\">\n\t\t\t<div class=\"elementor-widget-wrap elementor-element-populated\">\n\t\t\t\t\t\t\t\t<div class=\"elementor-element elementor-element-ae719dd elementor-widget elementor-widget-text-editor\" data-id=\"ae719dd\" data-element_type=\"widget\" data-widget_type=\"text-editor.default\">\n\t\t\t\t<div class=\"elementor-widget-container\">\n\t\t\t\t\t\t\t<p><strong>CENA ZAWIERA:<br \/><\/strong><\/p><ul><li>8 nocleg\u00f3w,<\/li><li>zakwaterowanie w pokojach\u2013 3,4,5 \u00a0osobowych z \u0142azienkami,<\/li><li>ca\u0142odzienne wy\u017cywienie : \u015bniadanie w formie bufetu + ciep\u0142e danie, dwudaniowy obiad, podwieczorek, kolacja w formie bufetu + ciep\u0142e danie,<\/li><li>korzystanie z kompleksu boisk, kortu do tenisa, basenu,<\/li><li>ognisko z pieczeniem kie\u0142basek,<\/li><li>dyskoteki,<\/li><li>transport autokarem w obydwie strony,<\/li><li>wycieczk\u0119 do Gdyni i Sopotu,<\/li><li>zaj\u0119cia w parku linowym,<\/li><li>zawody w parku rozrywki Przemys\u0142aw \u2013 paintball,<\/li><li>bilet wst\u0119pu do Muzeum Bursztynu,<\/li><li>nocne zbieranie bursztyn\u00f3w,<\/li><li>wycieczk\u0119 do Gda\u0144ska,<\/li><li>pobyt na terenie parku trampolin \u201e Movement Arena\u201d,<\/li><li>rejs motor\u00f3wk\u0105,<\/li><li>us\u0142ug\u0119 lokalnych przewodnik\u00f3w,<\/li><li>ubezpieczenie NNW,<\/li><li>opiek\u0119 wykwalifikowanej kadry pedagogiczna,<\/li><li>suchy prowiant na drog\u0119 powrotn\u0105,<\/li><li>opiek\u0119 piel\u0119gniarsk\u0105,<\/li><li>opieka ratownika na pla\u017cy,<\/li><li>obiad w drodze powrotnej<\/li><\/ul>\t\t\t\t\t\t<\/div>\n\t\t\t\t<\/div>\n\t\t\t\t\t<\/div>\n\t\t<\/div>\n\t\t\t\t\t\t\t<\/div>\n\t\t<\/section>\n\t\t\t\t<section class=\"elementor-section elementor-top-section elementor-element elementor-element-e356987 elementor-section-boxed elementor-section-height-default elementor-section-height-default\" data-id=\"e356987\" data-element_type=\"section\" data-settings=\"{&quot;_ha_eqh_enable&quot;:false}\">\n\t\t\t\t\t\t<div class=\"elementor-container elementor-column-gap-default\">\n\t\t\t\t\t<div class=\"elementor-column elementor-col-100 elementor-top-column elementor-element elementor-element-bc994e2\" data-id=\"bc994e2\" data-element_type=\"column\">\n\t\t\t<div class=\"elementor-widget-wrap elementor-element-populated\">\n\t\t\t\t\t\t\t\t<div class=\"elementor-element elementor-element-73a6374 elementor-widget-divider--view-line elementor-widget elementor-widget-divider\" data-id=\"73a6374\" data-element_type=\"widget\" data-widget_type=\"divider.default\">\n\t\t\t\t<div class=\"elementor-widget-container\">\n\t\t\t\t\t<div class=\"elementor-divider\">\n\t\t\t<span class=\"elementor-divider-separator\">\n\t\t\t\t\t\t<\/span>\n\t\t<\/div>\n\t\t\t\t<\/div>\n\t\t\t\t<\/div>\n\t\t\t\t\t<\/div>\n\t\t<\/div>\n\t\t\t\t\t\t\t<\/div>\n\t\t<\/section>\n\t\t\t\t<section class=\"elementor-section elementor-top-section elementor-element elementor-element-fc20f65 elementor-section-boxed elementor-section-height-default elementor-section-height-default\" data-id=\"fc20f65\" data-element_type=\"section\" data-settings=\"{&quot;_ha_eqh_enable&quot;:false}\">\n\t\t\t\t\t\t<div class=\"elementor-container elementor-column-gap-default\">\n\t\t\t\t\t<div class=\"elementor-column elementor-col-100 elementor-top-column elementor-element elementor-element-800c29c\" data-id=\"800c29c\" data-element_type=\"column\">\n\t\t\t<div class=\"elementor-widget-wrap elementor-element-populated\">\n\t\t\t\t\t\t\t\t<div class=\"elementor-element elementor-element-3c17ec8 elementor-widget elementor-widget-text-editor\" data-id=\"3c17ec8\" data-element_type=\"widget\" data-widget_type=\"text-editor.default\">\n\t\t\t\t<div class=\"elementor-widget-container\">\n\t\t\t\t\t\t\t<h3><strong>\u00a0CENA &#8211; 2490 z\u0142<\/strong><\/h3>\t\t\t\t\t\t<\/div>\n\t\t\t\t<\/div>\n\t\t\t\t\t<\/div>\n\t\t<\/div>\n\t\t\t\t\t\t\t<\/div>\n\t\t<\/section>\n\t\t\t\t<section class=\"elementor-section elementor-top-section elementor-element elementor-element-cad50cf elementor-section-boxed elementor-section-height-default elementor-section-height-default\" data-id=\"cad50cf\" data-element_type=\"section\" data-settings=\"{&quot;_ha_eqh_enable&quot;:false}\">\n\t\t\t\t\t\t<div class=\"elementor-container elementor-column-gap-default\">\n\t\t\t\t\t<div class=\"elementor-column elementor-col-100 elementor-top-column elementor-element elementor-element-2a027cf\" data-id=\"2a027cf\" data-element_type=\"column\">\n\t\t\t<div class=\"elementor-widget-wrap elementor-element-populated\">\n\t\t\t\t\t\t\t\t<div class=\"elementor-element elementor-element-47a0cf4 elementor-widget-divider--view-line elementor-widget elementor-widget-divider\" data-id=\"47a0cf4\" data-element_type=\"widget\" data-widget_type=\"divider.default\">\n\t\t\t\t<div class=\"elementor-widget-container\">\n\t\t\t\t\t<div class=\"elementor-divider\">\n\t\t\t<span class=\"elementor-divider-separator\">\n\t\t\t\t\t\t<\/span>\n\t\t<\/div>\n\t\t\t\t<\/div>\n\t\t\t\t<\/div>\n\t\t\t\t\t<\/div>\n\t\t<\/div>\n\t\t\t\t\t\t\t<\/div>\n\t\t<\/section>\n\t\t\t\t<section class=\"elementor-section elementor-top-section elementor-element elementor-element-5ef97ba elementor-section-boxed elementor-section-height-default elementor-section-height-default\" data-id=\"5ef97ba\" data-element_type=\"section\" data-settings=\"{&quot;_ha_eqh_enable&quot;:false}\">\n\t\t\t\t\t\t<div class=\"elementor-container elementor-column-gap-default\">\n\t\t\t\t\t<div class=\"elementor-column elementor-col-100 elementor-top-column elementor-element elementor-element-6500ab3\" data-id=\"6500ab3\" data-element_type=\"column\">\n\t\t\t<div class=\"elementor-widget-wrap elementor-element-populated\">\n\t\t\t\t\t\t\t\t<div class=\"elementor-element elementor-element-41ad687 elementor-widget elementor-widget-heading\" data-id=\"41ad687\" data-element_type=\"widget\" data-widget_type=\"heading.default\">\n\t\t\t\t<div class=\"elementor-widget-container\">\n\t\t\t<h2 class=\"elementor-heading-title elementor-size-default\">TERMINY:<\/h2>\t\t<\/div>\n\t\t\t\t<\/div>\n\t\t\t\t\t<\/div>\n\t\t<\/div>\n\t\t\t\t\t\t\t<\/div>\n\t\t<\/section>\n\t\t\t\t<section class=\"elementor-section elementor-top-section elementor-element elementor-element-b8974e1 elementor-section-boxed elementor-section-height-default elementor-section-height-default\" data-id=\"b8974e1\" data-element_type=\"section\" data-settings=\"{&quot;_ha_eqh_enable&quot;:false}\">\n\t\t\t\t\t\t<div class=\"elementor-container elementor-column-gap-default\">\n\t\t\t\t\t<div class=\"elementor-column elementor-col-100 elementor-top-column elementor-element elementor-element-6ed9f55\" data-id=\"6ed9f55\" data-element_type=\"column\">\n\t\t\t<div class=\"elementor-widget-wrap elementor-element-populated\">\n\t\t\t\t\t\t\t\t<div class=\"elementor-element elementor-element-cfe22cd elementor-widget elementor-widget-text-editor\" data-id=\"cfe22cd\" data-element_type=\"widget\" data-widget_type=\"text-editor.default\">\n\t\t\t\t<div class=\"elementor-widget-container\">\n\t\t\t\t\t\t\t<p><strong>26.07.2025 \u2013 03.08.2025<\/strong><br \/><strong>03.08.2025 \u2013 11.08.2025<\/strong><\/p>\t\t\t\t\t\t<\/div>\n\t\t\t\t<\/div>\n\t\t\t\t\t<\/div>\n\t\t<\/div>\n\t\t\t\t\t\t\t<\/div>\n\t\t<\/section>\n\t\t\t\t\t\t\t<\/div>\n\t\t","protected":false},"excerpt":{"rendered":"<p>JANTAR Jantar to\u00a0znana osada turystyczno &#8211; rybacka po\u0142o\u017cona na prastarym bursztynowym szlaku. W sezonie letnim miejscowo\u015b\u0107 staje si\u0119 gwarnym letniskiem przyci\u0105gaj\u0105cym turyst\u00f3w swoim leczniczym klimatem, przyrod\u0105, pi\u0119kn\u0105 szerok\u0105 pla\u017c\u0105. To druga pod wzgl\u0119dem wielko\u015bci miejscowo\u015b\u0107 w Gminie Stegna, le\u017c\u0105ca na Mierzei Wi\u015blanej. ZAKWATEROWANIE O\u015brodek Wczasowy &#8220;Wiking&#8221; znajduje si\u0119 na g\u0119sto zalesionym terenie. Po\u0142o\u017cony jest w &hellip;<\/p>\n<p class=\"read-more\"> <a class=\"\" href=\"https:\/\/ancora.info.pl\/?page_id=355\"> <span class=\"screen-reader-text\">Jantar<\/span> Read More &raquo;<\/a><\/p>\n","protected":false},"author":1,"featured_media":0,"parent":0,"menu_order":0,"comment_status":"closed","ping_status":"closed","template":"","meta":[],"_links":{"self":[{"href":"https:\/\/ancora.info.pl\/index.php?rest_route=\/wp\/v2\/pages\/355"}],"collection":[{"href":"https:\/\/ancora.info.pl\/index.php?rest_route=\/wp\/v2\/pages"}],"about":[{"href":"https:\/\/ancora.info.pl\/index.php?rest_route=\/wp\/v2\/types\/page"}],"author":[{"embeddable":true,"href":"https:\/\/ancora.info.pl\/index.php?rest_route=\/wp\/v2\/users\/1"}],"replies":[{"embeddable":true,"href":"https:\/\/ancora.info.pl\/index.php?rest_route=%2Fwp%2Fv2%2Fcomments&post=355"}],"version-history":[{"count":40,"href":"https:\/\/ancora.info.pl\/index.php?rest_route=\/wp\/v2\/pages\/355\/revisions"}],"predecessor-version":[{"id":1551,"href":"https:\/\/ancora.info.pl\/index.php?rest_route=\/wp\/v2\/pages\/355\/revisions\/1551"}],"wp:attachment":[{"href":"https:\/\/ancora.info.pl\/index.php?rest_route=%2Fwp%2Fv2%2Fmedia&parent=355"}],"curies":[{"name":"wp","href":"https:\/\/api.w.org\/{rel}","templated":true}]}}