{"id":41,"date":"2021-03-14T14:38:29","date_gmt":"2021-03-14T13:38:29","guid":{"rendered":"http:\/\/wordpress2167206.home.pl\/autoinstalator\/wordpressplugins3\/?page_id=41"},"modified":"2021-03-25T21:42:35","modified_gmt":"2021-03-25T20:42:35","slug":"berlin","status":"publish","type":"page","link":"https:\/\/ancora.info.pl\/?page_id=41","title":{"rendered":"Berlin"},"content":{"rendered":"\t\t<div data-elementor-type=\"wp-page\" data-elementor-id=\"41\" class=\"elementor elementor-41\">\n\t\t\t\t\t\t\t\t\t<section class=\"elementor-section elementor-top-section elementor-element elementor-element-1b6d831 elementor-section-boxed elementor-section-height-default elementor-section-height-default\" data-id=\"1b6d831\" data-element_type=\"section\" data-settings=\"{&quot;_ha_eqh_enable&quot;:false}\">\n\t\t\t\t\t\t<div class=\"elementor-container elementor-column-gap-default\">\n\t\t\t\t\t<div class=\"elementor-column elementor-col-100 elementor-top-column elementor-element elementor-element-170effd\" data-id=\"170effd\" data-element_type=\"column\">\n\t\t\t<div class=\"elementor-widget-wrap elementor-element-populated\">\n\t\t\t\t\t\t\t\t<div class=\"elementor-element elementor-element-9afda11 elementor-widget elementor-widget-heading\" data-id=\"9afda11\" data-element_type=\"widget\" data-widget_type=\"heading.default\">\n\t\t\t\t<div class=\"elementor-widget-container\">\n\t\t\t<h2 class=\"elementor-heading-title elementor-size-default\">BERLIN<\/h2>\t\t<\/div>\n\t\t\t\t<\/div>\n\t\t\t\t\t<\/div>\n\t\t<\/div>\n\t\t\t\t\t\t\t<\/div>\n\t\t<\/section>\n\t\t\t\t<section class=\"elementor-section elementor-top-section elementor-element elementor-element-df0ab89 elementor-section-boxed elementor-section-height-default elementor-section-height-default\" data-id=\"df0ab89\" data-element_type=\"section\" data-settings=\"{&quot;_ha_eqh_enable&quot;:false}\">\n\t\t\t\t\t\t<div class=\"elementor-container elementor-column-gap-default\">\n\t\t\t\t\t<div class=\"elementor-column elementor-col-100 elementor-top-column elementor-element elementor-element-c6239c1\" data-id=\"c6239c1\" data-element_type=\"column\">\n\t\t\t<div class=\"elementor-widget-wrap elementor-element-populated\">\n\t\t\t\t\t\t\t\t<div class=\"elementor-element elementor-element-a329aed elementor-widget-divider--view-line elementor-widget elementor-widget-divider\" data-id=\"a329aed\" data-element_type=\"widget\" data-widget_type=\"divider.default\">\n\t\t\t\t<div class=\"elementor-widget-container\">\n\t\t\t\t\t<div class=\"elementor-divider\">\n\t\t\t<span class=\"elementor-divider-separator\">\n\t\t\t\t\t\t<\/span>\n\t\t<\/div>\n\t\t\t\t<\/div>\n\t\t\t\t<\/div>\n\t\t\t\t\t<\/div>\n\t\t<\/div>\n\t\t\t\t\t\t\t<\/div>\n\t\t<\/section>\n\t\t\t\t<section class=\"elementor-section elementor-top-section elementor-element elementor-element-9dde13c elementor-section-boxed elementor-section-height-default elementor-section-height-default\" data-id=\"9dde13c\" data-element_type=\"section\" data-settings=\"{&quot;_ha_eqh_enable&quot;:false}\">\n\t\t\t\t\t\t<div class=\"elementor-container elementor-column-gap-default\">\n\t\t\t\t\t<div class=\"elementor-column elementor-col-33 elementor-top-column elementor-element elementor-element-0ed08c8\" data-id=\"0ed08c8\" data-element_type=\"column\">\n\t\t\t<div class=\"elementor-widget-wrap elementor-element-populated\">\n\t\t\t\t\t\t\t\t<div class=\"elementor-element elementor-element-4ff9c4e elementor-widget elementor-widget-image\" data-id=\"4ff9c4e\" data-element_type=\"widget\" data-widget_type=\"image.default\">\n\t\t\t\t<div class=\"elementor-widget-container\">\n\t\t\t\t\t\t\t\t\t\t\t\t\t\t\t<img width=\"600\" height=\"400\" src=\"https:\/\/ancora.info.pl\/wp-content\/uploads\/2021\/03\/berlin6a.jpg\" class=\"attachment-large size-large\" alt=\"\" loading=\"lazy\" srcset=\"https:\/\/ancora.info.pl\/wp-content\/uploads\/2021\/03\/berlin6a.jpg 600w, https:\/\/ancora.info.pl\/wp-content\/uploads\/2021\/03\/berlin6a-300x200.jpg 300w\" sizes=\"(max-width: 600px) 100vw, 600px\" \/>\t\t\t\t\t\t\t\t\t\t\t\t\t\t\t<\/div>\n\t\t\t\t<\/div>\n\t\t\t\t\t<\/div>\n\t\t<\/div>\n\t\t\t\t<div class=\"elementor-column elementor-col-33 elementor-top-column elementor-element elementor-element-8929323\" data-id=\"8929323\" data-element_type=\"column\">\n\t\t\t<div class=\"elementor-widget-wrap elementor-element-populated\">\n\t\t\t\t\t\t\t\t<div class=\"elementor-element elementor-element-4301757 elementor-widget elementor-widget-image\" data-id=\"4301757\" data-element_type=\"widget\" data-widget_type=\"image.default\">\n\t\t\t\t<div class=\"elementor-widget-container\">\n\t\t\t\t\t\t\t\t\t\t\t\t\t\t\t<img width=\"600\" height=\"400\" src=\"https:\/\/ancora.info.pl\/wp-content\/uploads\/2021\/03\/berlin5a.jpg\" class=\"attachment-large size-large\" alt=\"\" loading=\"lazy\" srcset=\"https:\/\/ancora.info.pl\/wp-content\/uploads\/2021\/03\/berlin5a.jpg 600w, https:\/\/ancora.info.pl\/wp-content\/uploads\/2021\/03\/berlin5a-300x200.jpg 300w\" sizes=\"(max-width: 600px) 100vw, 600px\" \/>\t\t\t\t\t\t\t\t\t\t\t\t\t\t\t<\/div>\n\t\t\t\t<\/div>\n\t\t\t\t\t<\/div>\n\t\t<\/div>\n\t\t\t\t<div class=\"elementor-column elementor-col-33 elementor-top-column elementor-element elementor-element-b6b6ec6\" data-id=\"b6b6ec6\" data-element_type=\"column\">\n\t\t\t<div class=\"elementor-widget-wrap elementor-element-populated\">\n\t\t\t\t\t\t\t\t<div class=\"elementor-element elementor-element-b5ccc37 elementor-widget elementor-widget-image\" data-id=\"b5ccc37\" data-element_type=\"widget\" data-widget_type=\"image.default\">\n\t\t\t\t<div class=\"elementor-widget-container\">\n\t\t\t\t\t\t\t\t\t\t\t\t\t\t\t<img width=\"600\" height=\"400\" src=\"https:\/\/ancora.info.pl\/wp-content\/uploads\/2021\/03\/berlin4a.jpg\" class=\"attachment-large size-large\" alt=\"\" loading=\"lazy\" srcset=\"https:\/\/ancora.info.pl\/wp-content\/uploads\/2021\/03\/berlin4a.jpg 600w, https:\/\/ancora.info.pl\/wp-content\/uploads\/2021\/03\/berlin4a-300x200.jpg 300w\" sizes=\"(max-width: 600px) 100vw, 600px\" \/>\t\t\t\t\t\t\t\t\t\t\t\t\t\t\t<\/div>\n\t\t\t\t<\/div>\n\t\t\t\t\t<\/div>\n\t\t<\/div>\n\t\t\t\t\t\t\t<\/div>\n\t\t<\/section>\n\t\t\t\t<section class=\"elementor-section elementor-top-section elementor-element elementor-element-71815d5 elementor-section-boxed elementor-section-height-default elementor-section-height-default\" data-id=\"71815d5\" data-element_type=\"section\" data-settings=\"{&quot;_ha_eqh_enable&quot;:false}\">\n\t\t\t\t\t\t<div class=\"elementor-container elementor-column-gap-default\">\n\t\t\t\t\t<div class=\"elementor-column elementor-col-100 elementor-top-column elementor-element elementor-element-6235412\" data-id=\"6235412\" data-element_type=\"column\">\n\t\t\t<div class=\"elementor-widget-wrap elementor-element-populated\">\n\t\t\t\t\t\t\t\t<div class=\"elementor-element elementor-element-25f01ac elementor-widget-divider--view-line elementor-widget elementor-widget-divider\" data-id=\"25f01ac\" data-element_type=\"widget\" data-widget_type=\"divider.default\">\n\t\t\t\t<div class=\"elementor-widget-container\">\n\t\t\t\t\t<div class=\"elementor-divider\">\n\t\t\t<span class=\"elementor-divider-separator\">\n\t\t\t\t\t\t<\/span>\n\t\t<\/div>\n\t\t\t\t<\/div>\n\t\t\t\t<\/div>\n\t\t\t\t\t<\/div>\n\t\t<\/div>\n\t\t\t\t\t\t\t<\/div>\n\t\t<\/section>\n\t\t\t\t<section class=\"elementor-section elementor-top-section elementor-element elementor-element-d244a49 elementor-section-boxed elementor-section-height-default elementor-section-height-default\" data-id=\"d244a49\" data-element_type=\"section\" data-settings=\"{&quot;_ha_eqh_enable&quot;:false}\">\n\t\t\t\t\t\t<div class=\"elementor-container elementor-column-gap-default\">\n\t\t\t\t\t<div class=\"elementor-column elementor-col-100 elementor-top-column elementor-element elementor-element-e8eb9a0\" data-id=\"e8eb9a0\" data-element_type=\"column\">\n\t\t\t<div class=\"elementor-widget-wrap elementor-element-populated\">\n\t\t\t\t\t\t\t\t<div class=\"elementor-element elementor-element-ad9c532 elementor-widget elementor-widget-heading\" data-id=\"ad9c532\" data-element_type=\"widget\" data-widget_type=\"heading.default\">\n\t\t\t\t<div class=\"elementor-widget-container\">\n\t\t\t<h2 class=\"elementor-heading-title elementor-size-default\">PROGRAM WYCIECZKI*<\/h2>\t\t<\/div>\n\t\t\t\t<\/div>\n\t\t\t\t\t<\/div>\n\t\t<\/div>\n\t\t\t\t\t\t\t<\/div>\n\t\t<\/section>\n\t\t\t\t<section class=\"elementor-section elementor-top-section elementor-element elementor-element-6859a7e elementor-section-boxed elementor-section-height-default elementor-section-height-default\" data-id=\"6859a7e\" data-element_type=\"section\" data-settings=\"{&quot;_ha_eqh_enable&quot;:false}\">\n\t\t\t\t\t\t<div class=\"elementor-container elementor-column-gap-default\">\n\t\t\t\t\t<div class=\"elementor-column elementor-col-100 elementor-top-column elementor-element elementor-element-488ceb0\" data-id=\"488ceb0\" data-element_type=\"column\">\n\t\t\t<div class=\"elementor-widget-wrap elementor-element-populated\">\n\t\t\t\t\t\t\t\t<div class=\"elementor-element elementor-element-4d471ad elementor-widget elementor-widget-text-editor\" data-id=\"4d471ad\" data-element_type=\"widget\" data-widget_type=\"text-editor.default\">\n\t\t\t\t<div class=\"elementor-widget-container\">\n\t\t\t\t\t\t\t<p><strong>DZIE\u0143 I<\/strong><br>Zbi\u00f3rka uczestnik\u00f3w, wyjazd o godz. 6:30.<br>Przyjazd do miejscowo\u015bci BAD MUSKAU; spacer po zabytkowym parku, po\u0142o\u017conym w dolinie Nysy \u0141u\u017cyckiej, uznawanym za arcydzie\u0142o sztuki ogrodniczej. Park zosta\u0142 za\u0142o\u017cony na podstawie plan\u00f3w ksi\u0119cia Hermanna von Pueckler-Muskau. Ca\u0142e za\u0142o\u017cenie stanowi po\u0142\u0105czenie las\u00f3w, \u0142\u0105k, malowniczych jezior i niezliczonych kilometr\u00f3w kr\u0119tych \u015bcie\u017cek, kt\u00f3re s\u0105 dost\u0119pne dla pieszych i rowerzyst\u00f3w. Krajobraz dope\u0142niaj\u0105 ciekawe, wtopione w ziele\u0144 budowle, w\u015br\u00f3d kt\u00f3rych szczeg\u00f3lnie malowniczo prezentuj\u0105 si\u0119 mostki przerzucone nad Nys\u0105 \u0141u\u017cyck\u0105, kt\u00f3re umo\u017cliwiaj\u0105 swobodne przej\u015bcie do le\u017c\u0105cej w Polsce cz\u0119\u015bci parku. Przejazd do miejsca zakwaterowania w S\u0142ubicach \u2013 zakwaterowanie. Nast\u0119pnie impreza integracyjna z udzia\u0142em DJ. Nocleg.<\/p>\n<p><strong>DZIE\u0143 II<\/strong><br>\u015aniadanie. <br>Zwiedzanie Berlina: Przejazd na Aleksanderplatz. Spacer po Berlinie: Aleksanderplatz \u2013 Ko\u015bci\u00f3\u0142 Mariacki (poch\u00f3d ta\u0144cz\u0105cych ze \u015bmierci\u0105) \u2013Nikolaiviertel &#8211; Plac Zamkowy (miejsce odbudowy zamku berli\u0144skiego, zniszczonego w 1952 r. przez w\u0142adze DDR), Wyspa Muzealna &#8211; Unter der Linden (najpi\u0119kniejsza ulica Berlina) &#8211; Nowa Wartownia (miejsce pami\u0119ci ofiar faszyzmu) Uniwersytet Humboldta (najstarszy uniwersytet Berlina) &#8211; Katedra katolicka \u015bw. Jadwigi, Pomnik spalonych ksi\u0105\u017cek, Mur berli\u0144ski, Plac Paryski i Brama Brandenburska, Kurfurstendamm (ulica rozrywki i elegancji). Powr\u00f3t do hotelu. Obiadokolacja, nocleg.<\/p>\n<p><strong>DZIE\u0143 III<\/strong><br>\u015aniadanie.<br>Przejazd do Poczdamu.<br>-zwiedzanie wspania\u0142ych ogrod\u00f3w i pa\u0142acu Sanssouci oraz Starego Miasta,<br>-przejazd przez Dzielnic\u0119 Holendersk\u0105 i Rosyjsk\u0105 Koloni\u0119 Aleksandrowka,<br>-Most Glenicke \u2013 most szpieg\u00f3w<br>Wyjazd w drog\u0119 powrotn\u0105. Obiad po stronie polskiej.<\/p>\n<p class=\"MsoNormal\"><strong>* Program jest ramowy i mo\u017ce ulec zmianie w zale\u017cno\u015bci od potrzeb grupy.<\/strong><\/p>\t\t\t\t\t\t<\/div>\n\t\t\t\t<\/div>\n\t\t\t\t\t<\/div>\n\t\t<\/div>\n\t\t\t\t\t\t\t<\/div>\n\t\t<\/section>\n\t\t\t\t<section class=\"elementor-section elementor-top-section elementor-element elementor-element-a1e90d7 elementor-section-boxed elementor-section-height-default elementor-section-height-default\" data-id=\"a1e90d7\" data-element_type=\"section\" data-settings=\"{&quot;_ha_eqh_enable&quot;:false}\">\n\t\t\t\t\t\t<div class=\"elementor-container elementor-column-gap-default\">\n\t\t\t\t\t<div class=\"elementor-column elementor-col-100 elementor-top-column elementor-element elementor-element-cdf064d\" data-id=\"cdf064d\" data-element_type=\"column\">\n\t\t\t<div class=\"elementor-widget-wrap elementor-element-populated\">\n\t\t\t\t\t\t\t\t<div class=\"elementor-element elementor-element-a589df9 elementor-widget-divider--view-line elementor-widget elementor-widget-divider\" data-id=\"a589df9\" data-element_type=\"widget\" data-widget_type=\"divider.default\">\n\t\t\t\t<div class=\"elementor-widget-container\">\n\t\t\t\t\t<div class=\"elementor-divider\">\n\t\t\t<span class=\"elementor-divider-separator\">\n\t\t\t\t\t\t<\/span>\n\t\t<\/div>\n\t\t\t\t<\/div>\n\t\t\t\t<\/div>\n\t\t\t\t\t<\/div>\n\t\t<\/div>\n\t\t\t\t\t\t\t<\/div>\n\t\t<\/section>\n\t\t\t\t<section class=\"elementor-section elementor-top-section elementor-element elementor-element-6229897 elementor-section-boxed elementor-section-height-default elementor-section-height-default\" data-id=\"6229897\" data-element_type=\"section\" data-settings=\"{&quot;_ha_eqh_enable&quot;:false}\">\n\t\t\t\t\t\t<div class=\"elementor-container elementor-column-gap-default\">\n\t\t\t\t\t<div class=\"elementor-column elementor-col-100 elementor-top-column elementor-element elementor-element-6ece352\" data-id=\"6ece352\" data-element_type=\"column\">\n\t\t\t<div class=\"elementor-widget-wrap elementor-element-populated\">\n\t\t\t\t\t\t\t\t<div class=\"elementor-element elementor-element-d815fba elementor-widget elementor-widget-text-editor\" data-id=\"d815fba\" data-element_type=\"widget\" data-widget_type=\"text-editor.default\">\n\t\t\t\t<div class=\"elementor-widget-container\">\n\t\t\t\t\t\t\t<p><strong>CENA ZAWIERA:<\/strong><br \/>&#8211; 2 noclegi w hotelu *** w S\u0142ubicach w pokojach 2,3,4 &#8211; osobowych,<br \/>&#8211; 1 obiadokolacje, 2 \u015bniadania,<br \/>&#8211; imprez\u0119 integracyjn\u0105,<br \/>&#8211; us\u0142ug\u0119 DJ-A<br \/>&#8211; dwudaniowy obiad w drodze powrotnej,<br \/>&#8211; opieka pilota-przewodnika,<br \/>&#8211; ubezpieczenie KL + NNW,<br \/>&#8211; transport klimatyzowanym autokarem<\/p>\t\t\t\t\t\t<\/div>\n\t\t\t\t<\/div>\n\t\t\t\t\t<\/div>\n\t\t<\/div>\n\t\t\t\t\t\t\t<\/div>\n\t\t<\/section>\n\t\t\t\t<section class=\"elementor-section elementor-top-section elementor-element elementor-element-0e167e3 elementor-section-boxed elementor-section-height-default elementor-section-height-default\" data-id=\"0e167e3\" data-element_type=\"section\" data-settings=\"{&quot;_ha_eqh_enable&quot;:false}\">\n\t\t\t\t\t\t<div class=\"elementor-container elementor-column-gap-default\">\n\t\t\t\t\t<div class=\"elementor-column elementor-col-100 elementor-top-column elementor-element elementor-element-4da0ffd\" data-id=\"4da0ffd\" data-element_type=\"column\">\n\t\t\t<div class=\"elementor-widget-wrap elementor-element-populated\">\n\t\t\t\t\t\t\t\t<div class=\"elementor-element elementor-element-ae719dd elementor-widget elementor-widget-text-editor\" data-id=\"ae719dd\" data-element_type=\"widget\" data-widget_type=\"text-editor.default\">\n\t\t\t\t<div class=\"elementor-widget-container\">\n\t\t\t\t\t\t\t<p><strong>CENA NIE ZAWIERA:<br \/><\/strong>&#8211; bilet\u00f3w wst\u0119pu do zwiedzanych obiekt\u00f3w.<\/p>\t\t\t\t\t\t<\/div>\n\t\t\t\t<\/div>\n\t\t\t\t\t<\/div>\n\t\t<\/div>\n\t\t\t\t\t\t\t<\/div>\n\t\t<\/section>\n\t\t\t\t<section class=\"elementor-section elementor-top-section elementor-element elementor-element-e356987 elementor-section-boxed elementor-section-height-default elementor-section-height-default\" data-id=\"e356987\" data-element_type=\"section\" data-settings=\"{&quot;_ha_eqh_enable&quot;:false}\">\n\t\t\t\t\t\t<div class=\"elementor-container elementor-column-gap-default\">\n\t\t\t\t\t<div class=\"elementor-column elementor-col-100 elementor-top-column elementor-element elementor-element-bc994e2\" data-id=\"bc994e2\" data-element_type=\"column\">\n\t\t\t<div class=\"elementor-widget-wrap elementor-element-populated\">\n\t\t\t\t\t\t\t\t<div class=\"elementor-element elementor-element-73a6374 elementor-widget-divider--view-line elementor-widget elementor-widget-divider\" data-id=\"73a6374\" data-element_type=\"widget\" data-widget_type=\"divider.default\">\n\t\t\t\t<div class=\"elementor-widget-container\">\n\t\t\t\t\t<div class=\"elementor-divider\">\n\t\t\t<span class=\"elementor-divider-separator\">\n\t\t\t\t\t\t<\/span>\n\t\t<\/div>\n\t\t\t\t<\/div>\n\t\t\t\t<\/div>\n\t\t\t\t\t<\/div>\n\t\t<\/div>\n\t\t\t\t\t\t\t<\/div>\n\t\t<\/section>\n\t\t\t\t<section class=\"elementor-section elementor-top-section elementor-element elementor-element-1ebf216 elementor-section-boxed elementor-section-height-default elementor-section-height-default\" data-id=\"1ebf216\" data-element_type=\"section\" data-settings=\"{&quot;_ha_eqh_enable&quot;:false}\">\n\t\t\t\t\t\t<div class=\"elementor-container elementor-column-gap-default\">\n\t\t\t\t\t<div class=\"elementor-column elementor-col-100 elementor-top-column elementor-element elementor-element-cd37508\" data-id=\"cd37508\" data-element_type=\"column\">\n\t\t\t<div class=\"elementor-widget-wrap\">\n\t\t\t\t\t\t\t\t\t<\/div>\n\t\t<\/div>\n\t\t\t\t\t\t\t<\/div>\n\t\t<\/section>\n\t\t\t\t\t\t\t<\/div>\n\t\t","protected":false},"excerpt":{"rendered":"<p>BERLIN PROGRAM WYCIECZKI* DZIE\u0143 IZbi\u00f3rka uczestnik\u00f3w, wyjazd o godz. 6:30.Przyjazd do miejscowo\u015bci BAD MUSKAU; spacer po zabytkowym parku, po\u0142o\u017conym w dolinie Nysy \u0141u\u017cyckiej, uznawanym za arcydzie\u0142o sztuki ogrodniczej. Park zosta\u0142 za\u0142o\u017cony na podstawie plan\u00f3w ksi\u0119cia Hermanna von Pueckler-Muskau. Ca\u0142e za\u0142o\u017cenie stanowi po\u0142\u0105czenie las\u00f3w, \u0142\u0105k, malowniczych jezior i niezliczonych kilometr\u00f3w kr\u0119tych \u015bcie\u017cek, kt\u00f3re s\u0105 dost\u0119pne dla &hellip;<\/p>\n<p class=\"read-more\"> <a class=\"\" href=\"https:\/\/ancora.info.pl\/?page_id=41\"> <span class=\"screen-reader-text\">Berlin<\/span> Read More &raquo;<\/a><\/p>\n","protected":false},"author":1,"featured_media":0,"parent":0,"menu_order":0,"comment_status":"closed","ping_status":"closed","template":"","meta":[],"_links":{"self":[{"href":"https:\/\/ancora.info.pl\/index.php?rest_route=\/wp\/v2\/pages\/41"}],"collection":[{"href":"https:\/\/ancora.info.pl\/index.php?rest_route=\/wp\/v2\/pages"}],"about":[{"href":"https:\/\/ancora.info.pl\/index.php?rest_route=\/wp\/v2\/types\/page"}],"author":[{"embeddable":true,"href":"https:\/\/ancora.info.pl\/index.php?rest_route=\/wp\/v2\/users\/1"}],"replies":[{"embeddable":true,"href":"https:\/\/ancora.info.pl\/index.php?rest_route=%2Fwp%2Fv2%2Fcomments&post=41"}],"version-history":[{"count":19,"href":"https:\/\/ancora.info.pl\/index.php?rest_route=\/wp\/v2\/pages\/41\/revisions"}],"predecessor-version":[{"id":828,"href":"https:\/\/ancora.info.pl\/index.php?rest_route=\/wp\/v2\/pages\/41\/revisions\/828"}],"wp:attachment":[{"href":"https:\/\/ancora.info.pl\/index.php?rest_route=%2Fwp%2Fv2%2Fmedia&parent=41"}],"curies":[{"name":"wp","href":"https:\/\/api.w.org\/{rel}","templated":true}]}}