{"id":490,"date":"2021-03-15T10:30:37","date_gmt":"2021-03-15T09:30:37","guid":{"rendered":"http:\/\/wordpress2167206.home.pl\/autoinstalator\/wordpressplugins3\/?page_id=490"},"modified":"2021-03-25T22:50:38","modified_gmt":"2021-03-25T21:50:38","slug":"oboz-koszykarski-w-ustroniu-morskim-2","status":"publish","type":"page","link":"https:\/\/ancora.info.pl\/?page_id=490","title":{"rendered":"Ob\u00f3z koszykarski w Ustroniu Morskim"},"content":{"rendered":"\t\t<div data-elementor-type=\"wp-page\" data-elementor-id=\"490\" class=\"elementor elementor-490\">\n\t\t\t\t\t\t\t\t\t<section class=\"elementor-section elementor-top-section elementor-element elementor-element-1b6d831 elementor-section-boxed elementor-section-height-default elementor-section-height-default\" data-id=\"1b6d831\" data-element_type=\"section\" data-settings=\"{&quot;_ha_eqh_enable&quot;:false}\">\n\t\t\t\t\t\t<div class=\"elementor-container elementor-column-gap-default\">\n\t\t\t\t\t<div class=\"elementor-column elementor-col-100 elementor-top-column elementor-element elementor-element-170effd\" data-id=\"170effd\" data-element_type=\"column\">\n\t\t\t<div class=\"elementor-widget-wrap elementor-element-populated\">\n\t\t\t\t\t\t\t\t<div class=\"elementor-element elementor-element-f39f5de elementor-widget elementor-widget-heading\" data-id=\"f39f5de\" data-element_type=\"widget\" data-widget_type=\"heading.default\">\n\t\t\t\t<div class=\"elementor-widget-container\">\n\t\t\t<h2 class=\"elementor-heading-title elementor-size-default\">OB\u00d3Z KOSZYRARSKI W USTRONIU MORSKIM<\/h2>\t\t<\/div>\n\t\t\t\t<\/div>\n\t\t\t\t\t<\/div>\n\t\t<\/div>\n\t\t\t\t\t\t\t<\/div>\n\t\t<\/section>\n\t\t\t\t<section class=\"elementor-section elementor-top-section elementor-element elementor-element-9dde13c elementor-section-boxed elementor-section-height-default elementor-section-height-default\" data-id=\"9dde13c\" data-element_type=\"section\" data-settings=\"{&quot;_ha_eqh_enable&quot;:false}\">\n\t\t\t\t\t\t<div class=\"elementor-container elementor-column-gap-default\">\n\t\t\t\t\t<div class=\"elementor-column elementor-col-100 elementor-top-column elementor-element elementor-element-b6b6ec6\" data-id=\"b6b6ec6\" data-element_type=\"column\">\n\t\t\t<div class=\"elementor-widget-wrap elementor-element-populated\">\n\t\t\t\t\t\t\t\t<div class=\"elementor-element elementor-element-d1f198e elementor-widget elementor-widget-text-editor\" data-id=\"d1f198e\" data-element_type=\"widget\" data-widget_type=\"text-editor.default\">\n\t\t\t\t<div class=\"elementor-widget-container\">\n\t\t\t\t\t\t\t<p>Ustronie Morskie to jedna z najpi\u0119kniejszych gmin nadmorskich polskiego wybrze\u017ca Ba\u0142tyckiego wojew\u00f3dztwa zachodniopomorskiego, po\u0142o\u017cona pomi\u0119dzy Ko\u0142obrzegiem\u00a0a Koszalinem. S\u0142oneczne, piaszczyste pla\u017ce, czysta woda, mikroklimat pozbawiony wp\u0142ywu przemys\u0142u, malowniczy klif to tylko niekt\u00f3re atuty przyci\u0105gaj\u0105ce wielu turyst\u00f3w. Wok\u00f3\u0142 rozprzestrzeniaj\u0105cych si\u0119 las\u00f3w bukowo-sosnowych i bezpo\u015brednio przy promenadzie, wzd\u0142u\u017c wybrze\u017ca, znajduj\u0105 si\u0119 \u015bcie\u017cki rowerowe, co sprzyja efektywnemu wypoczynkowi. Miejscowo\u015b\u0107 ta ma najwi\u0119ksze nas\u0142onecznienie w kraju. Posiada ona r\u00f3wnie\u017c znakomite walory zdrowotne. Specyficzn\u0105 cech\u0105 bioklimatu Ustronia Morskiego jest du\u017ca zawarto\u015b\u0107 aerozolu morskiego w powietrzu, kt\u00f3ry wykazuje liczne w\u0142a\u015bciwo\u015bci lecznicze.<\/p>\t\t\t\t\t\t<\/div>\n\t\t\t\t<\/div>\n\t\t\t\t\t<\/div>\n\t\t<\/div>\n\t\t\t\t\t\t\t<\/div>\n\t\t<\/section>\n\t\t\t\t<section class=\"elementor-section elementor-top-section elementor-element elementor-element-df0ab89 elementor-section-boxed elementor-section-height-default elementor-section-height-default\" data-id=\"df0ab89\" data-element_type=\"section\" data-settings=\"{&quot;_ha_eqh_enable&quot;:false}\">\n\t\t\t\t\t\t<div class=\"elementor-container elementor-column-gap-default\">\n\t\t\t\t\t<div class=\"elementor-column elementor-col-33 elementor-top-column elementor-element elementor-element-c6239c1\" data-id=\"c6239c1\" data-element_type=\"column\">\n\t\t\t<div class=\"elementor-widget-wrap elementor-element-populated\">\n\t\t\t\t\t\t\t\t<div class=\"elementor-element elementor-element-1a1954e elementor-widget elementor-widget-image\" data-id=\"1a1954e\" data-element_type=\"widget\" data-widget_type=\"image.default\">\n\t\t\t\t<div class=\"elementor-widget-container\">\n\t\t\t\t\t\t\t\t\t\t\t\t\t\t\t<img width=\"600\" height=\"400\" src=\"https:\/\/ancora.info.pl\/wp-content\/uploads\/2021\/03\/ancora-ustronie-morskie-oboz-koszykarski-2021-1.jpg\" class=\"attachment-large size-large\" alt=\"\" loading=\"lazy\" srcset=\"https:\/\/ancora.info.pl\/wp-content\/uploads\/2021\/03\/ancora-ustronie-morskie-oboz-koszykarski-2021-1.jpg 600w, https:\/\/ancora.info.pl\/wp-content\/uploads\/2021\/03\/ancora-ustronie-morskie-oboz-koszykarski-2021-1-300x200.jpg 300w\" sizes=\"(max-width: 600px) 100vw, 600px\" \/>\t\t\t\t\t\t\t\t\t\t\t\t\t\t\t<\/div>\n\t\t\t\t<\/div>\n\t\t\t\t\t<\/div>\n\t\t<\/div>\n\t\t\t\t<div class=\"elementor-column elementor-col-33 elementor-top-column elementor-element elementor-element-59ccc9a\" data-id=\"59ccc9a\" data-element_type=\"column\">\n\t\t\t<div class=\"elementor-widget-wrap elementor-element-populated\">\n\t\t\t\t\t\t\t\t<div class=\"elementor-element elementor-element-98030fa elementor-widget elementor-widget-image\" data-id=\"98030fa\" data-element_type=\"widget\" data-widget_type=\"image.default\">\n\t\t\t\t<div class=\"elementor-widget-container\">\n\t\t\t\t\t\t\t\t\t\t\t\t\t\t\t<img width=\"600\" height=\"400\" src=\"https:\/\/ancora.info.pl\/wp-content\/uploads\/2021\/03\/ancora-ustronie-morskie-oboz-koszykarski-2021-2.jpg\" class=\"attachment-large size-large\" alt=\"\" loading=\"lazy\" srcset=\"https:\/\/ancora.info.pl\/wp-content\/uploads\/2021\/03\/ancora-ustronie-morskie-oboz-koszykarski-2021-2.jpg 600w, https:\/\/ancora.info.pl\/wp-content\/uploads\/2021\/03\/ancora-ustronie-morskie-oboz-koszykarski-2021-2-300x200.jpg 300w\" sizes=\"(max-width: 600px) 100vw, 600px\" \/>\t\t\t\t\t\t\t\t\t\t\t\t\t\t\t<\/div>\n\t\t\t\t<\/div>\n\t\t\t\t\t<\/div>\n\t\t<\/div>\n\t\t\t\t<div class=\"elementor-column elementor-col-33 elementor-top-column elementor-element elementor-element-d20e940\" data-id=\"d20e940\" data-element_type=\"column\">\n\t\t\t<div class=\"elementor-widget-wrap elementor-element-populated\">\n\t\t\t\t\t\t\t\t<div class=\"elementor-element elementor-element-46b6b60 elementor-widget elementor-widget-image\" data-id=\"46b6b60\" data-element_type=\"widget\" data-widget_type=\"image.default\">\n\t\t\t\t<div class=\"elementor-widget-container\">\n\t\t\t\t\t\t\t\t\t\t\t\t\t\t\t<img width=\"600\" height=\"400\" src=\"https:\/\/ancora.info.pl\/wp-content\/uploads\/2021\/03\/ancora-ustronie-morskie-oboz-koszykarski-2021-3.jpg\" class=\"attachment-large size-large\" alt=\"\" loading=\"lazy\" srcset=\"https:\/\/ancora.info.pl\/wp-content\/uploads\/2021\/03\/ancora-ustronie-morskie-oboz-koszykarski-2021-3.jpg 600w, https:\/\/ancora.info.pl\/wp-content\/uploads\/2021\/03\/ancora-ustronie-morskie-oboz-koszykarski-2021-3-300x200.jpg 300w\" sizes=\"(max-width: 600px) 100vw, 600px\" \/>\t\t\t\t\t\t\t\t\t\t\t\t\t\t\t<\/div>\n\t\t\t\t<\/div>\n\t\t\t\t\t<\/div>\n\t\t<\/div>\n\t\t\t\t\t\t\t<\/div>\n\t\t<\/section>\n\t\t\t\t<section class=\"elementor-section elementor-top-section elementor-element elementor-element-e72aefb elementor-section-boxed elementor-section-height-default elementor-section-height-default\" data-id=\"e72aefb\" data-element_type=\"section\" data-settings=\"{&quot;_ha_eqh_enable&quot;:false}\">\n\t\t\t\t\t\t<div class=\"elementor-container elementor-column-gap-default\">\n\t\t\t\t\t<div class=\"elementor-column elementor-col-100 elementor-top-column elementor-element elementor-element-27b34ad\" data-id=\"27b34ad\" data-element_type=\"column\">\n\t\t\t<div class=\"elementor-widget-wrap elementor-element-populated\">\n\t\t\t\t\t\t\t\t<div class=\"elementor-element elementor-element-0870439 elementor-widget-divider--view-line elementor-widget elementor-widget-divider\" data-id=\"0870439\" data-element_type=\"widget\" data-widget_type=\"divider.default\">\n\t\t\t\t<div class=\"elementor-widget-container\">\n\t\t\t\t\t<div class=\"elementor-divider\">\n\t\t\t<span class=\"elementor-divider-separator\">\n\t\t\t\t\t\t<\/span>\n\t\t<\/div>\n\t\t\t\t<\/div>\n\t\t\t\t<\/div>\n\t\t\t\t<div class=\"elementor-element elementor-element-729aacb elementor-widget elementor-widget-heading\" data-id=\"729aacb\" data-element_type=\"widget\" data-widget_type=\"heading.default\">\n\t\t\t\t<div class=\"elementor-widget-container\">\n\t\t\t<h2 class=\"elementor-heading-title elementor-size-default\">ZAKWATEROWANIE<\/h2>\t\t<\/div>\n\t\t\t\t<\/div>\n\t\t\t\t\t<\/div>\n\t\t<\/div>\n\t\t\t\t\t\t\t<\/div>\n\t\t<\/section>\n\t\t\t\t<section class=\"elementor-section elementor-top-section elementor-element elementor-element-d9251e0 elementor-section-boxed elementor-section-height-default elementor-section-height-default\" data-id=\"d9251e0\" data-element_type=\"section\" data-settings=\"{&quot;_ha_eqh_enable&quot;:false}\">\n\t\t\t\t\t\t<div class=\"elementor-container elementor-column-gap-default\">\n\t\t\t\t\t<div class=\"elementor-column elementor-col-100 elementor-top-column elementor-element elementor-element-224d6bf\" data-id=\"224d6bf\" data-element_type=\"column\">\n\t\t\t<div class=\"elementor-widget-wrap elementor-element-populated\">\n\t\t\t\t\t\t\t\t<div class=\"elementor-element elementor-element-71f7df1 elementor-widget elementor-widget-text-editor\" data-id=\"71f7df1\" data-element_type=\"widget\" data-widget_type=\"text-editor.default\">\n\t\t\t\t<div class=\"elementor-widget-container\">\n\t\t\t\t\t\t\t<p>O\u015brodek Wczasowo-Wypoczynkowy &#8220;Janosik&#8221; to kompleks kilku budynk\u00f3w znajduj\u0105cych si\u0119 w odleg\u0142o\u015bci ok. 70 m od morza w centralnej cz\u0119\u015bci Ustronia Morskiego. G\u0142\u00f3wny budynek 4-ro kondygnacyjny to pokoje 2, 3, 4-ro osobowe. Obiekt jest ogrodzony. W s\u0105siedztwie o\u015brodka znajduje si\u0119 kompleks boisk sportowych typu ORLIK oraz basen kryty i otwarty.<\/p>\t\t\t\t\t\t<\/div>\n\t\t\t\t<\/div>\n\t\t\t\t\t<\/div>\n\t\t<\/div>\n\t\t\t\t\t\t\t<\/div>\n\t\t<\/section>\n\t\t\t\t<section class=\"elementor-section elementor-top-section elementor-element elementor-element-52d2631 elementor-section-boxed elementor-section-height-default elementor-section-height-default\" data-id=\"52d2631\" data-element_type=\"section\" data-settings=\"{&quot;_ha_eqh_enable&quot;:false}\">\n\t\t\t\t\t\t<div class=\"elementor-container elementor-column-gap-default\">\n\t\t\t\t\t<div class=\"elementor-column elementor-col-33 elementor-top-column elementor-element elementor-element-1778883\" data-id=\"1778883\" data-element_type=\"column\">\n\t\t\t<div class=\"elementor-widget-wrap elementor-element-populated\">\n\t\t\t\t\t\t\t\t<div class=\"elementor-element elementor-element-8f087f9 elementor-widget elementor-widget-image\" data-id=\"8f087f9\" data-element_type=\"widget\" data-widget_type=\"image.default\">\n\t\t\t\t<div class=\"elementor-widget-container\">\n\t\t\t\t\t\t\t\t\t\t\t\t\t\t\t<img width=\"600\" height=\"400\" src=\"https:\/\/ancora.info.pl\/wp-content\/uploads\/2021\/03\/ancora-ustronie-morskie-oboz-koszykarski-2021-4.jpg\" class=\"attachment-large size-large\" alt=\"\" loading=\"lazy\" srcset=\"https:\/\/ancora.info.pl\/wp-content\/uploads\/2021\/03\/ancora-ustronie-morskie-oboz-koszykarski-2021-4.jpg 600w, https:\/\/ancora.info.pl\/wp-content\/uploads\/2021\/03\/ancora-ustronie-morskie-oboz-koszykarski-2021-4-300x200.jpg 300w\" sizes=\"(max-width: 600px) 100vw, 600px\" \/>\t\t\t\t\t\t\t\t\t\t\t\t\t\t\t<\/div>\n\t\t\t\t<\/div>\n\t\t\t\t\t<\/div>\n\t\t<\/div>\n\t\t\t\t<div class=\"elementor-column elementor-col-33 elementor-top-column elementor-element elementor-element-9ba2380\" data-id=\"9ba2380\" data-element_type=\"column\">\n\t\t\t<div class=\"elementor-widget-wrap elementor-element-populated\">\n\t\t\t\t\t\t\t\t<div class=\"elementor-element elementor-element-acb3477 elementor-widget elementor-widget-image\" data-id=\"acb3477\" data-element_type=\"widget\" data-widget_type=\"image.default\">\n\t\t\t\t<div class=\"elementor-widget-container\">\n\t\t\t\t\t\t\t\t\t\t\t\t\t\t\t<img width=\"600\" height=\"400\" src=\"https:\/\/ancora.info.pl\/wp-content\/uploads\/2021\/03\/ancora-ustronie-morskie-oboz-koszykarski-2021-5.jpg\" class=\"attachment-large size-large\" alt=\"\" loading=\"lazy\" srcset=\"https:\/\/ancora.info.pl\/wp-content\/uploads\/2021\/03\/ancora-ustronie-morskie-oboz-koszykarski-2021-5.jpg 600w, https:\/\/ancora.info.pl\/wp-content\/uploads\/2021\/03\/ancora-ustronie-morskie-oboz-koszykarski-2021-5-300x200.jpg 300w\" sizes=\"(max-width: 600px) 100vw, 600px\" \/>\t\t\t\t\t\t\t\t\t\t\t\t\t\t\t<\/div>\n\t\t\t\t<\/div>\n\t\t\t\t\t<\/div>\n\t\t<\/div>\n\t\t\t\t<div class=\"elementor-column elementor-col-33 elementor-top-column elementor-element elementor-element-3877f01\" data-id=\"3877f01\" data-element_type=\"column\">\n\t\t\t<div class=\"elementor-widget-wrap elementor-element-populated\">\n\t\t\t\t\t\t\t\t<div class=\"elementor-element elementor-element-6a025df elementor-widget elementor-widget-image\" data-id=\"6a025df\" data-element_type=\"widget\" data-widget_type=\"image.default\">\n\t\t\t\t<div class=\"elementor-widget-container\">\n\t\t\t\t\t\t\t\t\t\t\t\t\t\t\t<img width=\"600\" height=\"400\" src=\"https:\/\/ancora.info.pl\/wp-content\/uploads\/2021\/03\/ancora-ustronie-morskie-oboz-koszykarski-2021-7.jpg\" class=\"attachment-large size-large\" alt=\"\" loading=\"lazy\" srcset=\"https:\/\/ancora.info.pl\/wp-content\/uploads\/2021\/03\/ancora-ustronie-morskie-oboz-koszykarski-2021-7.jpg 600w, https:\/\/ancora.info.pl\/wp-content\/uploads\/2021\/03\/ancora-ustronie-morskie-oboz-koszykarski-2021-7-300x200.jpg 300w\" sizes=\"(max-width: 600px) 100vw, 600px\" \/>\t\t\t\t\t\t\t\t\t\t\t\t\t\t\t<\/div>\n\t\t\t\t<\/div>\n\t\t\t\t\t<\/div>\n\t\t<\/div>\n\t\t\t\t\t\t\t<\/div>\n\t\t<\/section>\n\t\t\t\t<section class=\"elementor-section elementor-top-section elementor-element elementor-element-71815d5 elementor-section-boxed elementor-section-height-default elementor-section-height-default\" data-id=\"71815d5\" data-element_type=\"section\" data-settings=\"{&quot;_ha_eqh_enable&quot;:false}\">\n\t\t\t\t\t\t<div class=\"elementor-container elementor-column-gap-default\">\n\t\t\t\t\t<div class=\"elementor-column elementor-col-100 elementor-top-column elementor-element elementor-element-6235412\" data-id=\"6235412\" data-element_type=\"column\">\n\t\t\t<div class=\"elementor-widget-wrap elementor-element-populated\">\n\t\t\t\t\t\t\t\t<div class=\"elementor-element elementor-element-25f01ac elementor-widget-divider--view-line elementor-widget elementor-widget-divider\" data-id=\"25f01ac\" data-element_type=\"widget\" data-widget_type=\"divider.default\">\n\t\t\t\t<div class=\"elementor-widget-container\">\n\t\t\t\t\t<div class=\"elementor-divider\">\n\t\t\t<span class=\"elementor-divider-separator\">\n\t\t\t\t\t\t<\/span>\n\t\t<\/div>\n\t\t\t\t<\/div>\n\t\t\t\t<\/div>\n\t\t\t\t\t<\/div>\n\t\t<\/div>\n\t\t\t\t\t\t\t<\/div>\n\t\t<\/section>\n\t\t\t\t<section class=\"elementor-section elementor-top-section elementor-element elementor-element-0e167e3 elementor-section-boxed elementor-section-height-default elementor-section-height-default\" data-id=\"0e167e3\" data-element_type=\"section\" data-settings=\"{&quot;_ha_eqh_enable&quot;:false}\">\n\t\t\t\t\t\t<div class=\"elementor-container elementor-column-gap-default\">\n\t\t\t\t\t<div class=\"elementor-column elementor-col-100 elementor-top-column elementor-element elementor-element-4da0ffd\" data-id=\"4da0ffd\" data-element_type=\"column\">\n\t\t\t<div class=\"elementor-widget-wrap elementor-element-populated\">\n\t\t\t\t\t\t\t\t<div class=\"elementor-element elementor-element-ae719dd elementor-widget elementor-widget-text-editor\" data-id=\"ae719dd\" data-element_type=\"widget\" data-widget_type=\"text-editor.default\">\n\t\t\t\t<div class=\"elementor-widget-container\">\n\t\t\t\t\t\t\t<p><strong>CENA ZAWIERA:<br \/><\/strong>&#8211; zakwaterowanie w pokojach 2, 3, 4, 5 &#8211; osobowych z \u0142azienkami,<br \/>&#8211; 10 nocleg\u00f3w,<br \/>&#8211; ca\u0142odzienne wy\u017cywienie : \u015bniadanie, obiad, podwieczorek, kolacja,<br \/>&#8211; wykwalifikowana kadra pedagogiczna i trenerska, <br \/>&#8211; ubezpieczenie,<br \/>&#8211; treningi na sali sportowej,<br \/>&#8211; treningi na boiskach przy o\u015brodku,<br \/>&#8211; opieka ratownika w WOPR na pla\u017cy, <br \/>&#8211; transport w obydwie strony, <br \/>&#8211; suchy prowiant na drog\u0119 powrotn\u0105,<br \/>&#8211; gry pla\u017cowe i k\u0105piele morskie,<br \/>&#8211; opieka medyczna \/lekarz na wezwanie\/,<br \/>&#8211; wycieczki rowerowe,<br \/>&#8211; wycieczk\u0119 do Koszalina,<br \/>&#8211; pobyt w parku wodnym w Koszalinie,<br \/>&#8211; pobyt w parku trampolin w Koszalinie,<br \/>&#8211; wyjazd do Trzebiatowa \u2013 paintball laserowy, gra snajperska, ognisko,<br \/>&#8211; wycieczka do Ko\u0142obrzegu oraz Mielna,<br \/>&#8211; obiad w drodze powrotnej.<\/p><p class=\"MsoNormal\" style=\"line-height: 150%;\"><strong>Codzienny rozruch na pla\u017cy o godz. 8:00 \u2013 8:30. Zaj\u0119cia na orlikach oraz boiskach zewn\u0119trznych do koszyk\u00f3wki. <\/strong><\/p>\t\t\t\t\t\t<\/div>\n\t\t\t\t<\/div>\n\t\t\t\t\t<\/div>\n\t\t<\/div>\n\t\t\t\t\t\t\t<\/div>\n\t\t<\/section>\n\t\t\t\t<section class=\"elementor-section elementor-top-section elementor-element elementor-element-cfa011d elementor-section-boxed elementor-section-height-default elementor-section-height-default\" data-id=\"cfa011d\" data-element_type=\"section\" data-settings=\"{&quot;_ha_eqh_enable&quot;:false}\">\n\t\t\t\t\t\t<div class=\"elementor-container elementor-column-gap-default\">\n\t\t\t\t\t<div class=\"elementor-column elementor-col-100 elementor-top-column elementor-element elementor-element-8336bcd\" data-id=\"8336bcd\" data-element_type=\"column\">\n\t\t\t<div class=\"elementor-widget-wrap elementor-element-populated\">\n\t\t\t\t\t\t\t\t<div class=\"elementor-element elementor-element-d9f8c32 elementor-widget elementor-widget-text-editor\" data-id=\"d9f8c32\" data-element_type=\"widget\" data-widget_type=\"text-editor.default\">\n\t\t\t\t<div class=\"elementor-widget-container\">\n\t\t\t\t\t\t\t<p><strong>HARMONOGRAM TRENING\u00d3W NA SALI SPORTOWEJ:<br \/><\/strong><\/p><p>14.07.2021 \u2013 10.00 \u2013 11.30<br \/>16.07.2021 \u2013 10.00 \u2013 11.30<br \/>18.07.2021 \u2013 10.00 \u2013 11.30<br \/>20.07.2021 \u2013 10.00 \u2013 11.30<br \/>22.07.2021 \u2013 10.00 \u2013 11.30<\/p><p>\u00a0<\/p>\t\t\t\t\t\t<\/div>\n\t\t\t\t<\/div>\n\t\t\t\t\t<\/div>\n\t\t<\/div>\n\t\t\t\t\t\t\t<\/div>\n\t\t<\/section>\n\t\t\t\t<section class=\"elementor-section elementor-top-section elementor-element elementor-element-e356987 elementor-section-boxed elementor-section-height-default elementor-section-height-default\" data-id=\"e356987\" data-element_type=\"section\" data-settings=\"{&quot;_ha_eqh_enable&quot;:false}\">\n\t\t\t\t\t\t<div class=\"elementor-container elementor-column-gap-default\">\n\t\t\t\t\t<div class=\"elementor-column elementor-col-100 elementor-top-column elementor-element elementor-element-bc994e2\" data-id=\"bc994e2\" data-element_type=\"column\">\n\t\t\t<div class=\"elementor-widget-wrap elementor-element-populated\">\n\t\t\t\t\t\t\t\t<div class=\"elementor-element elementor-element-73a6374 elementor-widget-divider--view-line elementor-widget elementor-widget-divider\" data-id=\"73a6374\" data-element_type=\"widget\" data-widget_type=\"divider.default\">\n\t\t\t\t<div class=\"elementor-widget-container\">\n\t\t\t\t\t<div class=\"elementor-divider\">\n\t\t\t<span class=\"elementor-divider-separator\">\n\t\t\t\t\t\t<\/span>\n\t\t<\/div>\n\t\t\t\t<\/div>\n\t\t\t\t<\/div>\n\t\t\t\t\t<\/div>\n\t\t<\/div>\n\t\t\t\t\t\t\t<\/div>\n\t\t<\/section>\n\t\t\t\t<section class=\"elementor-section elementor-top-section elementor-element elementor-element-fc20f65 elementor-section-boxed elementor-section-height-default elementor-section-height-default\" data-id=\"fc20f65\" data-element_type=\"section\" data-settings=\"{&quot;_ha_eqh_enable&quot;:false}\">\n\t\t\t\t\t\t<div class=\"elementor-container elementor-column-gap-default\">\n\t\t\t\t\t<div class=\"elementor-column elementor-col-100 elementor-top-column elementor-element elementor-element-800c29c\" data-id=\"800c29c\" data-element_type=\"column\">\n\t\t\t<div class=\"elementor-widget-wrap elementor-element-populated\">\n\t\t\t\t\t\t\t\t<div class=\"elementor-element elementor-element-3c17ec8 elementor-widget elementor-widget-text-editor\" data-id=\"3c17ec8\" data-element_type=\"widget\" data-widget_type=\"text-editor.default\">\n\t\t\t\t<div class=\"elementor-widget-container\">\n\t\t\t\t\t\t\t<p><strong>CENA &#8211; 1750 z\u0142<\/strong><\/p>\t\t\t\t\t\t<\/div>\n\t\t\t\t<\/div>\n\t\t\t\t\t<\/div>\n\t\t<\/div>\n\t\t\t\t\t\t\t<\/div>\n\t\t<\/section>\n\t\t\t\t<section class=\"elementor-section elementor-top-section elementor-element elementor-element-cad50cf elementor-section-boxed elementor-section-height-default elementor-section-height-default\" data-id=\"cad50cf\" data-element_type=\"section\" data-settings=\"{&quot;_ha_eqh_enable&quot;:false}\">\n\t\t\t\t\t\t<div class=\"elementor-container elementor-column-gap-default\">\n\t\t\t\t\t<div class=\"elementor-column elementor-col-100 elementor-top-column elementor-element elementor-element-2a027cf\" data-id=\"2a027cf\" data-element_type=\"column\">\n\t\t\t<div class=\"elementor-widget-wrap elementor-element-populated\">\n\t\t\t\t\t\t\t\t<div class=\"elementor-element elementor-element-47a0cf4 elementor-widget-divider--view-line elementor-widget elementor-widget-divider\" data-id=\"47a0cf4\" data-element_type=\"widget\" data-widget_type=\"divider.default\">\n\t\t\t\t<div class=\"elementor-widget-container\">\n\t\t\t\t\t<div class=\"elementor-divider\">\n\t\t\t<span class=\"elementor-divider-separator\">\n\t\t\t\t\t\t<\/span>\n\t\t<\/div>\n\t\t\t\t<\/div>\n\t\t\t\t<\/div>\n\t\t\t\t\t<\/div>\n\t\t<\/div>\n\t\t\t\t\t\t\t<\/div>\n\t\t<\/section>\n\t\t\t\t<section class=\"elementor-section elementor-top-section elementor-element elementor-element-5ef97ba elementor-section-boxed elementor-section-height-default elementor-section-height-default\" data-id=\"5ef97ba\" data-element_type=\"section\" data-settings=\"{&quot;_ha_eqh_enable&quot;:false}\">\n\t\t\t\t\t\t<div class=\"elementor-container elementor-column-gap-default\">\n\t\t\t\t\t<div class=\"elementor-column elementor-col-50 elementor-top-column elementor-element elementor-element-6500ab3\" data-id=\"6500ab3\" data-element_type=\"column\">\n\t\t\t<div class=\"elementor-widget-wrap elementor-element-populated\">\n\t\t\t\t\t\t\t\t<div class=\"elementor-element elementor-element-41ad687 elementor-widget elementor-widget-heading\" data-id=\"41ad687\" data-element_type=\"widget\" data-widget_type=\"heading.default\">\n\t\t\t\t<div class=\"elementor-widget-container\">\n\t\t\t<h2 class=\"elementor-heading-title elementor-size-default\">TERMINY:<\/h2>\t\t<\/div>\n\t\t\t\t<\/div>\n\t\t\t\t\t<\/div>\n\t\t<\/div>\n\t\t\t\t<div class=\"elementor-column elementor-col-50 elementor-top-column elementor-element elementor-element-84846b7\" data-id=\"84846b7\" data-element_type=\"column\">\n\t\t\t<div class=\"elementor-widget-wrap elementor-element-populated\">\n\t\t\t\t\t\t\t\t<div class=\"elementor-element elementor-element-a2d5dd8 elementor-widget elementor-widget-heading\" data-id=\"a2d5dd8\" data-element_type=\"widget\" data-widget_type=\"heading.default\">\n\t\t\t\t<div class=\"elementor-widget-container\">\n\t\t\t<h2 class=\"elementor-heading-title elementor-size-default\">DOKUMENTY DO POBRANIA<\/h2>\t\t<\/div>\n\t\t\t\t<\/div>\n\t\t\t\t\t<\/div>\n\t\t<\/div>\n\t\t\t\t\t\t\t<\/div>\n\t\t<\/section>\n\t\t\t\t<section class=\"elementor-section elementor-top-section elementor-element elementor-element-1d1f4b3 elementor-section-boxed elementor-section-height-default elementor-section-height-default\" data-id=\"1d1f4b3\" data-element_type=\"section\" data-settings=\"{&quot;_ha_eqh_enable&quot;:false}\">\n\t\t\t\t\t\t<div class=\"elementor-container elementor-column-gap-default\">\n\t\t\t\t\t<div class=\"elementor-column elementor-col-50 elementor-top-column elementor-element elementor-element-a078e43\" data-id=\"a078e43\" data-element_type=\"column\">\n\t\t\t<div class=\"elementor-widget-wrap elementor-element-populated\">\n\t\t\t\t\t\t\t\t<div class=\"elementor-element elementor-element-c6b6e28 elementor-widget elementor-widget-text-editor\" data-id=\"c6b6e28\" data-element_type=\"widget\" data-widget_type=\"text-editor.default\">\n\t\t\t\t<div class=\"elementor-widget-container\">\n\t\t\t\t\t\t\t<p>13.07.2021 \u2013 23.07.2021<\/p>\t\t\t\t\t\t<\/div>\n\t\t\t\t<\/div>\n\t\t\t\t\t<\/div>\n\t\t<\/div>\n\t\t\t\t<div class=\"elementor-column elementor-col-50 elementor-top-column elementor-element elementor-element-463d91f\" data-id=\"463d91f\" data-element_type=\"column\">\n\t\t\t<div class=\"elementor-widget-wrap\">\n\t\t\t\t\t\t\t\t\t<\/div>\n\t\t<\/div>\n\t\t\t\t\t\t\t<\/div>\n\t\t<\/section>\n\t\t\t\t\t\t\t<\/div>\n\t\t","protected":false},"excerpt":{"rendered":"<p>OB\u00d3Z KOSZYRARSKI W USTRONIU MORSKIM Ustronie Morskie to jedna z najpi\u0119kniejszych gmin nadmorskich polskiego wybrze\u017ca Ba\u0142tyckiego wojew\u00f3dztwa zachodniopomorskiego, po\u0142o\u017cona pomi\u0119dzy Ko\u0142obrzegiem\u00a0a Koszalinem. S\u0142oneczne, piaszczyste pla\u017ce, czysta woda, mikroklimat pozbawiony wp\u0142ywu przemys\u0142u, malowniczy klif to tylko niekt\u00f3re atuty przyci\u0105gaj\u0105ce wielu turyst\u00f3w. Wok\u00f3\u0142 rozprzestrzeniaj\u0105cych si\u0119 las\u00f3w bukowo-sosnowych i bezpo\u015brednio przy promenadzie, wzd\u0142u\u017c wybrze\u017ca, znajduj\u0105 si\u0119 \u015bcie\u017cki rowerowe, &hellip;<\/p>\n<p class=\"read-more\"> <a class=\"\" href=\"https:\/\/ancora.info.pl\/?page_id=490\"> <span class=\"screen-reader-text\">Ob\u00f3z koszykarski w Ustroniu Morskim<\/span> Read More &raquo;<\/a><\/p>\n","protected":false},"author":1,"featured_media":0,"parent":0,"menu_order":0,"comment_status":"closed","ping_status":"closed","template":"","meta":[],"_links":{"self":[{"href":"https:\/\/ancora.info.pl\/index.php?rest_route=\/wp\/v2\/pages\/490"}],"collection":[{"href":"https:\/\/ancora.info.pl\/index.php?rest_route=\/wp\/v2\/pages"}],"about":[{"href":"https:\/\/ancora.info.pl\/index.php?rest_route=\/wp\/v2\/types\/page"}],"author":[{"embeddable":true,"href":"https:\/\/ancora.info.pl\/index.php?rest_route=\/wp\/v2\/users\/1"}],"replies":[{"embeddable":true,"href":"https:\/\/ancora.info.pl\/index.php?rest_route=%2Fwp%2Fv2%2Fcomments&post=490"}],"version-history":[{"count":10,"href":"https:\/\/ancora.info.pl\/index.php?rest_route=\/wp\/v2\/pages\/490\/revisions"}],"predecessor-version":[{"id":879,"href":"https:\/\/ancora.info.pl\/index.php?rest_route=\/wp\/v2\/pages\/490\/revisions\/879"}],"wp:attachment":[{"href":"https:\/\/ancora.info.pl\/index.php?rest_route=%2Fwp%2Fv2%2Fmedia&parent=490"}],"curies":[{"name":"wp","href":"https:\/\/api.w.org\/{rel}","templated":true}]}}