{"id":662,"date":"2021-03-17T11:52:15","date_gmt":"2021-03-17T10:52:15","guid":{"rendered":"http:\/\/wordpress2167206.home.pl\/autoinstalator\/wordpressplugins3\/?page_id=662"},"modified":"2021-03-17T11:57:38","modified_gmt":"2021-03-17T10:57:38","slug":"poznan","status":"publish","type":"page","link":"https:\/\/ancora.info.pl\/?page_id=662","title":{"rendered":"Pozna\u0144 &#8211; Biskupin &#8211; Gniezno"},"content":{"rendered":"\t\t<div data-elementor-type=\"wp-page\" data-elementor-id=\"662\" class=\"elementor elementor-662\">\n\t\t\t\t\t\t\t\t\t<section class=\"elementor-section elementor-top-section elementor-element elementor-element-1b6d831 elementor-section-boxed elementor-section-height-default elementor-section-height-default\" data-id=\"1b6d831\" data-element_type=\"section\" data-settings=\"{&quot;_ha_eqh_enable&quot;:false}\">\n\t\t\t\t\t\t<div class=\"elementor-container elementor-column-gap-default\">\n\t\t\t\t\t<div class=\"elementor-column elementor-col-100 elementor-top-column elementor-element elementor-element-170effd\" data-id=\"170effd\" data-element_type=\"column\">\n\t\t\t<div class=\"elementor-widget-wrap elementor-element-populated\">\n\t\t\t\t\t\t\t\t<div class=\"elementor-element elementor-element-9afda11 elementor-widget elementor-widget-heading\" data-id=\"9afda11\" data-element_type=\"widget\" data-widget_type=\"heading.default\">\n\t\t\t\t<div class=\"elementor-widget-container\">\n\t\t\t<h2 class=\"elementor-heading-title elementor-size-default\">POZNA\u0143 - GNIEZNO - BISKUPIN<\/h2>\t\t<\/div>\n\t\t\t\t<\/div>\n\t\t\t\t\t<\/div>\n\t\t<\/div>\n\t\t\t\t\t\t\t<\/div>\n\t\t<\/section>\n\t\t\t\t<section class=\"elementor-section elementor-top-section elementor-element elementor-element-df0ab89 elementor-section-boxed elementor-section-height-default elementor-section-height-default\" data-id=\"df0ab89\" data-element_type=\"section\" data-settings=\"{&quot;_ha_eqh_enable&quot;:false}\">\n\t\t\t\t\t\t<div class=\"elementor-container elementor-column-gap-default\">\n\t\t\t\t\t<div class=\"elementor-column elementor-col-100 elementor-top-column elementor-element elementor-element-c6239c1\" data-id=\"c6239c1\" data-element_type=\"column\">\n\t\t\t<div class=\"elementor-widget-wrap elementor-element-populated\">\n\t\t\t\t\t\t\t\t<div class=\"elementor-element elementor-element-a329aed elementor-widget-divider--view-line elementor-widget elementor-widget-divider\" data-id=\"a329aed\" data-element_type=\"widget\" data-widget_type=\"divider.default\">\n\t\t\t\t<div class=\"elementor-widget-container\">\n\t\t\t\t\t<div class=\"elementor-divider\">\n\t\t\t<span class=\"elementor-divider-separator\">\n\t\t\t\t\t\t<\/span>\n\t\t<\/div>\n\t\t\t\t<\/div>\n\t\t\t\t<\/div>\n\t\t\t\t\t<\/div>\n\t\t<\/div>\n\t\t\t\t\t\t\t<\/div>\n\t\t<\/section>\n\t\t\t\t<section class=\"elementor-section elementor-top-section elementor-element elementor-element-9dde13c elementor-section-boxed elementor-section-height-default elementor-section-height-default\" data-id=\"9dde13c\" data-element_type=\"section\" data-settings=\"{&quot;_ha_eqh_enable&quot;:false}\">\n\t\t\t\t\t\t<div class=\"elementor-container elementor-column-gap-default\">\n\t\t\t\t\t<div class=\"elementor-column elementor-col-33 elementor-top-column elementor-element elementor-element-0ed08c8\" data-id=\"0ed08c8\" data-element_type=\"column\">\n\t\t\t<div class=\"elementor-widget-wrap elementor-element-populated\">\n\t\t\t\t\t\t\t\t<div class=\"elementor-element elementor-element-4ff9c4e elementor-widget elementor-widget-image\" data-id=\"4ff9c4e\" data-element_type=\"widget\" data-widget_type=\"image.default\">\n\t\t\t\t<div class=\"elementor-widget-container\">\n\t\t\t\t\t\t\t\t\t\t\t\t\t\t\t<img width=\"600\" height=\"400\" src=\"https:\/\/ancora.info.pl\/wp-content\/uploads\/2021\/03\/ancora-poznan-wycieczka-600x400-1.jpg\" class=\"attachment-large size-large\" alt=\"\" loading=\"lazy\" srcset=\"https:\/\/ancora.info.pl\/wp-content\/uploads\/2021\/03\/ancora-poznan-wycieczka-600x400-1.jpg 600w, https:\/\/ancora.info.pl\/wp-content\/uploads\/2021\/03\/ancora-poznan-wycieczka-600x400-1-300x200.jpg 300w\" sizes=\"(max-width: 600px) 100vw, 600px\" \/>\t\t\t\t\t\t\t\t\t\t\t\t\t\t\t<\/div>\n\t\t\t\t<\/div>\n\t\t\t\t\t<\/div>\n\t\t<\/div>\n\t\t\t\t<div class=\"elementor-column elementor-col-33 elementor-top-column elementor-element elementor-element-8929323\" data-id=\"8929323\" data-element_type=\"column\">\n\t\t\t<div class=\"elementor-widget-wrap elementor-element-populated\">\n\t\t\t\t\t\t\t\t<div class=\"elementor-element elementor-element-4301757 elementor-widget elementor-widget-image\" data-id=\"4301757\" data-element_type=\"widget\" data-widget_type=\"image.default\">\n\t\t\t\t<div class=\"elementor-widget-container\">\n\t\t\t\t\t\t\t\t\t\t\t\t\t\t\t<img width=\"600\" height=\"400\" src=\"https:\/\/ancora.info.pl\/wp-content\/uploads\/2021\/03\/ancora-wycieczka-biskupin-600x400-1.jpg\" class=\"attachment-large size-large\" alt=\"\" loading=\"lazy\" srcset=\"https:\/\/ancora.info.pl\/wp-content\/uploads\/2021\/03\/ancora-wycieczka-biskupin-600x400-1.jpg 600w, https:\/\/ancora.info.pl\/wp-content\/uploads\/2021\/03\/ancora-wycieczka-biskupin-600x400-1-300x200.jpg 300w\" sizes=\"(max-width: 600px) 100vw, 600px\" \/>\t\t\t\t\t\t\t\t\t\t\t\t\t\t\t<\/div>\n\t\t\t\t<\/div>\n\t\t\t\t\t<\/div>\n\t\t<\/div>\n\t\t\t\t<div class=\"elementor-column elementor-col-33 elementor-top-column elementor-element elementor-element-b6b6ec6\" data-id=\"b6b6ec6\" data-element_type=\"column\">\n\t\t\t<div class=\"elementor-widget-wrap elementor-element-populated\">\n\t\t\t\t\t\t\t\t<div class=\"elementor-element elementor-element-b5ccc37 elementor-widget elementor-widget-image\" data-id=\"b5ccc37\" data-element_type=\"widget\" data-widget_type=\"image.default\">\n\t\t\t\t<div class=\"elementor-widget-container\">\n\t\t\t\t\t\t\t\t\t\t\t\t\t\t\t<img width=\"600\" height=\"400\" src=\"https:\/\/ancora.info.pl\/wp-content\/uploads\/2021\/03\/ancora-wycieczka-gniezno-600x400-1.jpg\" class=\"attachment-large size-large\" alt=\"\" loading=\"lazy\" srcset=\"https:\/\/ancora.info.pl\/wp-content\/uploads\/2021\/03\/ancora-wycieczka-gniezno-600x400-1.jpg 600w, https:\/\/ancora.info.pl\/wp-content\/uploads\/2021\/03\/ancora-wycieczka-gniezno-600x400-1-300x200.jpg 300w\" sizes=\"(max-width: 600px) 100vw, 600px\" \/>\t\t\t\t\t\t\t\t\t\t\t\t\t\t\t<\/div>\n\t\t\t\t<\/div>\n\t\t\t\t\t<\/div>\n\t\t<\/div>\n\t\t\t\t\t\t\t<\/div>\n\t\t<\/section>\n\t\t\t\t<section class=\"elementor-section elementor-top-section elementor-element elementor-element-71815d5 elementor-section-boxed elementor-section-height-default elementor-section-height-default\" data-id=\"71815d5\" data-element_type=\"section\" data-settings=\"{&quot;_ha_eqh_enable&quot;:false}\">\n\t\t\t\t\t\t<div class=\"elementor-container elementor-column-gap-default\">\n\t\t\t\t\t<div class=\"elementor-column elementor-col-100 elementor-top-column elementor-element elementor-element-6235412\" data-id=\"6235412\" data-element_type=\"column\">\n\t\t\t<div class=\"elementor-widget-wrap elementor-element-populated\">\n\t\t\t\t\t\t\t\t<div class=\"elementor-element elementor-element-25f01ac elementor-widget-divider--view-line elementor-widget elementor-widget-divider\" data-id=\"25f01ac\" data-element_type=\"widget\" data-widget_type=\"divider.default\">\n\t\t\t\t<div class=\"elementor-widget-container\">\n\t\t\t\t\t<div class=\"elementor-divider\">\n\t\t\t<span class=\"elementor-divider-separator\">\n\t\t\t\t\t\t<\/span>\n\t\t<\/div>\n\t\t\t\t<\/div>\n\t\t\t\t<\/div>\n\t\t\t\t\t<\/div>\n\t\t<\/div>\n\t\t\t\t\t\t\t<\/div>\n\t\t<\/section>\n\t\t\t\t<section class=\"elementor-section elementor-top-section elementor-element elementor-element-d244a49 elementor-section-boxed elementor-section-height-default elementor-section-height-default\" data-id=\"d244a49\" data-element_type=\"section\" data-settings=\"{&quot;_ha_eqh_enable&quot;:false}\">\n\t\t\t\t\t\t<div class=\"elementor-container elementor-column-gap-default\">\n\t\t\t\t\t<div class=\"elementor-column elementor-col-100 elementor-top-column elementor-element elementor-element-e8eb9a0\" data-id=\"e8eb9a0\" data-element_type=\"column\">\n\t\t\t<div class=\"elementor-widget-wrap elementor-element-populated\">\n\t\t\t\t\t\t\t\t<div class=\"elementor-element elementor-element-ad9c532 elementor-widget elementor-widget-heading\" data-id=\"ad9c532\" data-element_type=\"widget\" data-widget_type=\"heading.default\">\n\t\t\t\t<div class=\"elementor-widget-container\">\n\t\t\t<h2 class=\"elementor-heading-title elementor-size-default\">PROGRAM WYCIECZKI*<\/h2>\t\t<\/div>\n\t\t\t\t<\/div>\n\t\t\t\t\t<\/div>\n\t\t<\/div>\n\t\t\t\t\t\t\t<\/div>\n\t\t<\/section>\n\t\t\t\t<section class=\"elementor-section elementor-top-section elementor-element elementor-element-6859a7e elementor-section-boxed elementor-section-height-default elementor-section-height-default\" data-id=\"6859a7e\" data-element_type=\"section\" data-settings=\"{&quot;_ha_eqh_enable&quot;:false}\">\n\t\t\t\t\t\t<div class=\"elementor-container elementor-column-gap-default\">\n\t\t\t\t\t<div class=\"elementor-column elementor-col-100 elementor-top-column elementor-element elementor-element-488ceb0\" data-id=\"488ceb0\" data-element_type=\"column\">\n\t\t\t<div class=\"elementor-widget-wrap elementor-element-populated\">\n\t\t\t\t\t\t\t\t<div class=\"elementor-element elementor-element-4d471ad elementor-widget elementor-widget-text-editor\" data-id=\"4d471ad\" data-element_type=\"widget\" data-widget_type=\"text-editor.default\">\n\t\t\t\t<div class=\"elementor-widget-container\">\n\t\t\t\t\t\t\t<p><strong>DZIE\u0143 I<\/strong> <br \/>Wyjazd z miejsca zbi\u00f3rki ok. godz. 6:30, przejazd do K\u00f3rnika &#8211; zwiedzanie zamku. Zamek jest bez w\u0105tpienia g\u0142\u00f3wnym obiektem turystycznym miasta K\u00f3rnik, le\u017c\u0105cego nieopodal Poznania. Jest on nie tylko siedzib\u0105 biblioteki rodowej Dzia\u0142y\u0144skich, obecnie Polskiej Akademii Nauk, ale tak\u017ce wspania\u0142ym obiektem architektonicznym, mieszcz\u0105cym w swych wn\u0119trzach muzeum. Historia zamku w postaci murowanej si\u0119ga pierwszej po\u0142owy XV wieku, za\u015b jego obecna posta\u0107 wywodzi si\u0119 z przebudowy z oko\u0142o po\u0142owy XIX wieku. <br \/>Przejazd do Biskupina &#8211; wizyta w najbardziej znanym rezerwacie archeologicznym w Europie \u015arodkowej. Miejscowo\u015b\u0107 le\u017c\u0105ca 2 km od G\u0105sawy. Na p\u00f3\u0142wyspie jeziora Biskupi\u0144skiego osada obronna zwi\u0105zana z ludno\u015bci\u0105 kultury \u0142u\u017cyckiej, za\u0142o\u017cona ok. roku 740 p.n.e. Jest to najwi\u0119ksza w Europie ekspozycja osady warownej in situ z pocz\u0105tku epoki \u017celaza. Na pierwotnej wyspie powsta\u0142a osada, kt\u00f3r\u0105 w czasie najwi\u0119kszego rozkwitu mog\u0142o zamieszkiwa\u0107 od 900 do 1200 os\u00f3b. Wyspa otoczona falochronem (ok. 30.000 pali drewnianych wbitych w dno jeziora pod k\u0105tem 45%), oraz wa\u0142em drewnianym o wysoko\u015bci 6 m. wype\u0142nionym kamieniami i piaskiem. <br \/>Przejazd do miejscowo\u015bci \u0141ubowo. Zakwaterowanie w hotelu . Obiadokolacja. Nocleg.<\/p><p><strong>DZIE\u0143 II<\/strong> <br \/>\u015aniadanie. Nast\u0119pnie przejazd do Gniezna &#8211; Pierwsza Stolica Polski, Miasto \u015awi\u0119tego Wojciecha, po\u0142o\u017cone na Wysoczy\u017anie Gnie\u017anie\u0144skiej, na siedmiu wzg\u00f3rzach. Wzg\u00f3rze Lecha, G\u00f3ra Kr\u00f3lewska staje si\u0119 miejscem posadowienia grodu ksi\u0105\u017c\u0119cego i trzech podgrodzi, kt\u00f3ry staje si\u0119 centrum powstaj\u0105cego pa\u0144stwa polskiego. W roku 970 powstaje pierwsza \u015bwi\u0105tynia, okre\u015blana mianem &#8221; Matka Polskich Katedr&#8221;. Tu\u017c za jej murami zostaje pochowana \u017cona Mieszka I, a w roku 999, w o\u0142tarzu \u015bwi\u0105tyni zostaje z\u0142o\u017cone cia\u0142o pierwszego polskiego \u015bwi\u0119tego- Wojciecha. W 1025 roku katedra staje si\u0119 miejscem koronacji pierwszego kr\u00f3la Polski &#8211; Boles\u0142awa Chrobrego i jego syna Mieszka II. Gniezno by\u0142o \u015bwiadkiem koronacji 5 pierwszych kr\u00f3l\u00f3w Polski. Katedra pw. Wniebowzi\u0119cia NMP, Sanktuarium \u015bw. Wojciecha, w g\u0142\u00f3wnym zr\u0119bie gotycka , w podziemiach zachowane relikty wcze\u015bniejszych budowli, pozosta\u0142o\u015b\u0107 ogniska wiciowego i groby roma\u0144skie. Pod naw\u0105 po\u0142udniow\u0105 nekropolia Prymas\u00f3w Polski. Najcenniejszy zabytek katedry to s\u0142ynne roma\u0144skie &#8221; Drzwi Gnie\u017anie\u0144skie&#8221; wykonane w IV \u0107wierci wieku XII, nazywane &#8221; Klejnotem Kr\u00f3lestwa&#8221;. <br \/>Wizyta w Muzeum Pocz\u0105tk\u00f3w Pa\u0144stwa Polskiego \u2013 udzia\u0142 w warsztatach tematycznych dostosowanych odpowiednio do kategorii wiekowej dzieci. <br \/>Nast\u0119pnie \u2013 Drzwi Gnie\u017anie\u0144skie, podziemia Katedry, wie\u017ca widokowa, Ko\u015bci\u00f3\u0142 na Wzg\u00f3rzu, Park Piastowski. Wizyta w \u201e Parowozowni\u201d, Rynek miasta, Trakt Kr\u00f3lewski. Powr\u00f3t do hotelu na obiadokolacj\u0119. Nocleg.<\/p><p><strong>DZIE\u0143 III<\/strong> <br \/>\u015aniadanie, przejazd do Poznania \u2013 zwiedzanie miasta: Stary Rynek: fasada Ratusza, uznanym za per\u0142\u0119 renesansu, Fontanna: Prozerpiny, Marsa, Apolla, Neptuna, Domki Budniczych, Pr\u0119gierz, Katedra, Brama Pozna\u0144ska, Rezerwat Archeologiczny, Muzeum Archidiecezjalne, obiad, wyjazd w drog\u0119 powrotn\u0105.<br \/>Powr\u00f3t do Cz\u0119stochowy oko\u0142o 21:30<\/p><p><strong style=\"font-size: 16px;\">* Program jest ramowy i mo\u017ce ulec zmianie w zale\u017cno\u015bci od potrzeb grupy i warunk\u00f3w atmosferycznych.<\/strong><\/p>\t\t\t\t\t\t<\/div>\n\t\t\t\t<\/div>\n\t\t\t\t\t<\/div>\n\t\t<\/div>\n\t\t\t\t\t\t\t<\/div>\n\t\t<\/section>\n\t\t\t\t<section class=\"elementor-section elementor-top-section elementor-element elementor-element-a1e90d7 elementor-section-boxed elementor-section-height-default elementor-section-height-default\" data-id=\"a1e90d7\" data-element_type=\"section\" data-settings=\"{&quot;_ha_eqh_enable&quot;:false}\">\n\t\t\t\t\t\t<div class=\"elementor-container elementor-column-gap-default\">\n\t\t\t\t\t<div class=\"elementor-column elementor-col-100 elementor-top-column elementor-element elementor-element-cdf064d\" data-id=\"cdf064d\" data-element_type=\"column\">\n\t\t\t<div class=\"elementor-widget-wrap elementor-element-populated\">\n\t\t\t\t\t\t\t\t<div class=\"elementor-element elementor-element-a589df9 elementor-widget-divider--view-line elementor-widget elementor-widget-divider\" data-id=\"a589df9\" data-element_type=\"widget\" data-widget_type=\"divider.default\">\n\t\t\t\t<div class=\"elementor-widget-container\">\n\t\t\t\t\t<div class=\"elementor-divider\">\n\t\t\t<span class=\"elementor-divider-separator\">\n\t\t\t\t\t\t<\/span>\n\t\t<\/div>\n\t\t\t\t<\/div>\n\t\t\t\t<\/div>\n\t\t\t\t\t<\/div>\n\t\t<\/div>\n\t\t\t\t\t\t\t<\/div>\n\t\t<\/section>\n\t\t\t\t<section class=\"elementor-section elementor-top-section elementor-element elementor-element-6229897 elementor-section-boxed elementor-section-height-default elementor-section-height-default\" data-id=\"6229897\" data-element_type=\"section\" data-settings=\"{&quot;_ha_eqh_enable&quot;:false}\">\n\t\t\t\t\t\t<div class=\"elementor-container elementor-column-gap-default\">\n\t\t\t\t\t<div class=\"elementor-column elementor-col-100 elementor-top-column elementor-element elementor-element-6ece352\" data-id=\"6ece352\" data-element_type=\"column\">\n\t\t\t<div class=\"elementor-widget-wrap elementor-element-populated\">\n\t\t\t\t\t\t\t\t<div class=\"elementor-element elementor-element-d815fba elementor-widget elementor-widget-text-editor\" data-id=\"d815fba\" data-element_type=\"widget\" data-widget_type=\"text-editor.default\">\n\t\t\t\t<div class=\"elementor-widget-container\">\n\t\t\t\t\t\t\t<p><strong>CENA ZAWIERA:<\/strong><br \/>&#8211; 2 noclegi w hotelu ,<br \/>&#8211; wy\u017cywienie :2-\u015bniadanie,2-obiadokolacja, <br \/>&#8211; transport w obydwie strony,<br \/>&#8211; opieka pilota-przewodnika,<br \/>&#8211; obiad w ostatnim dniu pobytu,<br \/>&#8211; ubezpieczenie.<\/p>\t\t\t\t\t\t<\/div>\n\t\t\t\t<\/div>\n\t\t\t\t\t<\/div>\n\t\t<\/div>\n\t\t\t\t\t\t\t<\/div>\n\t\t<\/section>\n\t\t\t\t<section class=\"elementor-section elementor-top-section elementor-element elementor-element-e356987 elementor-section-boxed elementor-section-height-default elementor-section-height-default\" data-id=\"e356987\" data-element_type=\"section\" data-settings=\"{&quot;_ha_eqh_enable&quot;:false}\">\n\t\t\t\t\t\t<div class=\"elementor-container elementor-column-gap-default\">\n\t\t\t\t\t<div class=\"elementor-column elementor-col-100 elementor-top-column elementor-element elementor-element-bc994e2\" data-id=\"bc994e2\" data-element_type=\"column\">\n\t\t\t<div class=\"elementor-widget-wrap elementor-element-populated\">\n\t\t\t\t\t\t\t\t<div class=\"elementor-element elementor-element-73a6374 elementor-widget-divider--view-line elementor-widget elementor-widget-divider\" data-id=\"73a6374\" data-element_type=\"widget\" data-widget_type=\"divider.default\">\n\t\t\t\t<div class=\"elementor-widget-container\">\n\t\t\t\t\t<div class=\"elementor-divider\">\n\t\t\t<span class=\"elementor-divider-separator\">\n\t\t\t\t\t\t<\/span>\n\t\t<\/div>\n\t\t\t\t<\/div>\n\t\t\t\t<\/div>\n\t\t\t\t\t<\/div>\n\t\t<\/div>\n\t\t\t\t\t\t\t<\/div>\n\t\t<\/section>\n\t\t\t\t<section class=\"elementor-section elementor-top-section elementor-element elementor-element-1ebf216 elementor-section-boxed elementor-section-height-default elementor-section-height-default\" data-id=\"1ebf216\" data-element_type=\"section\" data-settings=\"{&quot;_ha_eqh_enable&quot;:false}\">\n\t\t\t\t\t\t<div class=\"elementor-container elementor-column-gap-default\">\n\t\t\t\t\t<div class=\"elementor-column elementor-col-100 elementor-top-column elementor-element elementor-element-cd37508\" data-id=\"cd37508\" data-element_type=\"column\">\n\t\t\t<div class=\"elementor-widget-wrap\">\n\t\t\t\t\t\t\t\t\t<\/div>\n\t\t<\/div>\n\t\t\t\t\t\t\t<\/div>\n\t\t<\/section>\n\t\t\t\t\t\t\t<\/div>\n\t\t","protected":false},"excerpt":{"rendered":"<p>POZNA\u0143 &#8211; GNIEZNO &#8211; BISKUPIN PROGRAM WYCIECZKI* DZIE\u0143 I Wyjazd z miejsca zbi\u00f3rki ok. godz. 6:30, przejazd do K\u00f3rnika &#8211; zwiedzanie zamku. Zamek jest bez w\u0105tpienia g\u0142\u00f3wnym obiektem turystycznym miasta K\u00f3rnik, le\u017c\u0105cego nieopodal Poznania. Jest on nie tylko siedzib\u0105 biblioteki rodowej Dzia\u0142y\u0144skich, obecnie Polskiej Akademii Nauk, ale tak\u017ce wspania\u0142ym obiektem architektonicznym, mieszcz\u0105cym w swych wn\u0119trzach &hellip;<\/p>\n<p class=\"read-more\"> <a class=\"\" href=\"https:\/\/ancora.info.pl\/?page_id=662\"> <span class=\"screen-reader-text\">Pozna\u0144 &#8211; Biskupin &#8211; Gniezno<\/span> Read More &raquo;<\/a><\/p>\n","protected":false},"author":1,"featured_media":0,"parent":0,"menu_order":0,"comment_status":"closed","ping_status":"closed","template":"","meta":[],"_links":{"self":[{"href":"https:\/\/ancora.info.pl\/index.php?rest_route=\/wp\/v2\/pages\/662"}],"collection":[{"href":"https:\/\/ancora.info.pl\/index.php?rest_route=\/wp\/v2\/pages"}],"about":[{"href":"https:\/\/ancora.info.pl\/index.php?rest_route=\/wp\/v2\/types\/page"}],"author":[{"embeddable":true,"href":"https:\/\/ancora.info.pl\/index.php?rest_route=\/wp\/v2\/users\/1"}],"replies":[{"embeddable":true,"href":"https:\/\/ancora.info.pl\/index.php?rest_route=%2Fwp%2Fv2%2Fcomments&post=662"}],"version-history":[{"count":5,"href":"https:\/\/ancora.info.pl\/index.php?rest_route=\/wp\/v2\/pages\/662\/revisions"}],"predecessor-version":[{"id":670,"href":"https:\/\/ancora.info.pl\/index.php?rest_route=\/wp\/v2\/pages\/662\/revisions\/670"}],"wp:attachment":[{"href":"https:\/\/ancora.info.pl\/index.php?rest_route=%2Fwp%2Fv2%2Fmedia&parent=662"}],"curies":[{"name":"wp","href":"https:\/\/api.w.org\/{rel}","templated":true}]}}