{"id":884,"date":"2021-03-29T08:38:09","date_gmt":"2021-03-29T06:38:09","guid":{"rendered":"http:\/\/wordpress2167206.home.pl\/autoinstalator\/wordpressplugins3\/?page_id=884"},"modified":"2021-03-29T09:07:33","modified_gmt":"2021-03-29T07:07:33","slug":"wlochy-polnocne","status":"publish","type":"page","link":"https:\/\/ancora.info.pl\/?page_id=884","title":{"rendered":"W\u0142ochy P\u00f3\u0142nocne"},"content":{"rendered":"\t\t<div data-elementor-type=\"wp-page\" data-elementor-id=\"884\" class=\"elementor elementor-884\">\n\t\t\t\t\t\t\t\t\t<section class=\"elementor-section elementor-top-section elementor-element elementor-element-1b6d831 elementor-section-boxed elementor-section-height-default elementor-section-height-default\" data-id=\"1b6d831\" data-element_type=\"section\" data-settings=\"{&quot;_ha_eqh_enable&quot;:false}\">\n\t\t\t\t\t\t<div class=\"elementor-container elementor-column-gap-default\">\n\t\t\t\t\t<div class=\"elementor-column elementor-col-100 elementor-top-column elementor-element elementor-element-170effd\" data-id=\"170effd\" data-element_type=\"column\">\n\t\t\t<div class=\"elementor-widget-wrap elementor-element-populated\">\n\t\t\t\t\t\t\t\t<div class=\"elementor-element elementor-element-fe57c6a elementor-widget elementor-widget-heading\" data-id=\"fe57c6a\" data-element_type=\"widget\" data-widget_type=\"heading.default\">\n\t\t\t\t<div class=\"elementor-widget-container\">\n\t\t\t<h2 class=\"elementor-heading-title elementor-size-default\">W\u0141OCHY P\u00d3\u0141NOCNE<\/h2>\t\t<\/div>\n\t\t\t\t<\/div>\n\t\t\t\t\t<\/div>\n\t\t<\/div>\n\t\t\t\t\t\t\t<\/div>\n\t\t<\/section>\n\t\t\t\t<section class=\"elementor-section elementor-top-section elementor-element elementor-element-df0ab89 elementor-section-boxed elementor-section-height-default elementor-section-height-default\" data-id=\"df0ab89\" data-element_type=\"section\" data-settings=\"{&quot;_ha_eqh_enable&quot;:false}\">\n\t\t\t\t\t\t<div class=\"elementor-container elementor-column-gap-default\">\n\t\t\t\t\t<div class=\"elementor-column elementor-col-100 elementor-top-column elementor-element elementor-element-c6239c1\" data-id=\"c6239c1\" data-element_type=\"column\">\n\t\t\t<div class=\"elementor-widget-wrap elementor-element-populated\">\n\t\t\t\t\t\t\t\t<div class=\"elementor-element elementor-element-a329aed elementor-widget-divider--view-line elementor-widget elementor-widget-divider\" data-id=\"a329aed\" data-element_type=\"widget\" data-widget_type=\"divider.default\">\n\t\t\t\t<div class=\"elementor-widget-container\">\n\t\t\t\t\t<div class=\"elementor-divider\">\n\t\t\t<span class=\"elementor-divider-separator\">\n\t\t\t\t\t\t<\/span>\n\t\t<\/div>\n\t\t\t\t<\/div>\n\t\t\t\t<\/div>\n\t\t\t\t\t<\/div>\n\t\t<\/div>\n\t\t\t\t\t\t\t<\/div>\n\t\t<\/section>\n\t\t\t\t<section class=\"elementor-section elementor-top-section elementor-element elementor-element-9dde13c elementor-section-boxed elementor-section-height-default elementor-section-height-default\" data-id=\"9dde13c\" data-element_type=\"section\" data-settings=\"{&quot;_ha_eqh_enable&quot;:false}\">\n\t\t\t\t\t\t<div class=\"elementor-container elementor-column-gap-default\">\n\t\t\t\t\t<div class=\"elementor-column elementor-col-33 elementor-top-column elementor-element elementor-element-0ed08c8\" data-id=\"0ed08c8\" data-element_type=\"column\">\n\t\t\t<div class=\"elementor-widget-wrap elementor-element-populated\">\n\t\t\t\t\t\t\t\t<div class=\"elementor-element elementor-element-4ff9c4e elementor-widget elementor-widget-image\" data-id=\"4ff9c4e\" data-element_type=\"widget\" data-widget_type=\"image.default\">\n\t\t\t\t<div class=\"elementor-widget-container\">\n\t\t\t\t\t\t\t\t\t\t\t\t\t\t\t<img width=\"600\" height=\"400\" src=\"https:\/\/ancora.info.pl\/wp-content\/uploads\/2021\/03\/ancora-wycieczka-san-marino-wlochy.jpg\" class=\"attachment-large size-large\" alt=\"\" loading=\"lazy\" srcset=\"https:\/\/ancora.info.pl\/wp-content\/uploads\/2021\/03\/ancora-wycieczka-san-marino-wlochy.jpg 600w, https:\/\/ancora.info.pl\/wp-content\/uploads\/2021\/03\/ancora-wycieczka-san-marino-wlochy-300x200.jpg 300w\" sizes=\"(max-width: 600px) 100vw, 600px\" \/>\t\t\t\t\t\t\t\t\t\t\t\t\t\t\t<\/div>\n\t\t\t\t<\/div>\n\t\t\t\t\t<\/div>\n\t\t<\/div>\n\t\t\t\t<div class=\"elementor-column elementor-col-33 elementor-top-column elementor-element elementor-element-8929323\" data-id=\"8929323\" data-element_type=\"column\">\n\t\t\t<div class=\"elementor-widget-wrap elementor-element-populated\">\n\t\t\t\t\t\t\t\t<div class=\"elementor-element elementor-element-4301757 elementor-widget elementor-widget-image\" data-id=\"4301757\" data-element_type=\"widget\" data-widget_type=\"image.default\">\n\t\t\t\t<div class=\"elementor-widget-container\">\n\t\t\t\t\t\t\t\t\t\t\t\t\t\t\t<img width=\"600\" height=\"400\" src=\"https:\/\/ancora.info.pl\/wp-content\/uploads\/2021\/03\/ancora-wycieczka-wlochy-florencja-600x400-1.jpg\" class=\"attachment-large size-large\" alt=\"\" loading=\"lazy\" srcset=\"https:\/\/ancora.info.pl\/wp-content\/uploads\/2021\/03\/ancora-wycieczka-wlochy-florencja-600x400-1.jpg 600w, https:\/\/ancora.info.pl\/wp-content\/uploads\/2021\/03\/ancora-wycieczka-wlochy-florencja-600x400-1-300x200.jpg 300w\" sizes=\"(max-width: 600px) 100vw, 600px\" \/>\t\t\t\t\t\t\t\t\t\t\t\t\t\t\t<\/div>\n\t\t\t\t<\/div>\n\t\t\t\t\t<\/div>\n\t\t<\/div>\n\t\t\t\t<div class=\"elementor-column elementor-col-33 elementor-top-column elementor-element elementor-element-b6b6ec6\" data-id=\"b6b6ec6\" data-element_type=\"column\">\n\t\t\t<div class=\"elementor-widget-wrap elementor-element-populated\">\n\t\t\t\t\t\t\t\t<div class=\"elementor-element elementor-element-b5ccc37 elementor-widget elementor-widget-image\" data-id=\"b5ccc37\" data-element_type=\"widget\" data-widget_type=\"image.default\">\n\t\t\t\t<div class=\"elementor-widget-container\">\n\t\t\t\t\t\t\t\t\t\t\t\t\t\t\t<img width=\"600\" height=\"400\" src=\"https:\/\/ancora.info.pl\/wp-content\/uploads\/2021\/03\/ancora-wycieczka-rimini-wlochy-600x400-1.jpg\" class=\"attachment-large size-large\" alt=\"\" loading=\"lazy\" srcset=\"https:\/\/ancora.info.pl\/wp-content\/uploads\/2021\/03\/ancora-wycieczka-rimini-wlochy-600x400-1.jpg 600w, https:\/\/ancora.info.pl\/wp-content\/uploads\/2021\/03\/ancora-wycieczka-rimini-wlochy-600x400-1-300x200.jpg 300w\" sizes=\"(max-width: 600px) 100vw, 600px\" \/>\t\t\t\t\t\t\t\t\t\t\t\t\t\t\t<\/div>\n\t\t\t\t<\/div>\n\t\t\t\t\t<\/div>\n\t\t<\/div>\n\t\t\t\t\t\t\t<\/div>\n\t\t<\/section>\n\t\t\t\t<section class=\"elementor-section elementor-top-section elementor-element elementor-element-71815d5 elementor-section-boxed elementor-section-height-default elementor-section-height-default\" data-id=\"71815d5\" data-element_type=\"section\" data-settings=\"{&quot;_ha_eqh_enable&quot;:false}\">\n\t\t\t\t\t\t<div class=\"elementor-container elementor-column-gap-default\">\n\t\t\t\t\t<div class=\"elementor-column elementor-col-100 elementor-top-column elementor-element elementor-element-6235412\" data-id=\"6235412\" data-element_type=\"column\">\n\t\t\t<div class=\"elementor-widget-wrap elementor-element-populated\">\n\t\t\t\t\t\t\t\t<div class=\"elementor-element elementor-element-25f01ac elementor-widget-divider--view-line elementor-widget elementor-widget-divider\" data-id=\"25f01ac\" data-element_type=\"widget\" data-widget_type=\"divider.default\">\n\t\t\t\t<div class=\"elementor-widget-container\">\n\t\t\t\t\t<div class=\"elementor-divider\">\n\t\t\t<span class=\"elementor-divider-separator\">\n\t\t\t\t\t\t<\/span>\n\t\t<\/div>\n\t\t\t\t<\/div>\n\t\t\t\t<\/div>\n\t\t\t\t\t<\/div>\n\t\t<\/div>\n\t\t\t\t\t\t\t<\/div>\n\t\t<\/section>\n\t\t\t\t<section class=\"elementor-section elementor-top-section elementor-element elementor-element-d244a49 elementor-section-boxed elementor-section-height-default elementor-section-height-default\" data-id=\"d244a49\" data-element_type=\"section\" data-settings=\"{&quot;_ha_eqh_enable&quot;:false}\">\n\t\t\t\t\t\t<div class=\"elementor-container elementor-column-gap-default\">\n\t\t\t\t\t<div class=\"elementor-column elementor-col-100 elementor-top-column elementor-element elementor-element-e8eb9a0\" data-id=\"e8eb9a0\" data-element_type=\"column\">\n\t\t\t<div class=\"elementor-widget-wrap elementor-element-populated\">\n\t\t\t\t\t\t\t\t<div class=\"elementor-element elementor-element-ad9c532 elementor-widget elementor-widget-heading\" data-id=\"ad9c532\" data-element_type=\"widget\" data-widget_type=\"heading.default\">\n\t\t\t\t<div class=\"elementor-widget-container\">\n\t\t\t<h2 class=\"elementor-heading-title elementor-size-default\">PROGRAM WYCIECZKI*<\/h2>\t\t<\/div>\n\t\t\t\t<\/div>\n\t\t\t\t\t<\/div>\n\t\t<\/div>\n\t\t\t\t\t\t\t<\/div>\n\t\t<\/section>\n\t\t\t\t<section class=\"elementor-section elementor-top-section elementor-element elementor-element-6859a7e elementor-section-boxed elementor-section-height-default elementor-section-height-default\" data-id=\"6859a7e\" data-element_type=\"section\" data-settings=\"{&quot;_ha_eqh_enable&quot;:false}\">\n\t\t\t\t\t\t<div class=\"elementor-container elementor-column-gap-default\">\n\t\t\t\t\t<div class=\"elementor-column elementor-col-100 elementor-top-column elementor-element elementor-element-488ceb0\" data-id=\"488ceb0\" data-element_type=\"column\">\n\t\t\t<div class=\"elementor-widget-wrap elementor-element-populated\">\n\t\t\t\t\t\t\t\t<div class=\"elementor-element elementor-element-4d471ad elementor-widget elementor-widget-text-editor\" data-id=\"4d471ad\" data-element_type=\"widget\" data-widget_type=\"text-editor.default\">\n\t\t\t\t<div class=\"elementor-widget-container\">\n\t\t\t\t\t\t\t<p><strong>DZIE\u0143 I<\/strong> <br \/>Wyjazd z miejsca zbi\u00f3rki ok. godz. 14:00, przejazd przez Czechy, Austri\u0119 do Wiednia. <br \/>Przejazd Ringiem oraz nocny spacer po Wiedniu. <br \/>Przejazd do W\u0142och.<\/p><p><strong>DZIE\u0143 II<\/strong> <br \/>Przyjazd do miejscowo\u015bci Rimini ok. po\u0142udnia. <br \/>Obiad. <br \/>Zakwaterowanie w hotelu*** . <br \/>Zebranie organizacyjne. <br \/>Spacer po okolicy. <br \/>Kolacja. <br \/>Nocleg.<\/p><p><strong>DZIE\u0143 III<\/strong> <br \/>\u015aniadanie, nast\u0119pnie pla\u017cowanie. <br \/>Obiad. <br \/>Mo\u017cliwo\u015b\u0107 odbycia rejsu statkiem wzd\u0142u\u017c Wybrze\u017ca Adriatyckiego. <br \/>Kolacja. Zwiedzanie cz\u0119\u015bci historycznej Rimini. <br \/>Nocleg\u00a0<\/p><p><strong>DZIE\u0143 IV<\/strong> <br \/>\u015aniadanie. <br \/>Pla\u017cowanie. <br \/>Obiad. <br \/>Wycieczka autokarowa do San Marino. <br \/>Powr\u00f3t na kolacj\u0119 ok. godz. 19:00. <br \/>Nocleg.<\/p><p><strong>DZIE\u0143 V<\/strong> <br \/>\u015aniadanie. <br \/>Przejazd do parku Mirabilandia &#8211; najwi\u0119kszy w\u0142oski park rozrywki. Park znajduje si\u0119 w Savio gmina Cervia w Emilia-Romania, niedaleko Rawenny. Park zajmuje obszar 30 ha, a dodatkowe 10 ha powierzchni przypada na obszar wodny. Weso\u0142e miasteczko podzielone jest na siedem stref:<br \/>&#8211; Bimboboli \u2013 gdzie znajduj\u0105 si\u0119 atrakcje dla dzieci, <br \/>&#8211; Adventureland \u2013 z atrakcjami przygodowymi,<br \/>&#8211; La citta di Sian Ka&#8217;an \u2013 atrakcje z Krainy Maj\u00f3w,<br \/>&#8211; La vecchia Europa \u2013 tradycyjne weso\u0142e miasteczko,<br \/>&#8211; Motorworld \u2013 atrakcje zwi\u0105zane z pojazdami wodnymi, drogowymi i szynowymi,<br \/>&#8211; Dolcevita Studios.<br \/>Ca\u0142odzienny pobyt. <br \/>Powr\u00f3t do hotelu na obiadokolacj\u0119. <br \/>Nocleg.<\/p><p><strong>DZIE\u0143 VI<\/strong><br \/>\u015aniadanie. Ca\u0142odzienny pobyt w Mirabilandia Beach. Powr\u00f3t na obiadokolacj\u0119. Nocleg.<\/p><p><strong>DZIE\u0143 VII<\/strong> <br \/>\u015aniadanie. Przejazd do Florencji \u2013 zwiedzanie: Ko\u015bci\u00f3\u0142 franciszka\u0144ski Santa Croce, spacer przez dzielnic\u0119 Dantego do serca miasta z baptysterium, katedr\u0105 <br \/>i dzwonnic\u0105 Giotta. Przej\u015bcie przez Piazza della Singnoria na Ponte Vecchio. Przejazd do miejscowo\u015bci Montecatini \u2013 zakwaterowanie w hotelu *** . Obiadokolacja. Nocleg.<\/p><p><strong>DZIE\u0143 VIII<\/strong> <br \/>\u015aniadanie. Nast\u0119pnie przejazd do miejscowo\u015bci Piza zwiedzanie: La Torre di Pisa (Krzywa Wie\u017ca), Campbo di Miracole (Plac cud\u00f3w), Katedra Santa Maria Assunta, Baptysterium, Camposanto Vecchio. Przejazd na pla\u017c\u0119 &#8211; Spiaggia della Lecciona. K\u0105piele w morzu Liguryjskim. Powr\u00f3t do hotelu w Montecatinii. Obiadokolacja. Nocleg.<\/p><p><strong>DZIE\u0143 IX<\/strong> <br \/>\u015aniadanie. Nast\u0119pnie przejazd nad Jezioro Lago di Garda &#8211; jezioro w p\u00f3\u0142nocnych W\u0142oszech, najwi\u0119ksze i najczystsze jezioro tego kraju. Po\u0142o\u017cone w po\u0142owie drogi mi\u0119dzy Wenecj\u0105 a Mediolanem, zwiedzanie miasteczka Sirmione &#8211; centrum miasta le\u017cy na p\u00f3\u0142wyspie na Jeziorze Garda. W mie\u015bcie znajduj\u0105 si\u0119 pozosta\u0142o\u015bci rzymskich i \u015bredniowiecznych budowli. Pla\u017cowanie i k\u0105piele. Przejazd do miejscowo\u015bci Negrar, Zakwaterowanie w hotelu . Obiadokolacja. Nocleg.<\/p><p><strong>DZIE\u0143 X<\/strong><br \/>\u015aniadanie. Wyjazd w drog\u0119 powrotn\u0105.<\/p><p class=\"MsoNormal\"><strong>* Program jest ramowy i mo\u017ce ulec zmianie w zale\u017cno\u015bci od potrzeb grupy.<\/strong><\/p>\t\t\t\t\t\t<\/div>\n\t\t\t\t<\/div>\n\t\t\t\t\t<\/div>\n\t\t<\/div>\n\t\t\t\t\t\t\t<\/div>\n\t\t<\/section>\n\t\t\t\t<section class=\"elementor-section elementor-top-section elementor-element elementor-element-a1e90d7 elementor-section-boxed elementor-section-height-default elementor-section-height-default\" data-id=\"a1e90d7\" data-element_type=\"section\" data-settings=\"{&quot;_ha_eqh_enable&quot;:false}\">\n\t\t\t\t\t\t<div class=\"elementor-container elementor-column-gap-default\">\n\t\t\t\t\t<div class=\"elementor-column elementor-col-100 elementor-top-column elementor-element elementor-element-cdf064d\" data-id=\"cdf064d\" data-element_type=\"column\">\n\t\t\t<div class=\"elementor-widget-wrap elementor-element-populated\">\n\t\t\t\t\t\t\t\t<div class=\"elementor-element elementor-element-a589df9 elementor-widget-divider--view-line elementor-widget elementor-widget-divider\" data-id=\"a589df9\" data-element_type=\"widget\" data-widget_type=\"divider.default\">\n\t\t\t\t<div class=\"elementor-widget-container\">\n\t\t\t\t\t<div class=\"elementor-divider\">\n\t\t\t<span class=\"elementor-divider-separator\">\n\t\t\t\t\t\t<\/span>\n\t\t<\/div>\n\t\t\t\t<\/div>\n\t\t\t\t<\/div>\n\t\t\t\t\t<\/div>\n\t\t<\/div>\n\t\t\t\t\t\t\t<\/div>\n\t\t<\/section>\n\t\t\t\t<section class=\"elementor-section elementor-top-section elementor-element elementor-element-6229897 elementor-section-boxed elementor-section-height-default elementor-section-height-default\" data-id=\"6229897\" data-element_type=\"section\" data-settings=\"{&quot;_ha_eqh_enable&quot;:false}\">\n\t\t\t\t\t\t<div class=\"elementor-container elementor-column-gap-default\">\n\t\t\t\t\t<div class=\"elementor-column elementor-col-100 elementor-top-column elementor-element elementor-element-6ece352\" data-id=\"6ece352\" data-element_type=\"column\">\n\t\t\t<div class=\"elementor-widget-wrap elementor-element-populated\">\n\t\t\t\t\t\t\t\t<div class=\"elementor-element elementor-element-d815fba elementor-widget elementor-widget-text-editor\" data-id=\"d815fba\" data-element_type=\"widget\" data-widget_type=\"text-editor.default\">\n\t\t\t\t<div class=\"elementor-widget-container\">\n\t\t\t\t\t\t\t<p><strong>CENA ZAWIERA:<\/strong><\/p><p>&#8211; transport autokarem, klimatyzacja, barek, TV<br \/>&#8211; 5 nocleg\u00f3w w hotelu w Riminii,<br \/>&#8211; 2 noclegi w hotelu w Montecatini Terme,<br \/>&#8211; 1 nocleg w hotelu w Negrarze,<br \/>&#8211; wy\u017cywienie: 3 x dziennie ( \u015bniadanie, obiad, kolacja),<br \/>&#8211; ubezpieczenie KL, NWW,<br \/>&#8211; us\u0142ugi lokalnych przewodnik\u00f3w,<br \/>&#8211; opieka wykwalifikowanej kadry pedagogicznej,<br \/>&#8211; wycieczki: San Marino, Florencja, Piza, <br \/>&#8211; op\u0142aty zwi\u0105zane z realizacj\u0105 programu , wjazdy do miast<br \/>&#8211; op\u0142at\u0119 na Turystyczny Fundusz Gwarancyjny &#8211; wg Rozporz\u0105dzenia Ministra Sportu i Turystyki z 21.11.2016 r.<\/p>\t\t\t\t\t\t<\/div>\n\t\t\t\t<\/div>\n\t\t\t\t\t<\/div>\n\t\t<\/div>\n\t\t\t\t\t\t\t<\/div>\n\t\t<\/section>\n\t\t\t\t<section class=\"elementor-section elementor-top-section elementor-element elementor-element-e356987 elementor-section-boxed elementor-section-height-default elementor-section-height-default\" data-id=\"e356987\" data-element_type=\"section\" data-settings=\"{&quot;_ha_eqh_enable&quot;:false}\">\n\t\t\t\t\t\t<div class=\"elementor-container elementor-column-gap-default\">\n\t\t\t\t\t<div class=\"elementor-column elementor-col-100 elementor-top-column elementor-element elementor-element-bc994e2\" data-id=\"bc994e2\" data-element_type=\"column\">\n\t\t\t<div class=\"elementor-widget-wrap elementor-element-populated\">\n\t\t\t\t\t\t\t\t<div class=\"elementor-element elementor-element-73a6374 elementor-widget-divider--view-line elementor-widget elementor-widget-divider\" data-id=\"73a6374\" data-element_type=\"widget\" data-widget_type=\"divider.default\">\n\t\t\t\t<div class=\"elementor-widget-container\">\n\t\t\t\t\t<div class=\"elementor-divider\">\n\t\t\t<span class=\"elementor-divider-separator\">\n\t\t\t\t\t\t<\/span>\n\t\t<\/div>\n\t\t\t\t<\/div>\n\t\t\t\t<\/div>\n\t\t\t\t\t<\/div>\n\t\t<\/div>\n\t\t\t\t\t\t\t<\/div>\n\t\t<\/section>\n\t\t\t\t<section class=\"elementor-section elementor-top-section elementor-element elementor-element-1ebf216 elementor-section-boxed elementor-section-height-default elementor-section-height-default\" data-id=\"1ebf216\" data-element_type=\"section\" data-settings=\"{&quot;_ha_eqh_enable&quot;:false}\">\n\t\t\t\t\t\t<div class=\"elementor-container elementor-column-gap-default\">\n\t\t\t\t\t<div class=\"elementor-column elementor-col-100 elementor-top-column elementor-element elementor-element-cd37508\" data-id=\"cd37508\" data-element_type=\"column\">\n\t\t\t<div class=\"elementor-widget-wrap\">\n\t\t\t\t\t\t\t\t\t<\/div>\n\t\t<\/div>\n\t\t\t\t\t\t\t<\/div>\n\t\t<\/section>\n\t\t\t\t\t\t\t<\/div>\n\t\t","protected":false},"excerpt":{"rendered":"<p>W\u0141OCHY P\u00d3\u0141NOCNE PROGRAM WYCIECZKI* DZIE\u0143 I Wyjazd z miejsca zbi\u00f3rki ok. godz. 14:00, przejazd przez Czechy, Austri\u0119 do Wiednia. Przejazd Ringiem oraz nocny spacer po Wiedniu. Przejazd do W\u0142och. DZIE\u0143 II Przyjazd do miejscowo\u015bci Rimini ok. po\u0142udnia. Obiad. Zakwaterowanie w hotelu*** . Zebranie organizacyjne. Spacer po okolicy. Kolacja. Nocleg. DZIE\u0143 III \u015aniadanie, nast\u0119pnie pla\u017cowanie. Obiad. &hellip;<\/p>\n<p class=\"read-more\"> <a class=\"\" href=\"https:\/\/ancora.info.pl\/?page_id=884\"> <span class=\"screen-reader-text\">W\u0142ochy P\u00f3\u0142nocne<\/span> Read More &raquo;<\/a><\/p>\n","protected":false},"author":1,"featured_media":0,"parent":0,"menu_order":0,"comment_status":"closed","ping_status":"closed","template":"","meta":[],"_links":{"self":[{"href":"https:\/\/ancora.info.pl\/index.php?rest_route=\/wp\/v2\/pages\/884"}],"collection":[{"href":"https:\/\/ancora.info.pl\/index.php?rest_route=\/wp\/v2\/pages"}],"about":[{"href":"https:\/\/ancora.info.pl\/index.php?rest_route=\/wp\/v2\/types\/page"}],"author":[{"embeddable":true,"href":"https:\/\/ancora.info.pl\/index.php?rest_route=\/wp\/v2\/users\/1"}],"replies":[{"embeddable":true,"href":"https:\/\/ancora.info.pl\/index.php?rest_route=%2Fwp%2Fv2%2Fcomments&post=884"}],"version-history":[{"count":4,"href":"https:\/\/ancora.info.pl\/index.php?rest_route=\/wp\/v2\/pages\/884\/revisions"}],"predecessor-version":[{"id":892,"href":"https:\/\/ancora.info.pl\/index.php?rest_route=\/wp\/v2\/pages\/884\/revisions\/892"}],"wp:attachment":[{"href":"https:\/\/ancora.info.pl\/index.php?rest_route=%2Fwp%2Fv2%2Fmedia&parent=884"}],"curies":[{"name":"wp","href":"https:\/\/api.w.org\/{rel}","templated":true}]}}