{"id":917,"date":"2021-03-29T10:23:36","date_gmt":"2021-03-29T08:23:36","guid":{"rendered":"http:\/\/wordpress2167206.home.pl\/autoinstalator\/wordpressplugins3\/?page_id=917"},"modified":"2021-05-10T14:11:08","modified_gmt":"2021-05-10T12:11:08","slug":"wyjazdy-zimowe","status":"publish","type":"page","link":"https:\/\/ancora.info.pl\/?page_id=917","title":{"rendered":"Wyjazdy zimowe"},"content":{"rendered":"\t\t<div data-elementor-type=\"wp-page\" data-elementor-id=\"917\" class=\"elementor elementor-917\">\n\t\t\t\t\t\t\t\t\t<section class=\"elementor-section elementor-top-section elementor-element elementor-element-ad92adb elementor-section-boxed elementor-section-height-default elementor-section-height-default\" data-id=\"ad92adb\" data-element_type=\"section\" data-settings=\"{&quot;_ha_eqh_enable&quot;:false}\">\n\t\t\t\t\t\t<div class=\"elementor-container elementor-column-gap-default\">\n\t\t\t\t\t<div class=\"elementor-column elementor-col-100 elementor-top-column elementor-element elementor-element-c7334e3\" data-id=\"c7334e3\" data-element_type=\"column\">\n\t\t\t<div class=\"elementor-widget-wrap elementor-element-populated\">\n\t\t\t\t\t\t\t\t<div class=\"elementor-element elementor-element-11bfd00 elementor-widget elementor-widget-text-editor\" data-id=\"11bfd00\" data-element_type=\"widget\" data-widget_type=\"text-editor.default\">\n\t\t\t\t<div class=\"elementor-widget-container\">\n\t\t\t\t\t\t\t<p>Wyjazdy zimowe<br \/><span style=\"font-style: inherit; font-weight: inherit;\">OFERTA<\/span><\/p>\t\t\t\t\t\t<\/div>\n\t\t\t\t<\/div>\n\t\t\t\t\t<\/div>\n\t\t<\/div>\n\t\t\t\t\t\t\t<\/div>\n\t\t<\/section>\n\t\t\t\t<section class=\"elementor-section elementor-top-section elementor-element elementor-element-66e9304 elementor-section-boxed elementor-section-height-default elementor-section-height-default\" data-id=\"66e9304\" data-element_type=\"section\" data-settings=\"{&quot;_ha_eqh_enable&quot;:false}\">\n\t\t\t\t\t\t<div class=\"elementor-container elementor-column-gap-default\">\n\t\t\t\t\t<div class=\"elementor-column elementor-col-100 elementor-top-column elementor-element elementor-element-f7aa48a\" data-id=\"f7aa48a\" data-element_type=\"column\">\n\t\t\t<div class=\"elementor-widget-wrap elementor-element-populated\">\n\t\t\t\t\t\t\t\t<div class=\"elementor-element elementor-element-40c6613 elementor-widget-divider--view-line elementor-widget elementor-widget-divider\" data-id=\"40c6613\" data-element_type=\"widget\" data-widget_type=\"divider.default\">\n\t\t\t\t<div class=\"elementor-widget-container\">\n\t\t\t\t\t<div class=\"elementor-divider\">\n\t\t\t<span class=\"elementor-divider-separator\">\n\t\t\t\t\t\t<\/span>\n\t\t<\/div>\n\t\t\t\t<\/div>\n\t\t\t\t<\/div>\n\t\t\t\t\t<\/div>\n\t\t<\/div>\n\t\t\t\t\t\t\t<\/div>\n\t\t<\/section>\n\t\t\t\t<section class=\"elementor-section elementor-top-section elementor-element elementor-element-d48654b elementor-section-boxed elementor-section-height-default elementor-section-height-default\" data-id=\"d48654b\" data-element_type=\"section\" data-settings=\"{&quot;_ha_eqh_enable&quot;:false}\">\n\t\t\t\t\t\t<div class=\"elementor-container elementor-column-gap-default\">\n\t\t\t\t\t<div class=\"elementor-column elementor-col-33 elementor-top-column elementor-element elementor-element-3e9875f\" data-id=\"3e9875f\" data-element_type=\"column\">\n\t\t\t<div class=\"elementor-widget-wrap elementor-element-populated\">\n\t\t\t\t\t\t\t\t<div class=\"elementor-element elementor-element-0efcdc8 elementor-widget elementor-widget-heading\" data-id=\"0efcdc8\" data-element_type=\"widget\" data-widget_type=\"heading.default\">\n\t\t\t\t<div class=\"elementor-widget-container\">\n\t\t\t<h2 class=\"elementor-heading-title elementor-size-default\">Wis\u0142a - Ustro\u0144 - \nBielsko-Bia\u0142a<\/h2>\t\t<\/div>\n\t\t\t\t<\/div>\n\t\t\t\t<div class=\"elementor-element elementor-element-2090f59 elementor-widget elementor-widget-image\" data-id=\"2090f59\" data-element_type=\"widget\" data-widget_type=\"image.default\">\n\t\t\t\t<div class=\"elementor-widget-container\">\n\t\t\t\t\t\t\t\t\t\t\t\t\t\t\t\t<a href=\"https:\/\/ancora.info.pl\/?page_id=940\">\n\t\t\t\t\t\t\t<img width=\"600\" height=\"400\" src=\"https:\/\/ancora.info.pl\/wp-content\/uploads\/2021\/03\/ancora-ustron-wycieczka-600x400-1.jpg\" class=\"attachment-large size-large\" alt=\"\" loading=\"lazy\" srcset=\"https:\/\/ancora.info.pl\/wp-content\/uploads\/2021\/03\/ancora-ustron-wycieczka-600x400-1.jpg 600w, https:\/\/ancora.info.pl\/wp-content\/uploads\/2021\/03\/ancora-ustron-wycieczka-600x400-1-300x200.jpg 300w\" sizes=\"(max-width: 600px) 100vw, 600px\" \/>\t\t\t\t\t\t\t\t<\/a>\n\t\t\t\t\t\t\t\t\t\t\t\t\t\t\t<\/div>\n\t\t\t\t<\/div>\n\t\t\t\t\t<\/div>\n\t\t<\/div>\n\t\t\t\t<div class=\"elementor-column elementor-col-33 elementor-top-column elementor-element elementor-element-9d9ceae\" data-id=\"9d9ceae\" data-element_type=\"column\">\n\t\t\t<div class=\"elementor-widget-wrap elementor-element-populated\">\n\t\t\t\t\t\t\t\t<div class=\"elementor-element elementor-element-b6e3115 elementor-widget elementor-widget-heading\" data-id=\"b6e3115\" data-element_type=\"widget\" data-widget_type=\"heading.default\">\n\t\t\t\t<div class=\"elementor-widget-container\">\n\t\t\t<h2 class=\"elementor-heading-title elementor-size-default\">Pieniny - Kro\u015bcienko nad Dunajcem<\/h2>\t\t<\/div>\n\t\t\t\t<\/div>\n\t\t\t\t<div class=\"elementor-element elementor-element-b397112 elementor-widget elementor-widget-image\" data-id=\"b397112\" data-element_type=\"widget\" data-widget_type=\"image.default\">\n\t\t\t\t<div class=\"elementor-widget-container\">\n\t\t\t\t\t\t\t\t\t\t\t\t\t\t\t\t<a href=\"https:\/\/ancora.info.pl\/?page_id=694\">\n\t\t\t\t\t\t\t<img width=\"600\" height=\"400\" src=\"https:\/\/ancora.info.pl\/wp-content\/uploads\/2021\/03\/ancora-pieniny-zima-wycieczka-600x400-1.jpg\" class=\"attachment-large size-large\" alt=\"\" loading=\"lazy\" srcset=\"https:\/\/ancora.info.pl\/wp-content\/uploads\/2021\/03\/ancora-pieniny-zima-wycieczka-600x400-1.jpg 600w, https:\/\/ancora.info.pl\/wp-content\/uploads\/2021\/03\/ancora-pieniny-zima-wycieczka-600x400-1-300x200.jpg 300w\" sizes=\"(max-width: 600px) 100vw, 600px\" \/>\t\t\t\t\t\t\t\t<\/a>\n\t\t\t\t\t\t\t\t\t\t\t\t\t\t\t<\/div>\n\t\t\t\t<\/div>\n\t\t\t\t\t<\/div>\n\t\t<\/div>\n\t\t\t\t<div class=\"elementor-column elementor-col-33 elementor-top-column elementor-element elementor-element-1468356\" data-id=\"1468356\" data-element_type=\"column\">\n\t\t\t<div class=\"elementor-widget-wrap elementor-element-populated\">\n\t\t\t\t\t\t\t\t<div class=\"elementor-element elementor-element-e50f6ec elementor-widget elementor-widget-heading\" data-id=\"e50f6ec\" data-element_type=\"widget\" data-widget_type=\"heading.default\">\n\t\t\t\t<div class=\"elementor-widget-container\">\n\t\t\t<h2 class=\"elementor-heading-title elementor-size-default\">W\u0142ochy - Trentino (Dolomity)<\/h2>\t\t<\/div>\n\t\t\t\t<\/div>\n\t\t\t\t<div class=\"elementor-element elementor-element-faa86f7 elementor-widget elementor-widget-image\" data-id=\"faa86f7\" data-element_type=\"widget\" data-widget_type=\"image.default\">\n\t\t\t\t<div class=\"elementor-widget-container\">\n\t\t\t\t\t\t\t\t\t\t\t\t\t\t\t\t<a href=\"https:\/\/ancora.info.pl\/?page_id=1043\">\n\t\t\t\t\t\t\t<img width=\"600\" height=\"400\" src=\"https:\/\/ancora.info.pl\/wp-content\/uploads\/2021\/03\/ancora-wycieczka-wlochy-zimowisko-600x400-1.jpg\" class=\"attachment-large size-large\" alt=\"\" loading=\"lazy\" srcset=\"https:\/\/ancora.info.pl\/wp-content\/uploads\/2021\/03\/ancora-wycieczka-wlochy-zimowisko-600x400-1.jpg 600w, https:\/\/ancora.info.pl\/wp-content\/uploads\/2021\/03\/ancora-wycieczka-wlochy-zimowisko-600x400-1-300x200.jpg 300w\" sizes=\"(max-width: 600px) 100vw, 600px\" \/>\t\t\t\t\t\t\t\t<\/a>\n\t\t\t\t\t\t\t\t\t\t\t\t\t\t\t<\/div>\n\t\t\t\t<\/div>\n\t\t\t\t\t<\/div>\n\t\t<\/div>\n\t\t\t\t\t\t\t<\/div>\n\t\t<\/section>\n\t\t\t\t<section class=\"elementor-section elementor-top-section elementor-element elementor-element-d091fbc elementor-section-boxed elementor-section-height-default elementor-section-height-default\" data-id=\"d091fbc\" data-element_type=\"section\" data-settings=\"{&quot;_ha_eqh_enable&quot;:false}\">\n\t\t\t\t\t\t<div class=\"elementor-container elementor-column-gap-default\">\n\t\t\t\t\t<div class=\"elementor-column elementor-col-100 elementor-top-column elementor-element elementor-element-7eee3b6\" data-id=\"7eee3b6\" data-element_type=\"column\">\n\t\t\t<div class=\"elementor-widget-wrap elementor-element-populated\">\n\t\t\t\t\t\t\t\t<div class=\"elementor-element elementor-element-ada2022 elementor-widget-divider--view-line elementor-widget elementor-widget-divider\" data-id=\"ada2022\" data-element_type=\"widget\" data-widget_type=\"divider.default\">\n\t\t\t\t<div class=\"elementor-widget-container\">\n\t\t\t\t\t<div class=\"elementor-divider\">\n\t\t\t<span class=\"elementor-divider-separator\">\n\t\t\t\t\t\t<\/span>\n\t\t<\/div>\n\t\t\t\t<\/div>\n\t\t\t\t<\/div>\n\t\t\t\t\t<\/div>\n\t\t<\/div>\n\t\t\t\t\t\t\t<\/div>\n\t\t<\/section>\n\t\t\t\t<section class=\"elementor-section elementor-top-section elementor-element elementor-element-3423359 elementor-section-boxed elementor-section-height-default elementor-section-height-default\" data-id=\"3423359\" data-element_type=\"section\" data-settings=\"{&quot;_ha_eqh_enable&quot;:false}\">\n\t\t\t\t\t\t<div class=\"elementor-container elementor-column-gap-default\">\n\t\t\t\t\t<div class=\"elementor-column elementor-col-100 elementor-top-column elementor-element elementor-element-110e693\" data-id=\"110e693\" data-element_type=\"column\">\n\t\t\t<div class=\"elementor-widget-wrap elementor-element-populated\">\n\t\t\t\t\t\t\t\t<div class=\"elementor-element elementor-element-af703d1 elementor-invisible elementor-widget elementor-widget-text-editor\" data-id=\"af703d1\" data-element_type=\"widget\" data-settings=\"{&quot;_animation&quot;:&quot;slideInRight&quot;}\" data-widget_type=\"text-editor.default\">\n\t\t\t\t<div class=\"elementor-widget-container\">\n\t\t\t\t\t\t\t<p>Realizujemy wszystkie kierunki, <br \/>zar\u00f3wno w Polsce jak i za granic\u0105!<\/p>\t\t\t\t\t\t<\/div>\n\t\t\t\t<\/div>\n\t\t\t\t\t<\/div>\n\t\t<\/div>\n\t\t\t\t\t\t\t<\/div>\n\t\t<\/section>\n\t\t\t\t\t\t\t<\/div>\n\t\t","protected":false},"excerpt":{"rendered":"<p>Wyjazdy zimoweOFERTA Wis\u0142a &#8211; Ustro\u0144 &#8211; Bielsko-Bia\u0142a Pieniny &#8211; Kro\u015bcienko nad Dunajcem W\u0142ochy &#8211; Trentino (Dolomity) Realizujemy wszystkie kierunki, zar\u00f3wno w Polsce jak i za granic\u0105!<\/p>\n","protected":false},"author":1,"featured_media":0,"parent":0,"menu_order":0,"comment_status":"closed","ping_status":"closed","template":"","meta":[],"_links":{"self":[{"href":"https:\/\/ancora.info.pl\/index.php?rest_route=\/wp\/v2\/pages\/917"}],"collection":[{"href":"https:\/\/ancora.info.pl\/index.php?rest_route=\/wp\/v2\/pages"}],"about":[{"href":"https:\/\/ancora.info.pl\/index.php?rest_route=\/wp\/v2\/types\/page"}],"author":[{"embeddable":true,"href":"https:\/\/ancora.info.pl\/index.php?rest_route=\/wp\/v2\/users\/1"}],"replies":[{"embeddable":true,"href":"https:\/\/ancora.info.pl\/index.php?rest_route=%2Fwp%2Fv2%2Fcomments&post=917"}],"version-history":[{"count":37,"href":"https:\/\/ancora.info.pl\/index.php?rest_route=\/wp\/v2\/pages\/917\/revisions"}],"predecessor-version":[{"id":1255,"href":"https:\/\/ancora.info.pl\/index.php?rest_route=\/wp\/v2\/pages\/917\/revisions\/1255"}],"wp:attachment":[{"href":"https:\/\/ancora.info.pl\/index.php?rest_route=%2Fwp%2Fv2%2Fmedia&parent=917"}],"curies":[{"name":"wp","href":"https:\/\/api.w.org\/{rel}","templated":true}]}}